{"id":2686,"date":"2022-09-21T10:22:26","date_gmt":"2022-09-21T07:22:26","guid":{"rendered":"http:\/\/timeksyalitim.com.tr\/home\/?post_type=product&#038;p=2686"},"modified":"2022-12-02T13:58:59","modified_gmt":"2022-12-02T10:58:59","slug":"izocam-izopan","status":"publish","type":"product","link":"https:\/\/timeksyalitim.com.tr\/home\/product\/izocam-izopan\/","title":{"rendered":"\u0130zocam \u0130zopan"},"content":{"rendered":"<p>Bir y\u00fcz\u00fc al\u00fcminyum folyo, bir y\u00fcz\u00fc sar\u0131 camt\u00fcl\u00fc kapl\u0131 sert camy\u00fcn\u00fc levha olan \u0130zopan, radyat\u00f6r, soba, f\u0131r\u0131n gibi \u00e7esitli \u0131s\u0131 kaynaklar\u0131n\u0131n arkas\u0131nda , \u0131s\u0131 tutucu ve yans\u0131t\u0131c\u0131 olarak kullan\u0131l\u0131r.<\/p>\n<p><strong>Uygulama<\/strong><\/p>\n<p>Uygulaman\u0131n yap\u0131labilmesi i\u00e7in radyat\u00f6r ile duvar aras\u0131ndaki mesafenin levha kal\u0131nl\u0131\u011f\u0131 olan 1,5 cm\u2019den k\u00fc\u00e7\u00fck olmamas\u0131 gerekir. Levhalar, radyat\u00f6r ile d\u0131\u015f duvar aras\u0131na, al\u00fcminyum folyolu y\u00fczeyi i\u00e7 hacme bakacak \u015fekilde yerle\u015ftirilerek kullan\u0131l\u0131r. Yandan duvara ankrajl\u0131 radyat\u00f6rlerde, ankraj mesafesi, levha \u00fczerinde i\u015faretlendikten sonra, maket b\u0131\u00e7a\u011f\u0131 ile bu noktalardan levha \u00fczerinde oyuklar a\u00e7\u0131l\u0131r. Levha, oyuklar ankraj demirlerine denk gelecek \u015fekilde, radyat\u00f6r arkas\u0131na yerle\u015ftirilir. D\u00f6\u015femeden mesnetli radyat\u00f6rlerde ise levhalar, do\u011frudan ve \u00fcstten radyat\u00f6r ile duvar aras\u0131na s\u00fcr\u00fclerek folyolu y\u00fcz\u00fc i\u00e7 hacme bakacak \u015fekilde duvara do\u011fru yaslan\u0131r. Is\u0131 \u0131\u015f\u0131n\u0131m\u0131n\u0131 yans\u0131tma \u00f6zelli\u011fi ile daha fazla \u0131s\u0131 tasarrufu sa\u011flar.<\/p>\n<p><strong>Uygulama Alanlar\u0131<\/strong><\/p>\n<ul>\n<li>Uygulaman\u0131n yap\u0131labilmesi i\u00e7in radyat\u00f6r ile duvar aras\u0131ndaki mesafenin levha kal\u0131nl\u0131\u011f\u0131 olan 1,5 cm\u2019den k\u00fc\u00e7\u00fck olmamas\u0131 gerekir<\/li>\n<li>Levhalar, radyat\u00f6r ile d\u0131\u015f duvar aras\u0131na, al\u00fcminyum folyolu y\u00fczeyi i\u00e7 hacme bakacak \u015fekilde yerle\u015ftirilerek kullan\u0131l\u0131r.<\/li>\n<li>Yandan duvara ankrajl\u0131 radyat\u00f6rlerde, ankraj mesafesi, levha \u00fczerinde i\u015faretlendikten sonra, maket b\u0131\u00e7a\u011f\u0131 ile bu noktalardan levha \u00fczerinde oyuklar a\u00e7\u0131l\u0131r.<\/li>\n<li>Levha, oyuklar ankraj demirlerine denk gelecek \u015fekilde, radyat\u00f6r arkas\u0131na yerle\u015ftirilir. D\u00f6\u015femeden mesnetli radyat\u00f6rlerde ise levhalar, do\u011frudan ve \u00fcstten radyat\u00f6r ile duvar aras\u0131na s\u00fcr\u00fclerek folyolu y\u00fcz\u00fc i\u00e7 hacme bakacak \u015fekilde duvara do\u011fru yaslan\u0131r.<\/li>\n<li>Is\u0131 \u0131\u015f\u0131n\u0131m\u0131n\u0131 yans\u0131tma \u00f6zelli\u011fi ile daha fazla \u0131s\u0131 tasarrufu sa\u011flar.<\/li>\n<\/ul>\n<p>[wpdm_package id=&#8217;2691&#8242;]<\/p>\n","protected":false},"excerpt":{"rendered":"<p>Bir y\u00fcz\u00fc al\u00fcminyum folyo, bir y\u00fcz\u00fc sar\u0131 camt\u00fcl\u00fc kapl\u0131 sert camy\u00fcn\u00fc levha olan \u0130zopan, radyat\u00f6r, soba, f\u0131r\u0131n gibi \u00e7esitli \u0131s\u0131 kaynaklar\u0131n\u0131n arkas\u0131nda , \u0131s\u0131 tutucu ve yans\u0131t\u0131c\u0131 olarak kullan\u0131l\u0131r.<\/p>\n","protected":false},"featured_media":2728,"comment_status":"open","ping_status":"closed","template":"","meta":[],"product_brand":[],"product_cat":[167],"product_tag":[181,180],"class_list":{"0":"post-2686","1":"product","2":"type-product","3":"status-publish","4":"has-post-thumbnail","6":"product_cat-levha-cam-yunu","7":"product_tag-isipan","8":"product_tag-izopan","10":"first","11":"instock","12":"featured","13":"taxable","14":"shipping-taxable","15":"product-type-simple"},"_links":{"self":[{"href":"https:\/\/timeksyalitim.com.tr\/home\/wp-json\/wp\/v2\/product\/2686","targetHints":{"allow":["GET"]}}],"collection":[{"href":"https:\/\/timeksyalitim.com.tr\/home\/wp-json\/wp\/v2\/product"}],"about":[{"href":"https:\/\/timeksyalitim.com.tr\/home\/wp-json\/wp\/v2\/types\/product"}],"replies":[{"embeddable":true,"href":"https:\/\/timeksyalitim.com.tr\/home\/wp-json\/wp\/v2\/comments?post=2686"}],"wp:featuredmedia":[{"embeddable":true,"href":"https:\/\/timeksyalitim.com.tr\/home\/wp-json\/wp\/v2\/media\/2728"}],"wp:attachment":[{"href":"https:\/\/timeksyalitim.com.tr\/home\/wp-json\/wp\/v2\/media?parent=2686"}],"wp:term":[{"taxonomy":"product_brand","embeddable":true,"href":"https:\/\/timeksyalitim.com.tr\/home\/wp-json\/wp\/v2\/product_brand?post=2686"},{"taxonomy":"product_cat","embeddable":true,"href":"https:\/\/timeksyalitim.com.tr\/home\/wp-json\/wp\/v2\/product_cat?post=2686"},{"taxonomy":"product_tag","embeddable":true,"href":"https:\/\/timeksyalitim.com.tr\/home\/wp-json\/wp\/v2\/product_tag?post=2686"}],"curies":[{"name":"wp","href":"https:\/\/api.w.org\/{rel}","templated":true}]}}