{"id":2734,"date":"2022-09-22T13:41:28","date_gmt":"2022-09-22T10:41:28","guid":{"rendered":"http:\/\/timeksyalitim.com.tr\/home\/?post_type=product&#038;p=2734"},"modified":"2022-11-18T16:20:48","modified_gmt":"2022-11-18T13:20:48","slug":"izocam-gemi-levhasi","status":"publish","type":"product","link":"https:\/\/timeksyalitim.com.tr\/home\/product\/izocam-gemi-levhasi\/","title":{"rendered":"\u0130zocam Gemi Levhas\u0131"},"content":{"rendered":"<p>Gemi ve deniz in\u015faat\u0131, koferdam duvarlar\u0131, yang\u0131n b\u00f6lmeleri, yang\u0131n kap\u0131lar\u0131\u00a0ve gemi i\u00e7 tesisat\u0131nda \u0131s\u0131,\u00a0<strong>ses yal\u0131t\u0131m\u0131<\/strong>\u00a0ve yang\u0131n g\u00fcvenli\u011fi amac\u0131yla kullan\u0131lan ta\u015fy\u00fcn\u00fc levhalard\u0131r.<\/p>\n<p><strong>Uygulama<\/strong><\/p>\n<p>Ta\u015fy\u00fcn\u00fc Gemi Levhalar\u0131n\u0131n yanmazl\u0131k \u00f6zelli\u011fi, \u00e7ok y\u00fcksek s\u0131cakl\u0131\u011fa sahip yerlerin \u0131s\u0131, ses ve yang\u0131n yal\u0131t\u0131m\u0131nda kullan\u0131lmas\u0131n\u0131 m\u00fcmk\u00fcn k\u0131lar. Levhalar, uygulanacak olan d\u00fczg\u00fcn y\u00fczeylere tespit pimleri ile tutturulduktan sonra bir sac kaplama ile \u00f6rt\u00fclebilece\u011fi gibi, y\u00fczey \u00fczerinde olu\u015fturulacak ta\u015f\u0131y\u0131c\u0131 \u00e7er\u00e7eve aras\u0131na yerle\u015ftirilerek de uygulanabilir. Marine Firebatts 45 (MF 45), Marine Firebatts 110 (MF 110), Marine Firebatts 140 (MF 140), Marine Slab 150 (MS150) olmak \u00fczere d\u00f6rt ayr\u0131 \u00f6zellikte \u00fcretim bulunmaktad\u0131r. MF 45 gemi i\u00e7 tesisat\u0131nda, MF 110 ve MF 140 bulkhead uygulamalar\u0131nda, MS 150 gemi y\u00fczer d\u00f6\u015feme uygulamalar\u0131nda kullan\u0131l\u0131r.<\/p>\n<p>[wpdm_package id=&#8217;2714&#8242;]<\/p>\n","protected":false},"excerpt":{"rendered":"<p>Gemi ve deniz in\u015faat\u0131, koferdam duvarlar\u0131, yang\u0131n b\u00f6lmeleri, yang\u0131n kap\u0131lar\u0131\u00a0ve gemi i\u00e7 tesisat\u0131nda \u0131s\u0131,\u00a0<strong>ses yal\u0131t\u0131m\u0131<\/strong>\u00a0ve yang\u0131n g\u00fcvenli\u011fi amac\u0131yla kullan\u0131lan ta\u015fy\u00fcn\u00fc levhalard\u0131r.<\/p>\n","protected":false},"featured_media":2735,"comment_status":"open","ping_status":"closed","template":"","meta":[],"product_brand":[],"product_cat":[234],"product_tag":[186],"class_list":{"0":"post-2734","1":"product","2":"type-product","3":"status-publish","4":"has-post-thumbnail","6":"product_cat-tasyunu-levha","7":"product_tag-gemi-levhasi","9":"first","10":"instock","11":"taxable","12":"shipping-taxable","13":"product-type-simple"},"_links":{"self":[{"href":"https:\/\/timeksyalitim.com.tr\/home\/wp-json\/wp\/v2\/product\/2734","targetHints":{"allow":["GET"]}}],"collection":[{"href":"https:\/\/timeksyalitim.com.tr\/home\/wp-json\/wp\/v2\/product"}],"about":[{"href":"https:\/\/timeksyalitim.com.tr\/home\/wp-json\/wp\/v2\/types\/product"}],"replies":[{"embeddable":true,"href":"https:\/\/timeksyalitim.com.tr\/home\/wp-json\/wp\/v2\/comments?post=2734"}],"wp:featuredmedia":[{"embeddable":true,"href":"https:\/\/timeksyalitim.com.tr\/home\/wp-json\/wp\/v2\/media\/2735"}],"wp:attachment":[{"href":"https:\/\/timeksyalitim.com.tr\/home\/wp-json\/wp\/v2\/media?parent=2734"}],"wp:term":[{"taxonomy":"product_brand","embeddable":true,"href":"https:\/\/timeksyalitim.com.tr\/home\/wp-json\/wp\/v2\/product_brand?post=2734"},{"taxonomy":"product_cat","embeddable":true,"href":"https:\/\/timeksyalitim.com.tr\/home\/wp-json\/wp\/v2\/product_cat?post=2734"},{"taxonomy":"product_tag","embeddable":true,"href":"https:\/\/timeksyalitim.com.tr\/home\/wp-json\/wp\/v2\/product_tag?post=2734"}],"curies":[{"name":"wp","href":"https:\/\/api.w.org\/{rel}","templated":true}]}}