{"id":2754,"date":"2022-09-22T17:29:34","date_gmt":"2022-09-22T14:29:34","guid":{"rendered":"http:\/\/timeksyalitim.com.tr\/home\/?post_type=product&#038;p=2754"},"modified":"2022-12-01T17:42:04","modified_gmt":"2022-12-01T14:42:04","slug":"izocamflex-boru","status":"publish","type":"product","link":"https:\/\/timeksyalitim.com.tr\/home\/product\/izocamflex-boru\/","title":{"rendered":"\u0130zocamflex Boru"},"content":{"rendered":"<p>\u0130klimlendirme, \u0131s\u0131tma ve so\u011futma sistemlerinde kullan\u0131lmak \u00fczere \u00fcretilen, elastomerik kau\u00e7uk esasl\u0131, kapal\u0131 g\u00f6zenekli d\u00fczg\u00fcn h\u00fccre yap\u0131s\u0131na sahip boru \u015feklinde yal\u0131t\u0131m malzemesidir.<\/p>\n<p><strong>Uygulama<\/strong><\/p>\n<p>Is\u0131tma, so\u011futma, havaland\u0131rma ve iklimlendirme sistemlerinde boru hatlar\u0131n\u0131n d\u0131\u015f y\u00fczeylerinde \u0131s\u0131 yal\u0131t\u0131m\u0131 ve yo\u011fu\u015fma kontrol\u00fc amac\u0131yla uygulan\u0131r. Yal\u0131t\u0131m yap\u0131lacak boru ile kau\u00e7uk i\u00e7 y\u00fczeyi tam oturmal\u0131, arada bo\u015fluk kalmamal\u0131d\u0131r. Ek yerleri s\u0131zd\u0131rmazl\u0131\u011f\u0131 sa\u011flayacak \u015fekilde yap\u0131\u015ft\u0131r\u0131lmal\u0131d\u0131r. Uygulama delinmeye ve y\u0131rt\u0131lmaya kar\u015f\u0131 korunmal\u0131d\u0131r. G\u00fcne\u015f \u0131\u015f\u0131\u011f\u0131na maruz uygulamalarda, UV etkisine kar\u015f\u0131 mutlaka koruyucu ceket veya koruyucu boya kullan\u0131lmal\u0131d\u0131r. A\u00e7\u0131k hava uygulamalar\u0131n\u0131n 5 g\u00fcn i\u00e7erisinde kaplanmas\u0131 gerekmektedir.<\/p>\n<p><strong>Uygulama Alanlar\u0131<\/strong><\/p>\n<ul>\n<li>Is\u0131tma, so\u011futma, havaland\u0131rma ve iklimlendirme sistemlerinde boru hatlar\u0131n\u0131n d\u0131\u015f y\u00fczeylerinde \u0131s\u0131 yal\u0131t\u0131m\u0131 ve yo\u011fu\u015fma kontrol\u00fc amac\u0131yla uygulan\u0131r.<\/li>\n<li>Yal\u0131t\u0131m yap\u0131lacak boru ile kau\u00e7uk i\u00e7 y\u00fczeyi tam oturmal\u0131, arada bo\u015fluk kalmamal\u0131d\u0131r. Ek yerleri s\u0131zd\u0131rmazl\u0131\u011f\u0131 sa\u011flayacak \u015fekilde yap\u0131\u015ft\u0131r\u0131lmal\u0131d\u0131r<\/li>\n<li>Uygulama delinmeye ve y\u0131rt\u0131lmaya kar\u015f\u0131 korunmal\u0131d\u0131r. G\u00fcne\u015f \u0131\u015f\u0131\u011f\u0131na maruz uygulamalarda, UV etkisine kar\u015f\u0131 mutlaka koruyucu ceket veya koruyucu boya kullan\u0131lmal\u0131d\u0131r.<\/li>\n<li>A\u00e7\u0131k hava uygulamalar\u0131n\u0131n 5 g\u00fcn i\u00e7erisinde kaplanmas\u0131 gerekmektedir.<\/li>\n<\/ul>\n<p>[wpdm_package id=&#8217;2746&#8242;]<\/p>\n","protected":false},"excerpt":{"rendered":"<p>\u0130klimlendirme, \u0131s\u0131tma ve so\u011futma sistemlerinde kullan\u0131lmak \u00fczere \u00fcretilen, elastomerik kau\u00e7uk esasl\u0131, kapal\u0131 g\u00f6zenekli d\u00fczg\u00fcn h\u00fccre yap\u0131s\u0131na sahip boru \u015feklinde yal\u0131t\u0131m malzemesidir.<\/p>\n","protected":false},"featured_media":2751,"comment_status":"open","ping_status":"closed","template":"","meta":[],"product_brand":[],"product_cat":[172],"product_tag":[195],"class_list":{"0":"post-2754","1":"product","2":"type-product","3":"status-publish","4":"has-post-thumbnail","6":"product_cat-boru-kaucuk","7":"product_tag-izocamflex-boru","9":"first","10":"instock","11":"taxable","12":"shipping-taxable","13":"product-type-simple"},"_links":{"self":[{"href":"https:\/\/timeksyalitim.com.tr\/home\/wp-json\/wp\/v2\/product\/2754","targetHints":{"allow":["GET"]}}],"collection":[{"href":"https:\/\/timeksyalitim.com.tr\/home\/wp-json\/wp\/v2\/product"}],"about":[{"href":"https:\/\/timeksyalitim.com.tr\/home\/wp-json\/wp\/v2\/types\/product"}],"replies":[{"embeddable":true,"href":"https:\/\/timeksyalitim.com.tr\/home\/wp-json\/wp\/v2\/comments?post=2754"}],"wp:featuredmedia":[{"embeddable":true,"href":"https:\/\/timeksyalitim.com.tr\/home\/wp-json\/wp\/v2\/media\/2751"}],"wp:attachment":[{"href":"https:\/\/timeksyalitim.com.tr\/home\/wp-json\/wp\/v2\/media?parent=2754"}],"wp:term":[{"taxonomy":"product_brand","embeddable":true,"href":"https:\/\/timeksyalitim.com.tr\/home\/wp-json\/wp\/v2\/product_brand?post=2754"},{"taxonomy":"product_cat","embeddable":true,"href":"https:\/\/timeksyalitim.com.tr\/home\/wp-json\/wp\/v2\/product_cat?post=2754"},{"taxonomy":"product_tag","embeddable":true,"href":"https:\/\/timeksyalitim.com.tr\/home\/wp-json\/wp\/v2\/product_tag?post=2754"}],"curies":[{"name":"wp","href":"https:\/\/api.w.org\/{rel}","templated":true}]}}