{"id":2765,"date":"2022-09-23T10:43:00","date_gmt":"2022-09-23T07:43:00","guid":{"rendered":"http:\/\/timeksyalitim.com.tr\/home\/?post_type=product&#038;p=2765"},"modified":"2022-09-23T11:21:07","modified_gmt":"2022-09-23T08:21:07","slug":"izocam-foamboard-2000d-2500d-3000d-3500d","status":"publish","type":"product","link":"https:\/\/timeksyalitim.com.tr\/home\/product\/izocam-foamboard-2000d-2500d-3000d-3500d\/","title":{"rendered":"\u0130zocam Foamboard 2000D &#8211; 2500D &#8211; 3000D &#8211; 3500D"},"content":{"rendered":"<p>\u0130klimlendirme, \u0131s\u0131tma ve so\u011futma sistemlerinde kullan\u0131lmak \u00fczere \u00fcretilen, elastomerik kau\u00e7uk esasl\u0131, kapal\u0131 g\u00f6zenekli d\u00fczg\u00fcn h\u00fccre yap\u0131s\u0131na sahip boru \u015feklinde yal\u0131t\u0131m malzemesidir.<\/p>\n<p><strong>Uygulama Alanlar\u0131<\/strong><\/p>\n<ul>\n<li>Toprakalt\u0131 d\u0131\u015f duvar \u0131s\u0131 yal\u0131t\u0131m\u0131nda Foamboard levhalar su yal\u0131t\u0131m \u00f6rt\u00fcleri ile birlikte kullan\u0131lmaktad\u0131r<\/li>\n<li>Toprakalt\u0131 d\u0131\u015f duvarlarda, y\u00fczey d\u00fczeltmesi i\u00e7in s\u0131va yap\u0131l\u0131p su yal\u0131t\u0131m\u0131 uyguland\u0131ktan sonra, Foamboard levhalar serbest olarak, su yal\u0131t\u0131m\u0131 \u00fczerine yerle\u015ftirilir<\/li>\n<li>Su yal\u0131t\u0131m\u0131 PVC membran ile yap\u0131lmas\u0131 durumunda Foamboard \u0131s\u0131 yal\u0131t\u0131m levhalar\u0131 kullan\u0131lmadan \u00f6nce araya ay\u0131r\u0131c\u0131 katman geotekstil ke\u00e7e kullan\u0131lmal\u0131d\u0131r.<\/li>\n<li>i\u015flem, bask\u0131 duvar\u0131 ve toprak dolgu ile beraber y\u00fcr\u00fct\u00fcld\u00fc\u011f\u00fc takdirde, levhalar\u0131 yap\u0131\u015ft\u0131rmaya gerek yoktur.<\/li>\n<li>Bah\u00e7e teras \u00e7at\u0131larda, \u00e7ak\u0131l dahil katmanlar y\u00fcr\u00fcnmeyen teras \u00e7at\u0131larda oldu\u011fu gibi uygulan\u0131r. \u00c7ak\u0131l\u2019\u0131n \u00fczerine filtre eleman\u0131 ve bitki topra\u011f\u0131 serilerek uygulama tamamlan\u0131r.<\/li>\n<\/ul>\n<p>[wpdm_package id=&#8217;2755&#8242;]<\/p>\n","protected":false},"excerpt":{"rendered":"<p>Foamboard 2000 D &#8211; 2500 D, y\u00fczeyi d\u00fcz ekstr\u00fcde polistiren levha olup ters teras \u00e7at\u0131 uygulamalar\u0131nda su yal\u0131t\u0131m membran\u0131n \u00fczerinde \u0131s\u0131 yal\u0131t\u0131m amac\u0131yla kullan\u0131l\u0131r.<\/p>\n","protected":false},"featured_media":2767,"comment_status":"open","ping_status":"closed","template":"","meta":[],"product_brand":[],"product_cat":[170],"product_tag":[196],"class_list":{"0":"post-2765","1":"product","2":"type-product","3":"status-publish","4":"has-post-thumbnail","6":"product_cat-levha-xps","7":"product_tag-foamboard-2000d-2500d-3000d-3500d","9":"first","10":"instock","11":"taxable","12":"shipping-taxable","13":"product-type-simple"},"_links":{"self":[{"href":"https:\/\/timeksyalitim.com.tr\/home\/wp-json\/wp\/v2\/product\/2765","targetHints":{"allow":["GET"]}}],"collection":[{"href":"https:\/\/timeksyalitim.com.tr\/home\/wp-json\/wp\/v2\/product"}],"about":[{"href":"https:\/\/timeksyalitim.com.tr\/home\/wp-json\/wp\/v2\/types\/product"}],"replies":[{"embeddable":true,"href":"https:\/\/timeksyalitim.com.tr\/home\/wp-json\/wp\/v2\/comments?post=2765"}],"wp:featuredmedia":[{"embeddable":true,"href":"https:\/\/timeksyalitim.com.tr\/home\/wp-json\/wp\/v2\/media\/2767"}],"wp:attachment":[{"href":"https:\/\/timeksyalitim.com.tr\/home\/wp-json\/wp\/v2\/media?parent=2765"}],"wp:term":[{"taxonomy":"product_brand","embeddable":true,"href":"https:\/\/timeksyalitim.com.tr\/home\/wp-json\/wp\/v2\/product_brand?post=2765"},{"taxonomy":"product_cat","embeddable":true,"href":"https:\/\/timeksyalitim.com.tr\/home\/wp-json\/wp\/v2\/product_cat?post=2765"},{"taxonomy":"product_tag","embeddable":true,"href":"https:\/\/timeksyalitim.com.tr\/home\/wp-json\/wp\/v2\/product_tag?post=2765"}],"curies":[{"name":"wp","href":"https:\/\/api.w.org\/{rel}","templated":true}]}}