{"id":2769,"date":"2022-09-23T10:56:23","date_gmt":"2022-09-23T07:56:23","guid":{"rendered":"http:\/\/timeksyalitim.com.tr\/home\/?post_type=product&#038;p=2769"},"modified":"2022-12-02T13:58:44","modified_gmt":"2022-12-02T10:58:44","slug":"izocam-foamboard-1500","status":"publish","type":"product","link":"https:\/\/timeksyalitim.com.tr\/home\/product\/izocam-foamboard-1500\/","title":{"rendered":"\u0130zocam Foamboard 1500"},"content":{"rendered":"<p>\u00c7at\u0131\u00a0aras\u0131\u00a0kullan\u0131lan e\u011fimli \u00e7at\u0131lar\u0131n \u0131s\u0131\u00a0yal\u0131t\u0131m\u0131nda kullan\u0131lan, y\u00fczeyi d\u00fcz ekstr\u00fcde polistiren levhalard\u0131r.<\/p>\n<p><strong>Uygulama<\/strong><\/p>\n<p>Foamboard 1500 D \u0131s\u0131 yal\u0131t\u0131m levhalar\u0131, merteklerin \u00fczerine uygulan\u0131r. \u00c7at\u0131 tahtas\u0131 kullan\u0131lmadan yap\u0131lan bu uygulamada, her t\u00fcrl\u00fc \u00e7at\u0131 kaplamas\u0131 kullan\u0131labilir. Kullan\u0131lacak \u0131s\u0131 yal\u0131t\u0131m levhas\u0131 ile ayn\u0131 kal\u0131nl\u0131kta olmak \u00fczere, biti\u015f \u00e7\u0131tas\u0131 sa\u00e7ak boyunca mertek u\u00e7lar\u0131na \u00e7ivi veya vida ile tespit edilir. Foamboard levhalar, biti\u015f \u00e7\u0131tas\u0131ndan ba\u015flamak \u00fczere mahyaya do\u011fru merteklerin \u00fczerine, merteklere dik y\u00f6nde yerle\u015ftirilir. Levhalar\u0131n kenar binilerinin tam intibak etmesine \u00f6zen g\u00f6sterilmelidir. Bask\u0131 \u00e7\u0131talar\u0131, merteklerin \u00fczerine gelecek \u015fekilde Foamboard levhalar\u0131n \u00fczerinden \u00e7ak\u0131l\u0131r. Su buhar\u0131 ge\u00e7irgen bir su yal\u0131t\u0131m \u00f6rt\u00fcs\u00fc, sa\u00e7ak seviyesinden mahyaya do\u011fru birbiri \u00fczerine bindirilerek d\u00f6\u015fenir. Bask\u0131 \u00e7\u0131talar\u0131na dik y\u00f6nde at\u0131lan kiremit tespit \u00e7\u0131talar\u0131 bask\u0131 \u00e7\u0131talar\u0131n\u0131n \u00fczerine \u00e7ivilenir. Kiremit tespit \u00e7\u0131talar\u0131n\u0131n \u00fczerine kiremitler tutturularak uygulama tamamlan\u0131r.<\/p>\n<p><strong>Uygulama Alanlar\u0131<\/strong><\/p>\n<ul>\n<li>Foamboard 1500 D \u0131s\u0131 yal\u0131t\u0131m levhalar\u0131, merteklerin \u00fczerine uygulan\u0131r.<\/li>\n<li>\u00c7at\u0131 tahtas\u0131 kullan\u0131lmadan yap\u0131lan bu uygulamada, her t\u00fcrl\u00fc \u00e7at\u0131 kaplamas\u0131 kullan\u0131labilir.<\/li>\n<li>Kullan\u0131lacak \u0131s\u0131 yal\u0131t\u0131m levhas\u0131 ile ayn\u0131 kal\u0131nl\u0131kta olmak \u00fczere, biti\u015f \u00e7\u0131tas\u0131 sa\u00e7ak boyunca mertek u\u00e7lar\u0131na \u00e7ivi veya vida ile tespit edilir<\/li>\n<li>Foamboard levhalar, biti\u015f \u00e7\u0131tas\u0131ndan ba\u015flamak \u00fczere mahyaya do\u011fru merteklerin \u00fczerine, merteklere dik y\u00f6nde yerle\u015ftirilir.<\/li>\n<li>Levhalar\u0131n kenar binilerinin tam intibak etmesine \u00f6zen g\u00f6sterilmelidir<\/li>\n<li>Bask\u0131 \u00e7\u0131talar\u0131, merteklerin \u00fczerine gelecek \u015fekilde Foamboard levhalar\u0131n \u00fczerinden \u00e7ak\u0131l\u0131r. Su buhar\u0131 ge\u00e7irgen bir su yal\u0131t\u0131m \u00f6rt\u00fcs\u00fc, sa\u00e7ak seviyesinden mahyaya do\u011fru birbiri \u00fczerine bindirilerek d\u00f6\u015fe<\/li>\n<li>Bask\u0131 \u00e7\u0131talar\u0131na dik y\u00f6nde at\u0131lan kiremit tespit \u00e7\u0131talar\u0131 bask\u0131 \u00e7\u0131talar\u0131n\u0131n \u00fczerine \u00e7ivilenir.<\/li>\n<li>Kiremit tespit \u00e7\u0131talar\u0131n\u0131n \u00fczerine kiremitler tutturularak uygulama tamamlan\u0131r.<\/li>\n<\/ul>\n<p>[wpdm_package id=&#8217;2757&#8242;]<\/p>\n","protected":false},"excerpt":{"rendered":"<p>\u00c7at\u0131\u00a0aras\u0131\u00a0kullan\u0131lan e\u011fimli \u00e7at\u0131lar\u0131n \u0131s\u0131\u00a0yal\u0131t\u0131m\u0131nda kullan\u0131lan, y\u00fczeyi d\u00fcz ekstr\u00fcde polistiren levhalard\u0131r.<\/p>\n","protected":false},"featured_media":2767,"comment_status":"open","ping_status":"closed","template":"","meta":[],"product_brand":[],"product_cat":[170],"product_tag":[197],"class_list":{"0":"post-2769","1":"product","2":"type-product","3":"status-publish","4":"has-post-thumbnail","6":"product_cat-levha-xps","7":"product_tag-foamboard-1500","9":"first","10":"instock","11":"featured","12":"taxable","13":"shipping-taxable","14":"product-type-simple"},"_links":{"self":[{"href":"https:\/\/timeksyalitim.com.tr\/home\/wp-json\/wp\/v2\/product\/2769","targetHints":{"allow":["GET"]}}],"collection":[{"href":"https:\/\/timeksyalitim.com.tr\/home\/wp-json\/wp\/v2\/product"}],"about":[{"href":"https:\/\/timeksyalitim.com.tr\/home\/wp-json\/wp\/v2\/types\/product"}],"replies":[{"embeddable":true,"href":"https:\/\/timeksyalitim.com.tr\/home\/wp-json\/wp\/v2\/comments?post=2769"}],"wp:featuredmedia":[{"embeddable":true,"href":"https:\/\/timeksyalitim.com.tr\/home\/wp-json\/wp\/v2\/media\/2767"}],"wp:attachment":[{"href":"https:\/\/timeksyalitim.com.tr\/home\/wp-json\/wp\/v2\/media?parent=2769"}],"wp:term":[{"taxonomy":"product_brand","embeddable":true,"href":"https:\/\/timeksyalitim.com.tr\/home\/wp-json\/wp\/v2\/product_brand?post=2769"},{"taxonomy":"product_cat","embeddable":true,"href":"https:\/\/timeksyalitim.com.tr\/home\/wp-json\/wp\/v2\/product_cat?post=2769"},{"taxonomy":"product_tag","embeddable":true,"href":"https:\/\/timeksyalitim.com.tr\/home\/wp-json\/wp\/v2\/product_tag?post=2769"}],"curies":[{"name":"wp","href":"https:\/\/api.w.org\/{rel}","templated":true}]}}