{"id":2771,"date":"2022-09-23T11:30:21","date_gmt":"2022-09-23T08:30:21","guid":{"rendered":"http:\/\/timeksyalitim.com.tr\/home\/?post_type=product&#038;p=2771"},"modified":"2022-09-23T11:32:33","modified_gmt":"2022-09-23T08:32:33","slug":"izocam-foamboard-1500-p","status":"publish","type":"product","link":"https:\/\/timeksyalitim.com.tr\/home\/product\/izocam-foamboard-1500-p\/","title":{"rendered":"\u0130zocam Foamboard 1500 P"},"content":{"rendered":"<p>Foamboard \u0131s\u0131 yal\u0131t\u0131m levhalar\u0131, y\u00fcksek \u0131s\u0131 yal\u0131t\u0131m \u00f6zelli\u011fi ve buhar dif\u00fczyon direnci sayesinde d\u0131\u015f duvarlar\u0131n i\u00e7ten yal\u0131t\u0131m\u0131 i\u00e7in kullan\u0131labilen y\u00fczeyi p\u00fcr\u00fczl\u00fc ekstrude polistiren levhalard\u0131r.<\/p>\n<p><strong>Uygulama Alanlar\u0131<\/strong><\/p>\n<ul>\n<li>D\u0131\u015f duvarlar\u0131n i\u00e7ten yal\u0131t\u0131m\u0131nda, s\u0131val\u0131 ve kuru s\u0131va olmak \u00fczere iki farkl\u0131 sistem kullan\u0131lmaktad\u0131r. S\u0131val\u0131 sistemlerde Foamboard levhalar, \u00e7imento bazl\u0131 yap\u0131\u015ft\u0131rma harc\u0131 ile i\u00e7 duvar y\u00fczeyine ek yerleri tam intibak edecek \u015fekilde yap\u0131\u015ft\u0131r\u0131l\u0131r.<\/li>\n<li>Ek yerine fire band\u0131 yap\u0131\u015ft\u0131r\u0131ld\u0131ktan sonra al\u00e7\u0131 s\u0131va yap\u0131larak uygulama tamamlan\u0131r. Kuru s\u0131va sisteminde, bir y\u00fcz\u00fc 1,25 cm kal\u0131nl\u0131kta al\u00e7\u0131 plaka kapl\u0131 Foamboard levhalar, \u00e7imento bazl\u0131 yap\u0131\u015ft\u0131rma harc\u0131 ile duvara yap\u0131\u015ft\u0131r\u0131l\u0131r. Yap\u0131\u015ft\u0131rma \u00f6ncesinde duvar y\u00fczeyi p\u00fcr\u00fczlerden ar\u0131nd\u0131r\u0131lmal\u0131d\u0131r.<\/li>\n<li>Yap\u0131\u015ft\u0131rma harc\u0131 levhalar\u0131n kenar\u0131na, ortas\u0131na, cephedeki a\u00e7\u0131kl\u0131klar\u0131n \u00e7evresi boyunca, tavan ve d\u00f6\u015feme birle\u015fimlerinde kesintisiz olmal\u0131d\u0131r.<\/li>\n<li>Levhalar yap\u0131\u015ft\u0131r\u0131ld\u0131ktan sonra standart al\u00e7\u0131 plaka birle\u015fim ve biti\u015f teknikleri ile uygulama tamamlan\u0131r.<\/li>\n<li>D\u0131\u015f duvarlar\u0131n i\u00e7ten yal\u0131t\u0131m\u0131nda, d\u00f6\u015femelerin, kolon, kiri\u015f ve perdelerin d\u0131\u015f duvara ba\u011fland\u0131\u011f\u0131 k\u0131s\u0131mlarda meydana gelen \u0131s\u0131 k\u00f6pr\u00fclerini ortadan kald\u0131racak \u00f6nlemler al\u0131nmal\u0131d\u0131r.<\/li>\n<\/ul>\n<p>[wpdm_package id=&#8217;2764&#8242;]<\/p>\n","protected":false},"excerpt":{"rendered":"<p>Foamboard \u0131s\u0131 yal\u0131t\u0131m levhalar\u0131, y\u00fcksek \u0131s\u0131 yal\u0131t\u0131m \u00f6zelli\u011fi ve buhar dif\u00fczyon direnci sayesinde d\u0131\u015f duvarlar\u0131n i\u00e7ten yal\u0131t\u0131m\u0131 i\u00e7in kullan\u0131labilen y\u00fczeyi p\u00fcr\u00fczl\u00fc ekstrude polistiren levhalard\u0131r.<\/p>\n","protected":false},"featured_media":2767,"comment_status":"open","ping_status":"closed","template":"","meta":[],"product_brand":[],"product_cat":[170],"product_tag":[199],"class_list":{"0":"post-2771","1":"product","2":"type-product","3":"status-publish","4":"has-post-thumbnail","6":"product_cat-levha-xps","7":"product_tag-foamboard-1500-p","9":"first","10":"instock","11":"taxable","12":"shipping-taxable","13":"product-type-simple"},"_links":{"self":[{"href":"https:\/\/timeksyalitim.com.tr\/home\/wp-json\/wp\/v2\/product\/2771","targetHints":{"allow":["GET"]}}],"collection":[{"href":"https:\/\/timeksyalitim.com.tr\/home\/wp-json\/wp\/v2\/product"}],"about":[{"href":"https:\/\/timeksyalitim.com.tr\/home\/wp-json\/wp\/v2\/types\/product"}],"replies":[{"embeddable":true,"href":"https:\/\/timeksyalitim.com.tr\/home\/wp-json\/wp\/v2\/comments?post=2771"}],"wp:featuredmedia":[{"embeddable":true,"href":"https:\/\/timeksyalitim.com.tr\/home\/wp-json\/wp\/v2\/media\/2767"}],"wp:attachment":[{"href":"https:\/\/timeksyalitim.com.tr\/home\/wp-json\/wp\/v2\/media?parent=2771"}],"wp:term":[{"taxonomy":"product_brand","embeddable":true,"href":"https:\/\/timeksyalitim.com.tr\/home\/wp-json\/wp\/v2\/product_brand?post=2771"},{"taxonomy":"product_cat","embeddable":true,"href":"https:\/\/timeksyalitim.com.tr\/home\/wp-json\/wp\/v2\/product_cat?post=2771"},{"taxonomy":"product_tag","embeddable":true,"href":"https:\/\/timeksyalitim.com.tr\/home\/wp-json\/wp\/v2\/product_tag?post=2771"}],"curies":[{"name":"wp","href":"https:\/\/api.w.org\/{rel}","templated":true}]}}