{"id":2776,"date":"2022-09-23T12:52:39","date_gmt":"2022-09-23T09:52:39","guid":{"rendered":"http:\/\/timeksyalitim.com.tr\/home\/?post_type=product&#038;p=2776"},"modified":"2022-09-23T12:55:09","modified_gmt":"2022-09-23T09:55:09","slug":"izocam-foamboard-parke-alti","status":"publish","type":"product","link":"https:\/\/timeksyalitim.com.tr\/home\/product\/izocam-foamboard-parke-alti\/","title":{"rendered":"\u0130zocam Foamboard Parke Alt\u0131"},"content":{"rendered":"<p>Y\u00fczeyi d\u00fcz ekstr\u00fcde polistiren levha olup parke altlar\u0131nda y\u00fczey d\u00fczle\u015ftirmek amac\u0131yla kullan\u0131l\u0131r.<\/p>\n<p><strong>Uygulama Alanlar\u0131<\/strong><\/p>\n<ul>\n<li>Levhalar parke yapilacak zemine d\u00fczg\u00fcn bir sekilde yerlestirilir. Zeminde \u00e7ok b\u00fcy\u00fck dalgalanmalar varsa bu b\u00f6lgelerde iki kat uygulama yapilabilir.<\/li>\n<li>\u0130ki katla giderilmeyecek kadar fazla dalgalanma varsa zemin tekrar teraziye al\u0131nmal\u0131d\u0131r.<\/li>\n<\/ul>\n<p>[wpdm_package id=&#8217;2762&#8242;]<\/p>\n","protected":false},"excerpt":{"rendered":"<p>Y\u00fczeyi d\u00fcz ekstr\u00fcde polistiren levha olup parke altlar\u0131nda y\u00fczey d\u00fczle\u015ftirmek amac\u0131yla kullan\u0131l\u0131r.<\/p>\n","protected":false},"featured_media":2777,"comment_status":"open","ping_status":"closed","template":"","meta":[],"product_brand":[],"product_cat":[170],"product_tag":[200],"class_list":{"0":"post-2776","1":"product","2":"type-product","3":"status-publish","4":"has-post-thumbnail","6":"product_cat-levha-xps","7":"product_tag-foamboard-parke-alti","9":"first","10":"instock","11":"taxable","12":"shipping-taxable","13":"product-type-simple"},"_links":{"self":[{"href":"https:\/\/timeksyalitim.com.tr\/home\/wp-json\/wp\/v2\/product\/2776","targetHints":{"allow":["GET"]}}],"collection":[{"href":"https:\/\/timeksyalitim.com.tr\/home\/wp-json\/wp\/v2\/product"}],"about":[{"href":"https:\/\/timeksyalitim.com.tr\/home\/wp-json\/wp\/v2\/types\/product"}],"replies":[{"embeddable":true,"href":"https:\/\/timeksyalitim.com.tr\/home\/wp-json\/wp\/v2\/comments?post=2776"}],"wp:featuredmedia":[{"embeddable":true,"href":"https:\/\/timeksyalitim.com.tr\/home\/wp-json\/wp\/v2\/media\/2777"}],"wp:attachment":[{"href":"https:\/\/timeksyalitim.com.tr\/home\/wp-json\/wp\/v2\/media?parent=2776"}],"wp:term":[{"taxonomy":"product_brand","embeddable":true,"href":"https:\/\/timeksyalitim.com.tr\/home\/wp-json\/wp\/v2\/product_brand?post=2776"},{"taxonomy":"product_cat","embeddable":true,"href":"https:\/\/timeksyalitim.com.tr\/home\/wp-json\/wp\/v2\/product_cat?post=2776"},{"taxonomy":"product_tag","embeddable":true,"href":"https:\/\/timeksyalitim.com.tr\/home\/wp-json\/wp\/v2\/product_tag?post=2776"}],"curies":[{"name":"wp","href":"https:\/\/api.w.org\/{rel}","templated":true}]}}