{"id":2779,"date":"2022-09-23T12:56:20","date_gmt":"2022-09-23T09:56:20","guid":{"rendered":"http:\/\/timeksyalitim.com.tr\/home\/?post_type=product&#038;p=2779"},"modified":"2022-11-09T15:36:14","modified_gmt":"2022-11-09T12:36:14","slug":"izocam-foamboard-frigo","status":"publish","type":"product","link":"https:\/\/timeksyalitim.com.tr\/home\/product\/izocam-foamboard-frigo\/","title":{"rendered":"\u0130zocam Foamboard Frigo"},"content":{"rendered":"<p>Frigorifik ama\u00e7l\u0131 veya kuru y\u00fck ta\u015f\u0131yan ara\u00e7 karoser panellerinin \u0131s\u0131 yal\u0131t\u0131m\u0131 amac\u0131yla kullan\u0131lan \u00f6zel ekstr\u00fcde polistiren levhad\u0131r.<\/p>\n<p><strong>Uygulama Alanlar\u0131<\/strong><\/p>\n<ul>\n<li>Is\u0131 de\u011fi\u015fimine duyarl\u0131 g\u0131da, ila\u00e7, kimyasal madde vb \u00fcr\u00fcnlerin nakliyesi i\u00e7in \u00f6zel tasarlanm\u0131\u015f ara\u00e7larda \u0131s\u0131 yal\u0131t\u0131m\u0131 sa\u011flamak amac\u0131yla ara\u00e7 kasas\u0131 i\u00e7ine uygulan\u0131r.<\/li>\n<li>M\u00fc\u015fteri ihtiyac\u0131na g\u00f6re farkl\u0131 teknik \u00f6zelliklerde \u00fcretim imkan\u0131 bulunmaktad\u0131r<\/li>\n<\/ul>\n<p>[wpdm_package id=&#8217;2763&#8242;]<\/p>\n","protected":false},"excerpt":{"rendered":"<p>Frigorifik ama\u00e7l\u0131 veya kuru y\u00fck ta\u015f\u0131yan ara\u00e7 karoser panellerinin \u0131s\u0131 yal\u0131t\u0131m\u0131 amac\u0131yla kullan\u0131lan \u00f6zel ekstr\u00fcde polistiren levhad\u0131r.<\/p>\n","protected":false},"featured_media":2767,"comment_status":"open","ping_status":"closed","template":"","meta":[],"product_brand":[],"product_cat":[170],"product_tag":[201],"class_list":{"0":"post-2779","1":"product","2":"type-product","3":"status-publish","4":"has-post-thumbnail","6":"product_cat-levha-xps","7":"product_tag-foamboard-frigo","9":"first","10":"instock","11":"taxable","12":"shipping-taxable","13":"product-type-simple"},"_links":{"self":[{"href":"https:\/\/timeksyalitim.com.tr\/home\/wp-json\/wp\/v2\/product\/2779","targetHints":{"allow":["GET"]}}],"collection":[{"href":"https:\/\/timeksyalitim.com.tr\/home\/wp-json\/wp\/v2\/product"}],"about":[{"href":"https:\/\/timeksyalitim.com.tr\/home\/wp-json\/wp\/v2\/types\/product"}],"replies":[{"embeddable":true,"href":"https:\/\/timeksyalitim.com.tr\/home\/wp-json\/wp\/v2\/comments?post=2779"}],"wp:featuredmedia":[{"embeddable":true,"href":"https:\/\/timeksyalitim.com.tr\/home\/wp-json\/wp\/v2\/media\/2767"}],"wp:attachment":[{"href":"https:\/\/timeksyalitim.com.tr\/home\/wp-json\/wp\/v2\/media?parent=2779"}],"wp:term":[{"taxonomy":"product_brand","embeddable":true,"href":"https:\/\/timeksyalitim.com.tr\/home\/wp-json\/wp\/v2\/product_brand?post=2779"},{"taxonomy":"product_cat","embeddable":true,"href":"https:\/\/timeksyalitim.com.tr\/home\/wp-json\/wp\/v2\/product_cat?post=2779"},{"taxonomy":"product_tag","embeddable":true,"href":"https:\/\/timeksyalitim.com.tr\/home\/wp-json\/wp\/v2\/product_tag?post=2779"}],"curies":[{"name":"wp","href":"https:\/\/api.w.org\/{rel}","templated":true}]}}