{"id":2963,"date":"2022-11-15T10:05:24","date_gmt":"2022-11-15T07:05:24","guid":{"rendered":"http:\/\/timeksyalitim.com.tr\/home\/?post_type=product&#038;p=2963"},"modified":"2022-12-02T13:58:33","modified_gmt":"2022-12-02T10:58:33","slug":"ode-r-flex-kaucuk-levha","status":"publish","type":"product","link":"https:\/\/timeksyalitim.com.tr\/home\/product\/ode-r-flex-kaucuk-levha\/","title":{"rendered":"ODE R-Flex Kau\u00e7uk Levha"},"content":{"rendered":"<p>ODE R-FLEX Levha; DIAMOND, PRM ,STD olarak 3 ayr\u0131 grupta ve farkl\u0131 tip kaplamalar ile \u00fcretilebilmektedir.<\/p>\n<p>R-FLEX DIAMOND \u00b5 \u2265 11000, R-FLEX PRM Levha\u00a0\u00b5 \u2265 7000, STD Levha\u00a0\u00b5 \u2265 5000 su buhar\u0131 dif\u00fczyon diren\u00e7 katsay\u0131s\u0131na sahiptir.<\/p>\n<p>6-60 mm kal\u0131nl\u0131k aral\u0131\u011f\u0131nda \u00fcretilebilmektedir.<\/p>\n<p><strong>\u00d6ZELL\u0130KLER:<\/strong><\/p>\n<ul>\n<li>Tesisatta, so\u011fuk hatlar\u0131n ve so\u011futma sistemlerinin \u0131s\u0131 yal\u0131t\u0131m\u0131nda kullan\u0131lan elastomerik kau\u00e7uk k\u00f6p\u00fc\u011f\u00fcd\u00fcr.<\/li>\n<li>Is\u0131tma, so\u011futma tesisat\u0131, havaland\u0131rma sistemlerinde ideal \u00e7\u00f6z\u00fcmler sunar.<\/li>\n<li>D\u00fc\u015f\u00fck \u0131s\u0131 iletkenlik katsay\u0131s\u0131 ile maksimum tasarruf sa\u011flar.<\/li>\n<li>Y\u00fcksek su buhar\u0131 dif\u00fczyon diren\u00e7 katsay\u0131s\u0131 (\u00b5)\u00a0 sayesinde su buhar\u0131 ge\u00e7irmez.<\/li>\n<li>Tesisat\u0131 yo\u011fu\u015fmaya kar\u015f\u0131 korur.<\/li>\n<li>Tesisat \u00f6mr\u00fcn\u00fc uzat\u0131r.<\/li>\n<li>K\u00fcften ve mikroorganizmalardan etkilenmez.<\/li>\n<\/ul>\n<p><strong>KAPLAMALI \u00dcR\u00dcNLER:<\/strong><\/p>\n<p>ODE\u2019 nin kaplamal\u0131 uygulamalar i\u00e7in \u00fcretti\u011fi ODE R-FLEX ALUGLASS ,ODE R-FLEX AL-CLAD,\u00a0ODE R-FLEX ALU, ODE R-FLEX METAL\u0130ZE KAPLAMA ve kendinden yap\u0131\u015fkanl\u0131 ODE R-FLEX KY \u00fcr\u00fcn tipleri bircok avantaj sa\u011flamaktad\u0131r.<\/p>\n<p><strong>ODE R-FLEX AL-CLAD LEVHA<\/strong><\/p>\n<ul>\n<li>Son kat kaplamas\u0131 y\u00fcksek mukavemetli aluminyum kaplamaya sahiptir.<\/li>\n<li>\u0130stenirse bir y\u00fcz\u00fc kendinden yap\u0131\u015fkanl\u0131 yap\u0131labilir. Takviyeli yap\u0131\u015fkan\u0131 sayesinde kanal y\u00fczeyine tam ve m\u00fckemmel bir yap\u0131\u015fma sa\u011flar.<\/li>\n<li>UV dayan\u0131ml\u0131 d\u0131\u015f kaplamas\u0131 ile d\u0131\u015f ortamlarda uygulanabilir.<\/li>\n<li>H\u0131zl\u0131 uygulama, minimum i\u015f\u00e7ilik ve minimum fire (%2-3) avantajlar\u0131na sahiptir.<\/li>\n<li>Kanal yal\u0131t\u0131m\u0131 i\u00e7in en uygun ebatlarda (1000 &#8211; 1200 mm) ve \u00e7e\u015fitli kal\u0131nl\u0131klarda \u00fcretilir.<\/li>\n<li>Y\u00fcksek esnekli\u011fi ile kolay ve kusursuz uygulamaya imkan verir.<\/li>\n<li>Tam s\u0131zd\u0131rmazl\u0131k sa\u011flar ve i\u015f\u00e7ilik hatalar\u0131n\u0131 ortadan kald\u0131r\u0131r.<\/li>\n<li>Esnek yap\u0131s\u0131 sayesinde kanal ba\u011flant\u0131 noktalar\u0131nda titre\u015fimi azaltmaya yard\u0131mc\u0131 olur.<\/li>\n<li>Mekanik darbelere kar\u015f\u0131 formunun korur.<\/li>\n<\/ul>\n<p><strong>ODE R-FLEX ALU LEVHA<\/strong><\/p>\n<ul>\n<li>Son kat kaplamas\u0131 aluminyum ve polyester laminasyonlu dayan\u0131kl\u0131 kaplamaya sahiptir.<\/li>\n<li>\u0130stenirse bir y\u00fcz\u00fc kendinden yap\u0131\u015fkanl\u0131 yap\u0131labilir. Takviyeli yap\u0131\u015fkan\u0131 sayesinde kanal yuzeyine tam ve m\u00fckemmel bir yap\u0131\u015fma sa\u011flar.<\/li>\n<li>Mekanik darbelere kar\u015f\u0131 formunu korur.<\/li>\n<li>Aluminyum folyo kaplama \u00fczerine uyguland\u0131\u011f\u0131 kanal\u0131 g\u00f6rsel olarak destekler.<\/li>\n<li>Urunun su buhar\u0131 difuzyon direncini art\u0131r\u0131r.<\/li>\n<li>Tam s\u0131zd\u0131rmazl\u0131k sa\u011flar ve i\u015f\u00e7ilik hatalar\u0131n\u0131 ortadan kald\u0131r\u0131r.<\/li>\n<li>Kanal yal\u0131t\u0131m\u0131 icin en uygun ebatlarda (1000 &#8211; 1200 mm) ve \u00e7e\u015fitli kal\u0131nl\u0131klarda \u00fcretilir.<\/li>\n<li>Esnek yap\u0131s\u0131 sayesinde kanal ba\u011flant\u0131 noktalar\u0131nda titre\u015fimi azaltmaya yard\u0131mc\u0131 olur.<\/li>\n<li>Uygulama zaman\u0131ndan ve i\u015f\u00e7likten tasarruf sa\u011flar.<\/li>\n<li>Fire oran\u0131n\u0131 %2-3 lere indirir.<\/li>\n<\/ul>\n<p><strong>ODE R-FLEX METAL\u0130ZE LEVHA<\/strong><\/p>\n<ul>\n<li>Son kat kaplamas\u0131 Metalize PET film ile kapl\u0131d\u0131r.<\/li>\n<li>PET film malzemenin al\u00fcminyim tozlar\u0131yla kaplanmas\u0131yla \u00fcretilir.<\/li>\n<li>Urunun su buhar\u0131 difuzyon direncini art\u0131r\u0131r.<\/li>\n<li>\u00d6zel \u00fcretimi sayesinde \u00e7evreci ve sa\u011fl\u0131\u011fa zarars\u0131zd\u0131r.<\/li>\n<li>Kolay uygulan\u0131r.<\/li>\n<li>Uzun \u00f6m\u00fcrl\u00fcd\u00fcr.<\/li>\n<\/ul>\n<p><strong>ODE R-FLEX KY<\/strong><\/p>\n<ul>\n<li>Kendinden yap\u0131\u015fkanl\u0131 elastomerik kau\u00e7uk levhalard\u0131r.<\/li>\n<li>Yap\u0131\u015fkanl\u0131 yuzeyde 2 tip koruyucu kaplama kullan\u0131l\u0131r.\n<ul>\n<li>Kraft ka\u011f\u0131tl\u0131 KY<\/li>\n<li>HDPE filimli KY<\/li>\n<\/ul>\n<\/li>\n<li>Yap\u0131\u015fkanl\u0131 y\u00fczeyler \u2018\u2019fileli\u2019\u2019 ve \u2018\u2019filesiz\u201d olarak \u00fcretilir. B\u00fcy\u00fck kesitli kanallarda fileli kulan\u0131m \u00f6nerilir.<\/li>\n<li>Kendinden yap\u0131\u015fkan\u0131 sayesinde fiziksel yap\u0131\u015fma avantaj\u0131na sahiptir.<\/li>\n<li>Kimyasal yap\u0131\u015fmadaki riskleri ta\u015f\u0131maz.<\/li>\n<li>Tam s\u0131zd\u0131rmazl\u0131k sa\u011flar.<\/li>\n<li>Y\u00fczeylerin t\u00fcm\u00fc ayn\u0131 kalitede yap\u0131\u015ft\u0131r\u0131l\u0131r.<\/li>\n<li>Yerde uygulamaya imkan verir.<\/li>\n<li>\u0130\u015f\u00e7ilik suresini %40 oran\u0131nda azalt\u0131r.<\/li>\n<\/ul>\n<p><strong>AKSESUARLAR<\/strong><\/p>\n<p><strong>ODE R\u2013FLEX BANTLAR<\/strong><\/p>\n<p>ODE R-FLEX, Takviyeli Kau\u00e7uk Bantlar ile tam s\u0131zd\u0131rmazl\u0131k sa\u011flar. ODE R-FLEX, PVC Bantlar ile ekonomik montaj yap\u0131l\u0131r.<\/p>\n<p>&nbsp;<\/p>\n<p><strong>ODE KONFiX (ODE R-FLEX YAPI\u015eTIRICI)<\/strong><\/p>\n<p>ODE R-Flex uygulamalar\u0131nda kullan\u0131lan sentetik kau\u00e7uk esasl\u0131, s\u00fcper kuvvetli yap\u0131\u015ft\u0131r\u0131c\u0131d\u0131r. Ek yerlerinde konveksiyon ak\u0131m\u0131n\u0131 \u00f6nler, kolay ve h\u0131zl\u0131 montaj yap\u0131lmas\u0131n\u0131 sa\u011flar. Yap\u0131\u015ft\u0131r\u0131lacak y\u00fczeyler ya\u011fl\u0131 ve tozlu olmamal\u0131, ODE Konfix her iki y\u00fczeye de e\u015fit miktarda rulo, f\u0131r\u00e7a veya p\u00fcsk\u00fcrtme y\u00f6ntemiyle uygulan\u0131p, yap\u0131\u015ft\u0131rma sabit bir bas\u0131n\u00e7 alt\u0131nda sa\u011flanmal\u0131d\u0131r. Kuruma s\u00fcresi 10 sn &#8211; 4 dk aras\u0131nda de\u011fi\u015fmekte olup, tam yap\u0131\u015fma i\u00e7in gereken s\u00fcre 24 saattir.<\/p>\n<p>So\u011fuk ve \u0131l\u0131k hatlarda b\u00fcy\u00fck \u00e7apl\u0131 boru ve havaland\u0131rma kanallar\u0131n\u0131n yal\u0131t\u0131m\u0131nda kullan\u0131l\u0131r.<\/p>\n<p><span class=\"baslik_yazi\"><strong>UYGULAMA ESASLARI<\/strong><\/span><\/p>\n<p>&nbsp;<\/p>\n<p><strong>KL\u0130MA KANATLARININ YALITIMI<br \/>\n<\/strong><\/p>\n<p>&nbsp;<\/p>\n<table border=\"1\">\n<tbody>\n<tr>\n<td>1. Yal\u0131t\u0131lacak olan y\u00fczeyi dikkatlice temizleyin. Y\u00fczeyde yap\u0131\u015fmay\u0131 engelleyecek hi\u00e7bir \u015feyin kalmamas\u0131 gerekir. Yal\u0131t\u0131lacak olan kanal\u0131n y\u00fczeyini \u00f6l\u00e7erek, rulodan, uygun ebatlarda ODE R-Flex Levha\u2019y\u0131 kesin.<\/td>\n<td><img decoding=\"async\" src=\"https:\/\/www.ode.com.tr\/imaj\/rflex-uygulama\/rflex_kullanim_8.jpg\" alt=\"\" height=\"150\" \/><\/td>\n<\/tr>\n<tr>\n<td>2. ODE R-Flex Levha\u2019n\u0131n yap\u0131\u015facak olan y\u00fczeyine ve kanala ODE R-Flex Yap\u0131\u015ft\u0131r\u0131c\u0131 s\u00fcr\u00fcn. \u0130yi sonu\u00e7 alabilmek i\u00e7in, kanal\u0131n \u00f6nce alt y\u00fczeyini, sonra yan y\u00fczeylerini ve en sonunda da \u00fcst y\u00fczeyini kaplay\u0131n.<\/td>\n<td><img decoding=\"async\" src=\"https:\/\/www.ode.com.tr\/imaj\/rflex-uygulama\/rflex_kullanim_9.jpg\" alt=\"\" height=\"150\" \/><\/td>\n<\/tr>\n<tr>\n<td>3. Kenarlar\u0131 ODE R-Flex Yap\u0131\u015ft\u0131r\u0131c\u0131 ile birbirine tutturun.<\/td>\n<td><img decoding=\"async\" src=\"https:\/\/www.ode.com.tr\/imaj\/rflex-uygulama\/rflex_kullanim_10.jpg\" alt=\"\" height=\"150\" \/><\/td>\n<\/tr>\n<\/tbody>\n<\/table>\n<p><strong>TANKLARIN YALITIMI<\/strong><\/p>\n<p>&nbsp;<\/p>\n<table border=\"1\">\n<tbody>\n<tr>\n<td>1. Yal\u0131t\u0131ma ba\u015flamadan \u00f6nce t\u00fcm y\u00fczeyi dikkatlice temizleyin.<br \/>\nTank\u0131n y\u00fcksekli\u011fini ve ODE R-Flex Levha ile \u00e7evresini \u00f6l\u00e7\u00fcn.<\/td>\n<td><img decoding=\"async\" src=\"https:\/\/www.ode.com.tr\/imaj\/rflex-uygulama\/rflex_kullanim_1.jpg\" alt=\"\" height=\"150\" \/><\/td>\n<\/tr>\n<tr>\n<td><span class=\"normal_yazi\">2. \u00d6l\u00e7\u00fcleri bir ODE R-Flex Levha \u00fczerine aktararak, kesin.\u00a0<\/span><br \/>\n<span class=\"normal_yazi\">Bir spatula ile ODE R-Flex Levha\u2019n\u0131n b\u00fct\u00fcn y\u00fczeyine, bir f\u0131r\u00e7a ile de tank\u0131n y\u00fczeyine ODE R-Flex Yap\u0131\u015ft\u0131r\u0131c\u0131 s\u00fcr\u00fcn. Levhan\u0131n kenarlar\u0131na da yap\u0131\u015ft\u0131r\u0131c\u0131 s\u00fcrerek, levhay\u0131 tanka yap\u0131\u015ft\u0131r\u0131n. Kenarlar\u0131 birbirine tutturun.<\/span><\/td>\n<td><img decoding=\"async\" src=\"https:\/\/www.ode.com.tr\/imaj\/rflex-uygulama\/rflex_kullanim_2.jpg\" alt=\"\" height=\"150\" \/><\/td>\n<\/tr>\n<tr>\n<td><span class=\"normal_yazi\">3. Ombeli k\u0131sm\u0131n yal\u0131t\u0131m\u0131 i\u00e7in, ODE R-Flex Levha ile \u00f6l\u00e7\u00fcs\u00fcn\u00fc al\u0131n.<\/span><\/td>\n<td><img decoding=\"async\" src=\"https:\/\/www.ode.com.tr\/imaj\/rflex-uygulama\/rflex_kullanim_3.jpg\" alt=\"\" height=\"150\" \/><\/td>\n<\/tr>\n<tr>\n<td><span class=\"normal_yazi\">4. Yar\u0131\u00e7ap\u0131 hesaplayarak, bombeli k\u0131sm\u0131 \u00f6rtecek olan daireyi \u00e7izin. \u0130\u015faretli yerlerden daireyi dikkatlice kesin.<\/span><\/td>\n<td><img decoding=\"async\" src=\"https:\/\/www.ode.com.tr\/imaj\/rflex-uygulama\/rflex_kullanim_4.jpg\" alt=\"\" height=\"150\" \/><\/td>\n<\/tr>\n<tr>\n<td><span class=\"normal_yazi\">5. Kesti\u011finiz par\u00e7aya ve tank\u0131n kaplanacak olan bombeli y\u00fczeyine ODE R-Flex Yap\u0131\u015ft\u0131r\u0131c\u0131 s\u00fcr\u00fcn.<\/span><\/td>\n<td><img decoding=\"async\" src=\"https:\/\/www.ode.com.tr\/imaj\/rflex-uygulama\/rflex_kullanim_5.jpg\" alt=\"\" height=\"150\" \/><\/td>\n<\/tr>\n<tr>\n<td>6. Par\u00e7ay\u0131 yerine yap\u0131\u015ft\u0131r\u0131n ve ortadan d\u0131\u015fa do\u011fru kaymas\u0131n\u0131 engelleyecek \u015fekilde bast\u0131r\u0131n.<span class=\"normal_yazi\"><br \/>\n<\/span><\/td>\n<td><img decoding=\"async\" src=\"https:\/\/www.ode.com.tr\/imaj\/rflex-uygulama\/rflex_kullanim_6.jpg\" alt=\"\" height=\"150\" \/><\/td>\n<\/tr>\n<tr>\n<td>7. Par\u00e7a yap\u0131\u015ft\u0131\u011f\u0131nda, kenarlar\u0131na \u00e7epe\u00e7evre ODE R-Flex Yap\u0131\u015ft\u0131r\u0131c\u0131 s\u00fcr\u00fcn. Kuruduktan sonra s\u0131k\u0131ca bast\u0131rarak g\u00f6vdedeki ODE R-Flex Levha ile tutturun<\/td>\n<td><img decoding=\"async\" src=\"https:\/\/www.ode.com.tr\/imaj\/rflex-uygulama\/rflex_kullanim_7.jpg\" alt=\"\" height=\"150\" \/><\/td>\n<\/tr>\n<\/tbody>\n<\/table>\n<p>[wpdm_package id=&#8217;2922&#8242;]<br \/>\n[wpdm_package id=&#8217;2923&#8242;]<\/p>\n","protected":false},"excerpt":{"rendered":"<p>ODE R-FLEX Levha; DIAMOND, PRM ,STD olarak 3 ayr\u0131 grupta ve farkl\u0131 tip kaplamalar ile \u00fcretilebilmektedir.<\/p>\n<p>R-FLEX DIAMOND \u00b5 \u2265 11000, R-FLEX PRM Levha\u00a0\u00b5 \u2265 7000, STD Levha\u00a0\u00b5 \u2265 5000 su buhar\u0131 dif\u00fczyon diren\u00e7 katsay\u0131s\u0131na sahiptir.<\/p>\n<p>6-60 mm kal\u0131nl\u0131k aral\u0131\u011f\u0131nda \u00fcretilebilmektedir.<\/p>\n","protected":false},"featured_media":2966,"comment_status":"open","ping_status":"closed","template":"","meta":[],"product_brand":[],"product_cat":[173],"product_tag":[212],"class_list":{"0":"post-2963","1":"product","2":"type-product","3":"status-publish","4":"has-post-thumbnail","6":"product_cat-silte-kaucuk","7":"product_tag-ode-r-flex-kaucuk-levha","9":"first","10":"instock","11":"featured","12":"taxable","13":"shipping-taxable","14":"product-type-simple"},"_links":{"self":[{"href":"https:\/\/timeksyalitim.com.tr\/home\/wp-json\/wp\/v2\/product\/2963","targetHints":{"allow":["GET"]}}],"collection":[{"href":"https:\/\/timeksyalitim.com.tr\/home\/wp-json\/wp\/v2\/product"}],"about":[{"href":"https:\/\/timeksyalitim.com.tr\/home\/wp-json\/wp\/v2\/types\/product"}],"replies":[{"embeddable":true,"href":"https:\/\/timeksyalitim.com.tr\/home\/wp-json\/wp\/v2\/comments?post=2963"}],"wp:featuredmedia":[{"embeddable":true,"href":"https:\/\/timeksyalitim.com.tr\/home\/wp-json\/wp\/v2\/media\/2966"}],"wp:attachment":[{"href":"https:\/\/timeksyalitim.com.tr\/home\/wp-json\/wp\/v2\/media?parent=2963"}],"wp:term":[{"taxonomy":"product_brand","embeddable":true,"href":"https:\/\/timeksyalitim.com.tr\/home\/wp-json\/wp\/v2\/product_brand?post=2963"},{"taxonomy":"product_cat","embeddable":true,"href":"https:\/\/timeksyalitim.com.tr\/home\/wp-json\/wp\/v2\/product_cat?post=2963"},{"taxonomy":"product_tag","embeddable":true,"href":"https:\/\/timeksyalitim.com.tr\/home\/wp-json\/wp\/v2\/product_tag?post=2963"}],"curies":[{"name":"wp","href":"https:\/\/api.w.org\/{rel}","templated":true}]}}