{"id":2979,"date":"2022-11-15T10:58:48","date_gmt":"2022-11-15T07:58:48","guid":{"rendered":"http:\/\/timeksyalitim.com.tr\/home\/?post_type=product&#038;p=2979"},"modified":"2022-11-15T11:02:26","modified_gmt":"2022-11-15T08:02:26","slug":"ode-konfix-sivi-yapistirici","status":"publish","type":"product","link":"https:\/\/timeksyalitim.com.tr\/home\/product\/ode-konfix-sivi-yapistirici\/","title":{"rendered":"ODE Konfix S\u0131v\u0131 Yap\u0131\u015ft\u0131r\u0131c\u0131"},"content":{"rendered":"<div class=\"tab-content\">\n<div id=\"detail2\" class=\"tab-pane table-show fadeTab active show\" role=\"tabpanel\"><\/div>\n<p>ODE R-Flex uygulamalar\u0131nda kullan\u0131lan sentetik kau\u00e7uk esasl\u0131, s\u00fcper kuvvetli yap\u0131\u015ft\u0131r\u0131c\u0131d\u0131r. Ek yerlerinde konveksiyon ak\u0131m\u0131n\u0131 \u00f6nler, kolay ve h\u0131zl\u0131 montaj yap\u0131lmas\u0131n\u0131 sa\u011flar. Yap\u0131\u015ft\u0131r\u0131lacak y\u00fczeyler ya\u011fl\u0131 ve tozlu olmamal\u0131, ODE Konfix her iki y\u00fczeye de e\u015fit miktarda rulo, f\u0131r\u00e7a veya p\u00fcsk\u00fcrtme y\u00f6ntemiyle uygulan\u0131p, yap\u0131\u015ft\u0131rma sabit bir bas\u0131n\u00e7 alt\u0131nda sa\u011flanmal\u0131d\u0131r. Kuruma s\u00fcresi 10 sn &#8211; 4 dk aras\u0131nda de\u011fi\u015fmekte olup, tam yap\u0131\u015fma i\u00e7in gereken s\u00fcre 24 saattir.<\/p>\n<\/div>\n<p>[wpdm_package id=&#8217;2922&#8242;]<br \/>\n[wpdm_package id=&#8217;2923&#8242;]<\/p>\n","protected":false},"excerpt":{"rendered":"<p>ODE R-Flex uygulamalar\u0131nda kullan\u0131lan sentetik kau\u00e7uk esasl\u0131, s\u00fcper kuvvetli yap\u0131\u015ft\u0131r\u0131c\u0131d\u0131r. Ek yerlerinde konveksiyon ak\u0131m\u0131n\u0131 \u00f6nler, kolay ve h\u0131zl\u0131 montaj yap\u0131lmas\u0131n\u0131 sa\u011flar. Yap\u0131\u015ft\u0131r\u0131lacak y\u00fczeyler ya\u011fl\u0131 ve tozlu olmamal\u0131, ODE Konfix her iki y\u00fczeye de e\u015fit miktarda rulo, f\u0131r\u00e7a veya p\u00fcsk\u00fcrtme y\u00f6ntemiyle uygulan\u0131p, yap\u0131\u015ft\u0131rma sabit bir bas\u0131n\u00e7 alt\u0131nda sa\u011flanmal\u0131d\u0131r. Kuruma s\u00fcresi 10 sn &#8211; 4 dk aras\u0131nda de\u011fi\u015fmekte olup, tam yap\u0131\u015fma i\u00e7in gereken s\u00fcre 24 saattir.<\/p>\n","protected":false},"featured_media":2980,"comment_status":"open","ping_status":"closed","template":"","meta":[],"product_brand":[],"product_cat":[15],"product_tag":[216],"class_list":{"0":"post-2979","1":"product","2":"type-product","3":"status-publish","4":"has-post-thumbnail","6":"product_cat-diger","7":"product_tag-ode-konfix-sivi-yapistirici","9":"first","10":"instock","11":"taxable","12":"shipping-taxable","13":"product-type-simple"},"_links":{"self":[{"href":"https:\/\/timeksyalitim.com.tr\/home\/wp-json\/wp\/v2\/product\/2979","targetHints":{"allow":["GET"]}}],"collection":[{"href":"https:\/\/timeksyalitim.com.tr\/home\/wp-json\/wp\/v2\/product"}],"about":[{"href":"https:\/\/timeksyalitim.com.tr\/home\/wp-json\/wp\/v2\/types\/product"}],"replies":[{"embeddable":true,"href":"https:\/\/timeksyalitim.com.tr\/home\/wp-json\/wp\/v2\/comments?post=2979"}],"wp:featuredmedia":[{"embeddable":true,"href":"https:\/\/timeksyalitim.com.tr\/home\/wp-json\/wp\/v2\/media\/2980"}],"wp:attachment":[{"href":"https:\/\/timeksyalitim.com.tr\/home\/wp-json\/wp\/v2\/media?parent=2979"}],"wp:term":[{"taxonomy":"product_brand","embeddable":true,"href":"https:\/\/timeksyalitim.com.tr\/home\/wp-json\/wp\/v2\/product_brand?post=2979"},{"taxonomy":"product_cat","embeddable":true,"href":"https:\/\/timeksyalitim.com.tr\/home\/wp-json\/wp\/v2\/product_cat?post=2979"},{"taxonomy":"product_tag","embeddable":true,"href":"https:\/\/timeksyalitim.com.tr\/home\/wp-json\/wp\/v2\/product_tag?post=2979"}],"curies":[{"name":"wp","href":"https:\/\/api.w.org\/{rel}","templated":true}]}}