{"id":2991,"date":"2022-11-16T16:28:10","date_gmt":"2022-11-16T13:28:10","guid":{"rendered":"http:\/\/timeksyalitim.com.tr\/home\/?post_type=product&#038;p=2991"},"modified":"2022-11-26T10:24:32","modified_gmt":"2022-11-26T07:24:32","slug":"weber-joint-flex","status":"publish","type":"product","link":"https:\/\/timeksyalitim.com.tr\/home\/product\/weber-joint-flex\/","title":{"rendered":"Weber Joint Flex"},"content":{"rendered":"<p>\u00c7imento esasl\u0131, y\u00fcksek performansl\u0131, renkli derz dolgu harc\u0131.<\/p>\n<p>Elastik seramik yap\u0131\u015ft\u0131r\u0131c\u0131s\u0131 kullan\u0131m\u0131 gerektiren y\u00fczeylerde, seramik, mermer, granit, granit seramik ve benzeri kaplama malzemelerinin 12 mm geni\u015fli\u011fe kadar olan derz uygulamalar\u0131nda kullan\u0131l\u0131r.<\/p>\n<p>K\u00fcf ve Mantar Direnci\u00a0 &#8211; A\u015f\u0131nma Dayan\u0131m\u0131 &#8211; Y\u00fcksek \u00c7evre Dostu<\/p>\n<p><strong>Uygulama alan\u0131<\/strong><\/p>\n<p>Duvar, Zemin<\/p>\n<p>*Renk se\u00e7enekleri i\u00e7in bize ula\u015f\u0131n.<\/p>\n<p>[wpdm_package id=&#8217;2994&#8242;]<\/p>\n","protected":false},"excerpt":{"rendered":"<p>\u00c7imento esasl\u0131,\u00a0 y\u00fcksek performansl\u0131, renkli derz dolgu harc\u0131.<\/p>\n","protected":false},"featured_media":2992,"comment_status":"open","ping_status":"closed","template":"","meta":[],"product_brand":[],"product_cat":[224],"product_tag":[218,221],"class_list":{"0":"post-2991","1":"product","2":"type-product","3":"status-publish","4":"has-post-thumbnail","6":"product_cat-harclar","7":"product_tag-derz-dolgu-harci","8":"product_tag-weber-joint-flex","10":"first","11":"instock","12":"taxable","13":"shipping-taxable","14":"product-type-simple"},"_links":{"self":[{"href":"https:\/\/timeksyalitim.com.tr\/home\/wp-json\/wp\/v2\/product\/2991","targetHints":{"allow":["GET"]}}],"collection":[{"href":"https:\/\/timeksyalitim.com.tr\/home\/wp-json\/wp\/v2\/product"}],"about":[{"href":"https:\/\/timeksyalitim.com.tr\/home\/wp-json\/wp\/v2\/types\/product"}],"replies":[{"embeddable":true,"href":"https:\/\/timeksyalitim.com.tr\/home\/wp-json\/wp\/v2\/comments?post=2991"}],"wp:featuredmedia":[{"embeddable":true,"href":"https:\/\/timeksyalitim.com.tr\/home\/wp-json\/wp\/v2\/media\/2992"}],"wp:attachment":[{"href":"https:\/\/timeksyalitim.com.tr\/home\/wp-json\/wp\/v2\/media?parent=2991"}],"wp:term":[{"taxonomy":"product_brand","embeddable":true,"href":"https:\/\/timeksyalitim.com.tr\/home\/wp-json\/wp\/v2\/product_brand?post=2991"},{"taxonomy":"product_cat","embeddable":true,"href":"https:\/\/timeksyalitim.com.tr\/home\/wp-json\/wp\/v2\/product_cat?post=2991"},{"taxonomy":"product_tag","embeddable":true,"href":"https:\/\/timeksyalitim.com.tr\/home\/wp-json\/wp\/v2\/product_tag?post=2991"}],"curies":[{"name":"wp","href":"https:\/\/api.w.org\/{rel}","templated":true}]}}