{"id":3003,"date":"2022-11-17T13:41:18","date_gmt":"2022-11-17T10:41:18","guid":{"rendered":"http:\/\/timeksyalitim.com.tr\/home\/product\/ravatherm-tasyunu-ara-bolme-levhasi\/"},"modified":"2022-11-18T13:10:40","modified_gmt":"2022-11-18T10:10:40","slug":"ravatherm-tasyunu-ara-bolme-levhasi","status":"publish","type":"product","link":"https:\/\/timeksyalitim.com.tr\/home\/product\/ravatherm-tasyunu-ara-bolme-levhasi\/","title":{"rendered":"Ravatherm Ta\u015fy\u00fcn\u00fc Ara B\u00f6lme Levhas\u0131"},"content":{"rendered":"<p><strong>\u00dcR\u00dcN TANIMI<\/strong><\/p>\n<ul>\n<li>Kaplamas\u0131z ta\u015fy\u00fcn\u00fc plakad\u0131r.<\/li>\n<li>Shrink ambalajlar halinde piyasaya s\u00fcr\u00fcl\u00fcr.<\/li>\n<\/ul>\n<p><strong>KULLANIM ALANLARI<\/strong><\/p>\n<ul>\n<li>Asans\u00f6r ve merdiven bo\u015fluklar\u0131nda,<\/li>\n<li>B\u00f6lme duvarlarda,<\/li>\n<li>Kom\u015fu duvarlarda kullan\u0131l\u0131r.<\/li>\n<\/ul>\n<p><strong>UYGULAMA<\/strong><\/p>\n<ul>\n<li>Ta\u015f\u0131y\u0131c\u0131 konstr\u00fcksiyonlar ve b\u00f6lme duvarlar aras\u0131na yerle\u015ftirilerek \u0131s\u0131, ses ve yang\u0131n yal\u0131t\u0131m\u0131 sa\u011flar.<\/li>\n<\/ul>\n<p><img loading=\"lazy\" decoding=\"async\" class=\"alignnone size-full wp-image-3097\" src=\"http:\/\/timeksyalitim.com.tr\/home\/wp-content\/uploads\/arabolmelevhasi-tablo.jpg\" alt=\"\" width=\"600\" height=\"850\" \/><\/p>\n","protected":false},"excerpt":{"rendered":"<p>Kaplamas\u0131z ta\u015fy\u00fcn\u00fc plakad\u0131r<\/p>\n","protected":false},"featured_media":3096,"comment_status":"open","ping_status":"closed","template":"","meta":[],"product_brand":[],"product_cat":[234],"product_tag":[264],"class_list":{"0":"post-3003","1":"product","2":"type-product","3":"status-publish","4":"has-post-thumbnail","6":"product_cat-tasyunu-levha","7":"product_tag-ara-bolme-levhasi","9":"first","10":"instock","11":"taxable","12":"shipping-taxable","13":"product-type-simple"},"_links":{"self":[{"href":"https:\/\/timeksyalitim.com.tr\/home\/wp-json\/wp\/v2\/product\/3003","targetHints":{"allow":["GET"]}}],"collection":[{"href":"https:\/\/timeksyalitim.com.tr\/home\/wp-json\/wp\/v2\/product"}],"about":[{"href":"https:\/\/timeksyalitim.com.tr\/home\/wp-json\/wp\/v2\/types\/product"}],"replies":[{"embeddable":true,"href":"https:\/\/timeksyalitim.com.tr\/home\/wp-json\/wp\/v2\/comments?post=3003"}],"wp:featuredmedia":[{"embeddable":true,"href":"https:\/\/timeksyalitim.com.tr\/home\/wp-json\/wp\/v2\/media\/3096"}],"wp:attachment":[{"href":"https:\/\/timeksyalitim.com.tr\/home\/wp-json\/wp\/v2\/media?parent=3003"}],"wp:term":[{"taxonomy":"product_brand","embeddable":true,"href":"https:\/\/timeksyalitim.com.tr\/home\/wp-json\/wp\/v2\/product_brand?post=3003"},{"taxonomy":"product_cat","embeddable":true,"href":"https:\/\/timeksyalitim.com.tr\/home\/wp-json\/wp\/v2\/product_cat?post=3003"},{"taxonomy":"product_tag","embeddable":true,"href":"https:\/\/timeksyalitim.com.tr\/home\/wp-json\/wp\/v2\/product_tag?post=3003"}],"curies":[{"name":"wp","href":"https:\/\/api.w.org\/{rel}","templated":true}]}}