{"id":3004,"date":"2022-11-17T13:41:18","date_gmt":"2022-11-17T10:41:18","guid":{"rendered":"http:\/\/timeksyalitim.com.tr\/home\/product\/ravatherm-tasyunu-yuzer-doseme-levhasi\/"},"modified":"2022-11-18T13:15:52","modified_gmt":"2022-11-18T10:15:52","slug":"ravatherm-tasyunu-yuzer-doseme-levhasi","status":"publish","type":"product","link":"https:\/\/timeksyalitim.com.tr\/home\/product\/ravatherm-tasyunu-yuzer-doseme-levhasi\/","title":{"rendered":"Ravatherm Ta\u015fy\u00fcn\u00fc Y\u00fczer D\u00f6\u015feme Levhas\u0131"},"content":{"rendered":"<p><strong>\u00dcR\u00dcN TANIMI<\/strong><\/p>\n<ul>\n<li>Kaplamas\u0131z ta\u015fy\u00fcn\u00fc plakad\u0131r.<\/li>\n<li>Shrink paketler halinde piyasaya sunulur.<\/li>\n<\/ul>\n<p><strong>KULLANIM ALANLARI<\/strong><\/p>\n<ul>\n<li>\u0130ki kat betonu aras\u0131nda \u015fap alt\u0131nda,<\/li>\n<li>A\u00e7\u0131k ge\u00e7it \u00fczeri d\u00f6\u015femelerde,<\/li>\n<li>Titre\u015fim kayna\u011f\u0131 kaideleri alt\u0131nda,<\/li>\n<li>Binalar\u0131n zemin d\u00f6\u015femelerinde kullan\u0131l\u0131r.<\/li>\n<\/ul>\n<p><strong>UYGULAMA<\/strong><\/p>\n<ul>\n<li>Uygulanacak zemin rutubete kar\u015f\u0131 yal\u0131t\u0131ml\u0131 hale getirildikten sonra levhalar serbest olarak d\u00f6\u015fenir. \u015eap d\u00f6k\u00fcld\u00fckten sonra istenilen d\u00f6\u015feme kaplamas\u0131 ile uygulama tamamlan\u0131r.<\/li>\n<\/ul>\n<p><img loading=\"lazy\" decoding=\"async\" class=\"alignnone size-full wp-image-3099\" src=\"http:\/\/timeksyalitim.com.tr\/home\/wp-content\/uploads\/yuzerdosemelevhasi-tablo-1.jpg\" alt=\"\" width=\"600\" height=\"374\" \/><\/p>\n","protected":false},"excerpt":{"rendered":"<p>Kaplamas\u0131z ta\u015fy\u00fcn\u00fc plakad\u0131r.<\/p>\n","protected":false},"featured_media":3100,"comment_status":"open","ping_status":"closed","template":"","meta":[],"product_brand":[],"product_cat":[234],"product_tag":[265],"class_list":{"0":"post-3004","1":"product","2":"type-product","3":"status-publish","4":"has-post-thumbnail","6":"product_cat-tasyunu-levha","7":"product_tag-yuzer-doseme-levhasi","9":"first","10":"instock","11":"taxable","12":"shipping-taxable","13":"product-type-simple"},"_links":{"self":[{"href":"https:\/\/timeksyalitim.com.tr\/home\/wp-json\/wp\/v2\/product\/3004","targetHints":{"allow":["GET"]}}],"collection":[{"href":"https:\/\/timeksyalitim.com.tr\/home\/wp-json\/wp\/v2\/product"}],"about":[{"href":"https:\/\/timeksyalitim.com.tr\/home\/wp-json\/wp\/v2\/types\/product"}],"replies":[{"embeddable":true,"href":"https:\/\/timeksyalitim.com.tr\/home\/wp-json\/wp\/v2\/comments?post=3004"}],"wp:featuredmedia":[{"embeddable":true,"href":"https:\/\/timeksyalitim.com.tr\/home\/wp-json\/wp\/v2\/media\/3100"}],"wp:attachment":[{"href":"https:\/\/timeksyalitim.com.tr\/home\/wp-json\/wp\/v2\/media?parent=3004"}],"wp:term":[{"taxonomy":"product_brand","embeddable":true,"href":"https:\/\/timeksyalitim.com.tr\/home\/wp-json\/wp\/v2\/product_brand?post=3004"},{"taxonomy":"product_cat","embeddable":true,"href":"https:\/\/timeksyalitim.com.tr\/home\/wp-json\/wp\/v2\/product_cat?post=3004"},{"taxonomy":"product_tag","embeddable":true,"href":"https:\/\/timeksyalitim.com.tr\/home\/wp-json\/wp\/v2\/product_tag?post=3004"}],"curies":[{"name":"wp","href":"https:\/\/api.w.org\/{rel}","templated":true}]}}