{"id":3006,"date":"2022-11-17T13:41:18","date_gmt":"2022-11-17T10:41:18","guid":{"rendered":"http:\/\/timeksyalitim.com.tr\/home\/product\/ravatherm-tasyunu-ic-duvar-levhasi-blues-desibel\/"},"modified":"2022-11-18T13:39:09","modified_gmt":"2022-11-18T10:39:09","slug":"ravatherm-tasyunu-ic-duvar-levhasi-blues-desibel","status":"publish","type":"product","link":"https:\/\/timeksyalitim.com.tr\/home\/product\/ravatherm-tasyunu-ic-duvar-levhasi-blues-desibel\/","title":{"rendered":"Ravatherm Ta\u015fy\u00fcn\u00fc \u0130\u00e7 Duvar Levhas\u0131 Blue\u2019S Desibel"},"content":{"rendered":"<p><strong>\u00dcR\u00dcN TANIMI<\/strong><\/p>\n<ul>\n<li>Ravatherm Ta\u015fy\u00fcn\u00fc levhan\u0131n bir y\u00fczeyi al\u00e7\u0131 plakaya lamine edilerek, folyolu veya folyosuz olarak \u00fcretilen bir yal\u0131t\u0131m \u00fcr\u00fcn\u00fcd\u00fcr.<\/li>\n<li>Ta\u015fy\u00fcn\u00fc ile al\u00e7\u0131 plaka aras\u0131nda buhar dif\u00fczyon de\u011feri y\u00fcksek oldu\u011fu i\u00e7in iki \u00fcr\u00fcn aras\u0131nda al\u00fcminyum folyo kullan\u0131larak yo\u011fu\u015fma riskini ortadan kald\u0131r\u0131r.<\/li>\n<li>Palet \u00fczerine stre\u00e7 kapl\u0131 olarak piyasaya sunulur.<\/li>\n<\/ul>\n<p><strong>KULLANIM ALANLARI<\/strong><\/p>\n<ul>\n<li>Her t\u00fcrl\u00fc betonarme eleman\u0131n i\u00e7 ve d\u0131\u015f y\u00fczeyinde,<\/li>\n<li>Merdiven duvarlar\u0131nda,<\/li>\n<li>Ara b\u00f6lme duvarlarda,<\/li>\n<li>Yap\u0131lar\u0131n i\u00e7ten yal\u0131t\u0131m uygulamalar\u0131nda kullan\u0131l\u0131r.<\/li>\n<\/ul>\n<p><strong>UYGULAMA<\/strong><\/p>\n<ul>\n<li>D\u00fczg\u00fcn duvar y\u00fczeylerinde \u00f6zel al\u00e7\u0131 yap\u0131\u015ft\u0131rma harc\u0131 ile uygulan\u0131r.<\/li>\n<\/ul>\n<p>&nbsp;<\/p>\n<p><img loading=\"lazy\" decoding=\"async\" class=\"alignnone size-full wp-image-3110\" src=\"http:\/\/timeksyalitim.com.tr\/home\/wp-content\/uploads\/blues-tablo.jpg\" alt=\"\" width=\"600\" height=\"374\" \/><\/p>\n","protected":false},"excerpt":{"rendered":"<p>Ravatherm Ta\u015fy\u00fcn\u00fc levhan\u0131n bir y\u00fczeyi al\u00e7\u0131 plakaya lamine edilerek, folyolu veya folyosuz olarak \u00fcretilen bir yal\u0131t\u0131m \u00fcr\u00fcn\u00fcd\u00fcr.<\/p>\n","protected":false},"featured_media":3111,"comment_status":"open","ping_status":"closed","template":"","meta":[],"product_brand":[],"product_cat":[234],"product_tag":[268],"class_list":{"0":"post-3006","1":"product","2":"type-product","3":"status-publish","4":"has-post-thumbnail","6":"product_cat-tasyunu-levha","7":"product_tag-ic-duvar-levhasi","9":"first","10":"instock","11":"taxable","12":"shipping-taxable","13":"product-type-simple"},"_links":{"self":[{"href":"https:\/\/timeksyalitim.com.tr\/home\/wp-json\/wp\/v2\/product\/3006","targetHints":{"allow":["GET"]}}],"collection":[{"href":"https:\/\/timeksyalitim.com.tr\/home\/wp-json\/wp\/v2\/product"}],"about":[{"href":"https:\/\/timeksyalitim.com.tr\/home\/wp-json\/wp\/v2\/types\/product"}],"replies":[{"embeddable":true,"href":"https:\/\/timeksyalitim.com.tr\/home\/wp-json\/wp\/v2\/comments?post=3006"}],"wp:featuredmedia":[{"embeddable":true,"href":"https:\/\/timeksyalitim.com.tr\/home\/wp-json\/wp\/v2\/media\/3111"}],"wp:attachment":[{"href":"https:\/\/timeksyalitim.com.tr\/home\/wp-json\/wp\/v2\/media?parent=3006"}],"wp:term":[{"taxonomy":"product_brand","embeddable":true,"href":"https:\/\/timeksyalitim.com.tr\/home\/wp-json\/wp\/v2\/product_brand?post=3006"},{"taxonomy":"product_cat","embeddable":true,"href":"https:\/\/timeksyalitim.com.tr\/home\/wp-json\/wp\/v2\/product_cat?post=3006"},{"taxonomy":"product_tag","embeddable":true,"href":"https:\/\/timeksyalitim.com.tr\/home\/wp-json\/wp\/v2\/product_tag?post=3006"}],"curies":[{"name":"wp","href":"https:\/\/api.w.org\/{rel}","templated":true}]}}