{"id":3008,"date":"2022-11-17T13:41:18","date_gmt":"2022-11-17T10:41:18","guid":{"rendered":"http:\/\/timeksyalitim.com.tr\/home\/product\/ravatherm-tasyunu-sanayi-levhasi\/"},"modified":"2022-11-18T13:27:12","modified_gmt":"2022-11-18T10:27:12","slug":"ravatherm-tasyunu-sanayi-levhasi","status":"publish","type":"product","link":"https:\/\/timeksyalitim.com.tr\/home\/product\/ravatherm-tasyunu-sanayi-levhasi\/","title":{"rendered":"Ravatherm Ta\u015fy\u00fcn\u00fc Sanayi Levhas\u0131"},"content":{"rendered":"<p><strong>\u00dcR\u00dcN TANIMI<\/strong><\/p>\n<ul>\n<li>\u00c7\u0131plak ta\u015fy\u00fcn\u00fc levhalard\u0131r.<\/li>\n<li>Shrink ambalajlarda piyasaya sunulmaktad\u0131r.<\/li>\n<li>End\u00fcstriyel alanlarda 760\u00b0C\u2019ye kadar olan s\u0131cakl\u0131klarda \u0131s\u0131, ses ve yang\u0131n yal\u0131t\u0131m\u0131nda kullan\u0131l\u0131r.<\/li>\n<\/ul>\n<p><strong>KULLANIM ALANLARI<\/strong><\/p>\n<ul>\n<li>\u00c7elik konstr\u00fcksiyonlarda,<\/li>\n<li>Sanayi tesislerinde,<\/li>\n<li>Proses ekipmanlarda,<\/li>\n<li>Haz\u0131r panel uygulamalar\u0131nda kullan\u0131l\u0131r.<\/li>\n<\/ul>\n<p><strong>UYGULAMA<\/strong><\/p>\n<ul>\n<li>Levhalar uygulama alanlar\u0131na pimlerle tutturulur veya ta\u015f\u0131y\u0131c\u0131 profiller aras\u0131na yerle\u015ftirilir. \u00dczeri sac ve benzeri \u00f6rt\u00fclerle kaplan\u0131r.<\/li>\n<\/ul>\n<p><img loading=\"lazy\" decoding=\"async\" class=\"alignnone size-full wp-image-3105\" src=\"http:\/\/timeksyalitim.com.tr\/home\/wp-content\/uploads\/sanayilevhasi-tablo.jpg\" alt=\"\" width=\"600\" height=\"374\" \/><\/p>\n","protected":false},"excerpt":{"rendered":"<p>\u00c7\u0131plak ta\u015fy\u00fcn\u00fc levhalard\u0131r<\/p>\n","protected":false},"featured_media":3106,"comment_status":"open","ping_status":"closed","template":"","meta":[],"product_brand":[],"product_cat":[234],"product_tag":[185],"class_list":{"0":"post-3008","1":"product","2":"type-product","3":"status-publish","4":"has-post-thumbnail","6":"product_cat-tasyunu-levha","7":"product_tag-sanayi-levhasi","9":"first","10":"instock","11":"taxable","12":"shipping-taxable","13":"product-type-simple"},"_links":{"self":[{"href":"https:\/\/timeksyalitim.com.tr\/home\/wp-json\/wp\/v2\/product\/3008","targetHints":{"allow":["GET"]}}],"collection":[{"href":"https:\/\/timeksyalitim.com.tr\/home\/wp-json\/wp\/v2\/product"}],"about":[{"href":"https:\/\/timeksyalitim.com.tr\/home\/wp-json\/wp\/v2\/types\/product"}],"replies":[{"embeddable":true,"href":"https:\/\/timeksyalitim.com.tr\/home\/wp-json\/wp\/v2\/comments?post=3008"}],"wp:featuredmedia":[{"embeddable":true,"href":"https:\/\/timeksyalitim.com.tr\/home\/wp-json\/wp\/v2\/media\/3106"}],"wp:attachment":[{"href":"https:\/\/timeksyalitim.com.tr\/home\/wp-json\/wp\/v2\/media?parent=3008"}],"wp:term":[{"taxonomy":"product_brand","embeddable":true,"href":"https:\/\/timeksyalitim.com.tr\/home\/wp-json\/wp\/v2\/product_brand?post=3008"},{"taxonomy":"product_cat","embeddable":true,"href":"https:\/\/timeksyalitim.com.tr\/home\/wp-json\/wp\/v2\/product_cat?post=3008"},{"taxonomy":"product_tag","embeddable":true,"href":"https:\/\/timeksyalitim.com.tr\/home\/wp-json\/wp\/v2\/product_tag?post=3008"}],"curies":[{"name":"wp","href":"https:\/\/api.w.org\/{rel}","templated":true}]}}