{"id":3011,"date":"2022-11-17T13:41:19","date_gmt":"2022-11-17T10:41:19","guid":{"rendered":"http:\/\/timeksyalitim.com.tr\/home\/product\/ravatherm-tasyunu-rabitz-telli-silte\/"},"modified":"2022-12-02T13:57:54","modified_gmt":"2022-12-02T10:57:54","slug":"ravatherm-tasyunu-rabitz-telli-silte","status":"publish","type":"product","link":"https:\/\/timeksyalitim.com.tr\/home\/product\/ravatherm-tasyunu-rabitz-telli-silte\/","title":{"rendered":"Ravatherm Ta\u015fy\u00fcn\u00fc Rabitz Telli \u015eilte"},"content":{"rendered":"<p>Ravatherm Ta\u015fy\u00fcn\u00fc ta\u015fy\u00fcn\u00fc \u00fczerine galvanizli rabitz teli dikilmi\u015f \u015filtedir.<br \/>\nRulo ambalajlarda piyasaya sunulur.<\/p>\n<p><strong>KULLANIM ALANLARI<\/strong><\/p>\n<ul>\n<li>Sanayi tesisleri,<\/li>\n<li>Kalorifer kazanlar\u0131,<\/li>\n<li>Proses ekipmanlar\u0131,<\/li>\n<li>Baca izolasyonlar\u0131nda kullan\u0131l\u0131r.<\/li>\n<\/ul>\n<p><strong>UYGULAMA<\/strong><\/p>\n<ul>\n<li>Y\u00fcksek s\u0131cakl\u0131\u011fa maruz kalan sanayi ekipmanlar\u0131nda \u0131s\u0131, ses ve yang\u0131n yal\u0131t\u0131m\u0131 sa\u011flar. Ta\u015fy\u00fcn\u00fc rulo \u00fczerine rabitz teli kaplamas\u0131 sayesinde silindirik, oval ve d\u00fcz olmayan y\u00fczeylerde kolay kullan\u0131m sa\u011flar. Yal\u0131t\u0131m yap\u0131lacak y\u00fczeye tespit pimleri sayesinde tutturulur.<\/li>\n<li>Gerekti\u011finde ta\u015fy\u00fcn\u00fc \u015filtenin y\u00fczeyi sac ile kaplan\u0131r.<\/li>\n<\/ul>\n<p><img loading=\"lazy\" decoding=\"async\" class=\"alignnone size-full wp-image-3079\" src=\"http:\/\/timeksyalitim.com.tr\/home\/wp-content\/uploads\/rttablo-1.jpg\" alt=\"\" width=\"800\" height=\"644\" \/><\/p>\n","protected":false},"excerpt":{"rendered":"<p>Ravatherm Ta\u015fy\u00fcn\u00fc ta\u015fy\u00fcn\u00fc \u00fczerine galvanizli rabitz teli dikilmi\u015f \u015filtedir<\/p>\n","protected":false},"featured_media":3078,"comment_status":"open","ping_status":"closed","template":"","meta":[],"product_brand":[],"product_cat":[235],"product_tag":[260],"class_list":{"0":"post-3011","1":"product","2":"type-product","3":"status-publish","4":"has-post-thumbnail","6":"product_cat-tasyunu-silte","7":"product_tag-tasyunu-rabitz-telli-silte","9":"first","10":"instock","11":"featured","12":"taxable","13":"shipping-taxable","14":"product-type-simple"},"_links":{"self":[{"href":"https:\/\/timeksyalitim.com.tr\/home\/wp-json\/wp\/v2\/product\/3011","targetHints":{"allow":["GET"]}}],"collection":[{"href":"https:\/\/timeksyalitim.com.tr\/home\/wp-json\/wp\/v2\/product"}],"about":[{"href":"https:\/\/timeksyalitim.com.tr\/home\/wp-json\/wp\/v2\/types\/product"}],"replies":[{"embeddable":true,"href":"https:\/\/timeksyalitim.com.tr\/home\/wp-json\/wp\/v2\/comments?post=3011"}],"wp:featuredmedia":[{"embeddable":true,"href":"https:\/\/timeksyalitim.com.tr\/home\/wp-json\/wp\/v2\/media\/3078"}],"wp:attachment":[{"href":"https:\/\/timeksyalitim.com.tr\/home\/wp-json\/wp\/v2\/media?parent=3011"}],"wp:term":[{"taxonomy":"product_brand","embeddable":true,"href":"https:\/\/timeksyalitim.com.tr\/home\/wp-json\/wp\/v2\/product_brand?post=3011"},{"taxonomy":"product_cat","embeddable":true,"href":"https:\/\/timeksyalitim.com.tr\/home\/wp-json\/wp\/v2\/product_cat?post=3011"},{"taxonomy":"product_tag","embeddable":true,"href":"https:\/\/timeksyalitim.com.tr\/home\/wp-json\/wp\/v2\/product_tag?post=3011"}],"curies":[{"name":"wp","href":"https:\/\/api.w.org\/{rel}","templated":true}]}}