{"id":3012,"date":"2022-11-17T13:41:19","date_gmt":"2022-11-17T10:41:19","guid":{"rendered":"http:\/\/timeksyalitim.com.tr\/home\/product\/ravatherm-tasyunu-prefabrik-boru\/"},"modified":"2022-11-18T16:09:04","modified_gmt":"2022-11-18T13:09:04","slug":"ravatherm-tasyunu-prefabrik-boru","status":"publish","type":"product","link":"https:\/\/timeksyalitim.com.tr\/home\/product\/ravatherm-tasyunu-prefabrik-boru\/","title":{"rendered":"Ravatherm Ta\u015fy\u00fcn\u00fc Prefabrik Boru"},"content":{"rendered":"<ul>\n<li>Mekanik tesisat yal\u0131t\u0131m\u0131nda kullan\u0131lan \u00e7\u0131plak veya al\u00fcminyum folyo kaplamal\u0131 ta\u015fy\u00fcn\u00fc borudur.<\/li>\n<li>Karton ambalajlarda piyasaya sunulmaktad\u0131r.<\/li>\n<\/ul>\n<p><strong>KULLANIM ALANLARI<\/strong><\/p>\n<ul>\n<li>Y\u00fcksek s\u0131cakl\u0131ktaki sanayi ve tesisat borular\u0131nda \u0131s\u0131 tasarrufu ve yang\u0131n yal\u0131t\u0131m\u0131 amac\u0131 ile kullan\u0131l\u0131r.<\/li>\n<li>Proses ekipmanlar\u0131nda ses titre\u015fim yal\u0131t\u0131m\u0131nda kullan\u0131l\u0131r.<\/li>\n<\/ul>\n<p><strong>UYGULAMA<\/strong><\/p>\n<ul>\n<li>Kullan\u0131m alan\u0131na ba\u011fl\u0131 olarak \u00e7\u0131plak veya al\u00fcminyum folyo kapl\u0131 olarak uygulan\u0131r. \u00c7\u0131plak prefabrik boru kaplamas\u0131ndan sonra ek yerleri vida, per\u00e7in, kenetleme veya yap\u0131\u015ft\u0131rma y\u00f6ntemi ile, al\u00fcminyum folyoda ise \u00f6zel bant sayesinde tespit edilir.<\/li>\n<\/ul>\n<p>R= 2D olmas\u0131 halinde 1 ara par\u00e7a (a=45\u00b0) kesilir.<br \/>\nR= 5D olmas\u0131 halinde 1 ara par\u00e7a (a=22,5\u00b0) kesilir.<br \/>\nR= 3D olmas\u0131 halinde 1 ara par\u00e7a (a=30\u00b0) kesilir.<\/p>\n<p>* Yo\u011funluk, et kal\u0131nl\u0131\u011f\u0131, i\u00e7 \u00e7ap ve boyutlar\u0131 iste\u011fe g\u00f6re \u00f6zel \u00fcretilmektedir.<\/p>\n<p>&nbsp;<\/p>\n<p><img loading=\"lazy\" decoding=\"async\" class=\"alignnone size-full wp-image-3063\" src=\"http:\/\/timeksyalitim.com.tr\/home\/wp-content\/uploads\/prefabrikboru-tablo.jpg\" alt=\"\" width=\"800\" height=\"800\" \/><\/p>\n","protected":false},"excerpt":{"rendered":"<p>Mekanik tesisat yal\u0131t\u0131m\u0131nda kullan\u0131lan \u00e7\u0131plak veya al\u00fcminyum folyo kaplamal\u0131 ta\u015fy\u00fcn\u00fc borudur.<\/p>\n","protected":false},"featured_media":3062,"comment_status":"open","ping_status":"closed","template":"","meta":[],"product_brand":[],"product_cat":[163],"product_tag":[188],"class_list":{"0":"post-3012","1":"product","2":"type-product","3":"status-publish","4":"has-post-thumbnail","6":"product_cat-boru","7":"product_tag-tasyunu-prefabrik-boru","9":"first","10":"instock","11":"taxable","12":"shipping-taxable","13":"product-type-simple"},"_links":{"self":[{"href":"https:\/\/timeksyalitim.com.tr\/home\/wp-json\/wp\/v2\/product\/3012","targetHints":{"allow":["GET"]}}],"collection":[{"href":"https:\/\/timeksyalitim.com.tr\/home\/wp-json\/wp\/v2\/product"}],"about":[{"href":"https:\/\/timeksyalitim.com.tr\/home\/wp-json\/wp\/v2\/types\/product"}],"replies":[{"embeddable":true,"href":"https:\/\/timeksyalitim.com.tr\/home\/wp-json\/wp\/v2\/comments?post=3012"}],"wp:featuredmedia":[{"embeddable":true,"href":"https:\/\/timeksyalitim.com.tr\/home\/wp-json\/wp\/v2\/media\/3062"}],"wp:attachment":[{"href":"https:\/\/timeksyalitim.com.tr\/home\/wp-json\/wp\/v2\/media?parent=3012"}],"wp:term":[{"taxonomy":"product_brand","embeddable":true,"href":"https:\/\/timeksyalitim.com.tr\/home\/wp-json\/wp\/v2\/product_brand?post=3012"},{"taxonomy":"product_cat","embeddable":true,"href":"https:\/\/timeksyalitim.com.tr\/home\/wp-json\/wp\/v2\/product_cat?post=3012"},{"taxonomy":"product_tag","embeddable":true,"href":"https:\/\/timeksyalitim.com.tr\/home\/wp-json\/wp\/v2\/product_tag?post=3012"}],"curies":[{"name":"wp","href":"https:\/\/api.w.org\/{rel}","templated":true}]}}