{"id":3016,"date":"2022-11-17T13:41:19","date_gmt":"2022-11-17T10:41:19","guid":{"rendered":"http:\/\/timeksyalitim.com.tr\/home\/product\/ravago-dowsil-993-iki-bilesenli-silikon\/"},"modified":"2022-11-17T16:51:16","modified_gmt":"2022-11-17T13:51:16","slug":"ravago-dowsil-993-iki-bilesenli-silikon","status":"publish","type":"product","link":"https:\/\/timeksyalitim.com.tr\/home\/product\/ravago-dowsil-993-iki-bilesenli-silikon\/","title":{"rendered":"Ravago Dowsil 993 \u0130ki Bile\u015fenli Silikon"},"content":{"rendered":"<p><strong>\u00d6zellikler ve Avantajlar<\/strong><\/p>\n<ul>\n<li>Str\u00fckt\u00fcrel Cephe uygulamalar\u0131 i\u00e7in EOTA taraf\u0131ndan geli\u015ftirilen Avrupa Standartlar\u0131na uyumludur<\/li>\n<li>Kaplamal\u0131, emaye bask\u0131l\u0131 ve reflektif camlar, eloksal kaplamal\u0131 ve polyester boyal\u0131 aluminyum y\u00fczeyler ve paslanmaz \u00e7elik de dahil bir \u00e7ok y\u00fczeye \u00fcst\u00fcn yap\u0131\u015fma g\u00f6sterir<\/li>\n<li>Y\u00fcksek mekanik \u00f6zelliklerde<\/li>\n<li>Kokusuzdur, korozyona sebebiyet vermeden k\u00fcrlenir<\/li>\n<li>-50\u00b0C\u2013150\u00b0C gibi geni\u015f bir s\u0131cakl\u0131k aral\u0131\u011f\u0131nda dahi m\u00fckemmel kararl\u0131l\u0131kta<\/li>\n<li>Ozona dayan\u0131kl\u0131<\/li>\n<li>A ve B komponentleri i\u00e7in ak\u0131\u015fkanl\u0131k sabittir, \u0131s\u0131tma gerektirmez<\/li>\n<li>Gerek yeni yap\u0131larda gerekse renovasyonda darbeye dayan\u0131kl\u0131 pencere sistemleri i\u00e7in uygundur<\/li>\n<li>Str\u00fckt\u00fcrel performans kabiliyeti<\/li>\n<li>K\u00fcrlenme sonras\u0131nda \u00fcr\u00fcn, hava \u015fartlar\u0131na kar\u015f\u0131 m\u00fckkemmel performans \u00f6zelliklerinin yan\u0131nda ultraviyole \u0131\u015f\u0131nlar\u0131na, s\u0131cakl\u0131k ve neme kar\u015f\u0131 \u00e7ok y\u00fcksek dayan\u0131m sergiler<\/li>\n<li>Baz ve Kataliz\u00f6r\u00fcn ayn\u0131 Lot`tan olmas\u0131 gerekmez<\/li>\n<li>Farkl\u0131 gri tonlar\u0131nda mevcuttur (Renk kartelas\u0131na ba\u015fvurunuz)<\/li>\n<\/ul>\n","protected":false},"excerpt":{"rendered":"<p>Str\u00fckt\u00fcrel Cephe uygulamalar\u0131 i\u00e7in EOTA taraf\u0131ndan geli\u015ftirilen Avrupa Standartlar\u0131na uyumludur<\/p>\n","protected":false},"featured_media":3072,"comment_status":"open","ping_status":"closed","template":"","meta":[],"product_brand":[],"product_cat":[238],"product_tag":[257],"class_list":{"0":"post-3016","1":"product","2":"type-product","3":"status-publish","4":"has-post-thumbnail","6":"product_cat-mastikler-2","7":"product_tag-dowsil-993-iki-bilesenli-silikon","9":"first","10":"instock","11":"taxable","12":"shipping-taxable","13":"product-type-simple"},"_links":{"self":[{"href":"https:\/\/timeksyalitim.com.tr\/home\/wp-json\/wp\/v2\/product\/3016","targetHints":{"allow":["GET"]}}],"collection":[{"href":"https:\/\/timeksyalitim.com.tr\/home\/wp-json\/wp\/v2\/product"}],"about":[{"href":"https:\/\/timeksyalitim.com.tr\/home\/wp-json\/wp\/v2\/types\/product"}],"replies":[{"embeddable":true,"href":"https:\/\/timeksyalitim.com.tr\/home\/wp-json\/wp\/v2\/comments?post=3016"}],"wp:featuredmedia":[{"embeddable":true,"href":"https:\/\/timeksyalitim.com.tr\/home\/wp-json\/wp\/v2\/media\/3072"}],"wp:attachment":[{"href":"https:\/\/timeksyalitim.com.tr\/home\/wp-json\/wp\/v2\/media?parent=3016"}],"wp:term":[{"taxonomy":"product_brand","embeddable":true,"href":"https:\/\/timeksyalitim.com.tr\/home\/wp-json\/wp\/v2\/product_brand?post=3016"},{"taxonomy":"product_cat","embeddable":true,"href":"https:\/\/timeksyalitim.com.tr\/home\/wp-json\/wp\/v2\/product_cat?post=3016"},{"taxonomy":"product_tag","embeddable":true,"href":"https:\/\/timeksyalitim.com.tr\/home\/wp-json\/wp\/v2\/product_tag?post=3016"}],"curies":[{"name":"wp","href":"https:\/\/api.w.org\/{rel}","templated":true}]}}