{"id":3017,"date":"2022-11-17T13:41:19","date_gmt":"2022-11-17T10:41:19","guid":{"rendered":"http:\/\/timeksyalitim.com.tr\/home\/product\/ravago-dowsil-895-strukturel-cephe-silikonu\/"},"modified":"2022-11-17T16:41:14","modified_gmt":"2022-11-17T13:41:14","slug":"ravago-dowsil-895-strukturel-cephe-silikonu","status":"publish","type":"product","link":"https:\/\/timeksyalitim.com.tr\/home\/product\/ravago-dowsil-895-strukturel-cephe-silikonu\/","title":{"rendered":"Ravago Dows\u0131l 895 Str\u00fckt\u00fcrel Cephe Silikonu"},"content":{"rendered":"<p>Tek bile\u015fenli, n\u00f6tr k\u00fcrlenen silikon yap\u0131\u015ft\u0131r\u0131c\u0131, cam\u0131n, metalin ya da di\u011fer bina bile\u015fenlerinin str\u00fckt\u00fcrel bonding uygulamalar\u0131 i\u00e7in kullan\u0131l\u0131r.<\/p>\n<p><strong>Kullan\u0131m\u0131:<\/strong><\/p>\n<ul>\n<li>S\u00fcrekli bir hava ve su bariyeri olarak do\u011fal hava olaylar\u0131na (\u00f6zellikle kas\u0131rga ve tayfun) kar\u015f\u0131 diren\u00e7lidir.<\/li>\n<li>Cama sismik aktivite alt\u0131nda esnek bir tutunma sa\u011flar.<\/li>\n<li>Uzun d\u00f6nem ultraviolet (UV) \u0131\u015f\u0131\u011f\u0131 maruzat\u0131na kar\u015f\u0131 mukavemet<\/li>\n<\/ul>\n","protected":false},"excerpt":{"rendered":"<p>Tek bile\u015fenli, n\u00f6tr k\u00fcrlenen silikon yap\u0131\u015ft\u0131r\u0131c\u0131, cam\u0131n, metalin ya da di\u011fer bina bile\u015fenlerinin str\u00fckt\u00fcrel bonding uygulamalar\u0131 i\u00e7in kullan\u0131l\u0131r.<\/p>\n","protected":false},"featured_media":3067,"comment_status":"open","ping_status":"closed","template":"","meta":[],"product_brand":[],"product_cat":[238],"product_tag":[255],"class_list":{"0":"post-3017","1":"product","2":"type-product","3":"status-publish","4":"has-post-thumbnail","6":"product_cat-mastikler-2","7":"product_tag-dowsil-895-strukturel-cephe-silikonu","9":"first","10":"instock","11":"taxable","12":"shipping-taxable","13":"product-type-simple"},"_links":{"self":[{"href":"https:\/\/timeksyalitim.com.tr\/home\/wp-json\/wp\/v2\/product\/3017","targetHints":{"allow":["GET"]}}],"collection":[{"href":"https:\/\/timeksyalitim.com.tr\/home\/wp-json\/wp\/v2\/product"}],"about":[{"href":"https:\/\/timeksyalitim.com.tr\/home\/wp-json\/wp\/v2\/types\/product"}],"replies":[{"embeddable":true,"href":"https:\/\/timeksyalitim.com.tr\/home\/wp-json\/wp\/v2\/comments?post=3017"}],"wp:featuredmedia":[{"embeddable":true,"href":"https:\/\/timeksyalitim.com.tr\/home\/wp-json\/wp\/v2\/media\/3067"}],"wp:attachment":[{"href":"https:\/\/timeksyalitim.com.tr\/home\/wp-json\/wp\/v2\/media?parent=3017"}],"wp:term":[{"taxonomy":"product_brand","embeddable":true,"href":"https:\/\/timeksyalitim.com.tr\/home\/wp-json\/wp\/v2\/product_brand?post=3017"},{"taxonomy":"product_cat","embeddable":true,"href":"https:\/\/timeksyalitim.com.tr\/home\/wp-json\/wp\/v2\/product_cat?post=3017"},{"taxonomy":"product_tag","embeddable":true,"href":"https:\/\/timeksyalitim.com.tr\/home\/wp-json\/wp\/v2\/product_tag?post=3017"}],"curies":[{"name":"wp","href":"https:\/\/api.w.org\/{rel}","templated":true}]}}