{"id":3019,"date":"2022-11-17T13:41:19","date_gmt":"2022-11-17T10:41:19","guid":{"rendered":"http:\/\/timeksyalitim.com.tr\/home\/product\/ravago-dowsil-796-notral-silikon\/"},"modified":"2022-11-17T16:45:01","modified_gmt":"2022-11-17T13:45:01","slug":"ravago-dowsil-796-notral-silikon","status":"publish","type":"product","link":"https:\/\/timeksyalitim.com.tr\/home\/product\/ravago-dowsil-796-notral-silikon\/","title":{"rendered":"Ravago Dowsil 796 N\u00f6tral Silikon"},"content":{"rendered":"<p>Tek bile\u015fenli, \u00f6zellikle PVC-U, cam, kaplamal\u0131 y\u00fczeyler, tu\u011fla i\u015fi uygulamalar\u0131nda kullan\u0131lan n\u00f6tral silikon yap\u0131\u015ft\u0131r\u0131c\u0131d\u0131r. Kap\u0131 ve pencerelerin \u00e7evresel yap\u0131\u015ft\u0131rma uygulamalar\u0131 i\u00e7in olduk\u00e7a pop\u00fclerdir.<\/p>\n","protected":false},"excerpt":{"rendered":"<p>Tek bile\u015fenli, \u00f6zellikle PVC-U, cam, kaplamal\u0131 y\u00fczeyler, tu\u011fla i\u015fi uygulamalar\u0131nda kullan\u0131lan n\u00f6tral silikon yap\u0131\u015ft\u0131r\u0131c\u0131d\u0131r.<\/p>\n","protected":false},"featured_media":3069,"comment_status":"open","ping_status":"closed","template":"","meta":[],"product_brand":[],"product_cat":[238],"product_tag":[256],"class_list":{"0":"post-3019","1":"product","2":"type-product","3":"status-publish","4":"has-post-thumbnail","6":"product_cat-mastikler-2","7":"product_tag-dowsil-796-notral-silikon","9":"first","10":"instock","11":"taxable","12":"shipping-taxable","13":"product-type-simple"},"_links":{"self":[{"href":"https:\/\/timeksyalitim.com.tr\/home\/wp-json\/wp\/v2\/product\/3019","targetHints":{"allow":["GET"]}}],"collection":[{"href":"https:\/\/timeksyalitim.com.tr\/home\/wp-json\/wp\/v2\/product"}],"about":[{"href":"https:\/\/timeksyalitim.com.tr\/home\/wp-json\/wp\/v2\/types\/product"}],"replies":[{"embeddable":true,"href":"https:\/\/timeksyalitim.com.tr\/home\/wp-json\/wp\/v2\/comments?post=3019"}],"wp:featuredmedia":[{"embeddable":true,"href":"https:\/\/timeksyalitim.com.tr\/home\/wp-json\/wp\/v2\/media\/3069"}],"wp:attachment":[{"href":"https:\/\/timeksyalitim.com.tr\/home\/wp-json\/wp\/v2\/media?parent=3019"}],"wp:term":[{"taxonomy":"product_brand","embeddable":true,"href":"https:\/\/timeksyalitim.com.tr\/home\/wp-json\/wp\/v2\/product_brand?post=3019"},{"taxonomy":"product_cat","embeddable":true,"href":"https:\/\/timeksyalitim.com.tr\/home\/wp-json\/wp\/v2\/product_cat?post=3019"},{"taxonomy":"product_tag","embeddable":true,"href":"https:\/\/timeksyalitim.com.tr\/home\/wp-json\/wp\/v2\/product_tag?post=3019"}],"curies":[{"name":"wp","href":"https:\/\/api.w.org\/{rel}","templated":true}]}}