{"id":3020,"date":"2022-11-17T13:41:19","date_gmt":"2022-11-17T10:41:19","guid":{"rendered":"http:\/\/timeksyalitim.com.tr\/home\/product\/ravago-dowsil-r-40-universal-temizleyici\/"},"modified":"2022-11-17T16:53:58","modified_gmt":"2022-11-17T13:53:58","slug":"ravago-dowsil-r-40-universal-temizleyici","status":"publish","type":"product","link":"https:\/\/timeksyalitim.com.tr\/home\/product\/ravago-dowsil-r-40-universal-temizleyici\/","title":{"rendered":"Ravago Dowsil R-40 Universal Temizleyici"},"content":{"rendered":"<p>\u00d6zel form\u00fcll\u00fc solvent kar\u0131\u015f\u0131m\u0131 str\u00fckt\u00fcrel ceppe, yal\u0131t\u0131ml\u0131 cam sistemleri, pencere &amp; kap\u0131 ve di\u011fer alanlarda bonding uygulamalar\u0131 \u00f6ncesinde temizlik ama\u00e7l\u0131 kullan\u0131l\u0131r.<\/p>\n<p><strong>\u00d6zellikleri<\/strong><br \/>\nBelirtilen \u00f6zellikler malzemenin tipik \u00f6zellikleridir, spesifikasyon haz\u0131rlama ama\u00e7l\u0131 kullan\u0131lmamal\u0131d\u0131r.<\/p>\n<p>Renk : Renksiz<br \/>\nFonksiyonu: Temizleyici<br \/>\n\u00d6zg\u00fcl a\u011f\u0131rl\u0131\u011f\u0131 (23\u00b0C): 0.79<br \/>\nY\u00fczey: P\u00fcr\u00fczs\u00fczUV \u0130zi: Hay\u0131r<br \/>\nViskozite (23\u00b0C) 2 mPa.<\/p>\n","protected":false},"excerpt":{"rendered":"<p>\u00d6zel form\u00fcll\u00fc solvent kar\u0131\u015f\u0131m\u0131 str\u00fckt\u00fcrel ceppe, yal\u0131t\u0131ml\u0131 cam sistemleri, pencere &amp; kap\u0131 ve di\u011fer alanlarda bonding uygulamalar\u0131 \u00f6ncesinde temizlik ama\u00e7l\u0131 kullan\u0131l\u0131r.<\/p>\n","protected":false},"featured_media":3074,"comment_status":"open","ping_status":"closed","template":"","meta":[],"product_brand":[],"product_cat":[239],"product_tag":[258],"class_list":{"0":"post-3020","1":"product","2":"type-product","3":"status-publish","4":"has-post-thumbnail","6":"product_cat-astarlar-2","7":"product_tag-dowsil-r-40-universal-temizleyici","9":"first","10":"instock","11":"taxable","12":"shipping-taxable","13":"product-type-simple"},"_links":{"self":[{"href":"https:\/\/timeksyalitim.com.tr\/home\/wp-json\/wp\/v2\/product\/3020","targetHints":{"allow":["GET"]}}],"collection":[{"href":"https:\/\/timeksyalitim.com.tr\/home\/wp-json\/wp\/v2\/product"}],"about":[{"href":"https:\/\/timeksyalitim.com.tr\/home\/wp-json\/wp\/v2\/types\/product"}],"replies":[{"embeddable":true,"href":"https:\/\/timeksyalitim.com.tr\/home\/wp-json\/wp\/v2\/comments?post=3020"}],"wp:featuredmedia":[{"embeddable":true,"href":"https:\/\/timeksyalitim.com.tr\/home\/wp-json\/wp\/v2\/media\/3074"}],"wp:attachment":[{"href":"https:\/\/timeksyalitim.com.tr\/home\/wp-json\/wp\/v2\/media?parent=3020"}],"wp:term":[{"taxonomy":"product_brand","embeddable":true,"href":"https:\/\/timeksyalitim.com.tr\/home\/wp-json\/wp\/v2\/product_brand?post=3020"},{"taxonomy":"product_cat","embeddable":true,"href":"https:\/\/timeksyalitim.com.tr\/home\/wp-json\/wp\/v2\/product_cat?post=3020"},{"taxonomy":"product_tag","embeddable":true,"href":"https:\/\/timeksyalitim.com.tr\/home\/wp-json\/wp\/v2\/product_tag?post=3020"}],"curies":[{"name":"wp","href":"https:\/\/api.w.org\/{rel}","templated":true}]}}