{"id":3021,"date":"2022-11-17T13:41:20","date_gmt":"2022-11-17T10:41:20","guid":{"rendered":"http:\/\/timeksyalitim.com.tr\/home\/product\/ravago-dowsil-1200-os-yuzey-sartlayici-astar\/"},"modified":"2022-11-17T15:45:59","modified_gmt":"2022-11-17T12:45:59","slug":"ravago-dowsil-1200-os-yuzey-sartlayici-astar","status":"publish","type":"product","link":"https:\/\/timeksyalitim.com.tr\/home\/product\/ravago-dowsil-1200-os-yuzey-sartlayici-astar\/","title":{"rendered":"Ravago Dowsil 1200 Os Y\u00fczey \u015eartlay\u0131c\u0131 Astar"},"content":{"rendered":"<p>Yap\u0131\u015ft\u0131r\u0131c\u0131 uygulamalar\u0131ndan \u00f6nce y\u00fczeyi haz\u0131rlamak i\u00e7in kullan\u0131lan, nem reaktif maddelerin u\u00e7ucu siloxane i\u00e7indeki seyreltik \u00e7\u00f6zeltisidir. \u00c7e\u015fitli d\u00fcz y\u00fczeylerde oda s\u0131cakl\u0131\u011f\u0131nda volkanize silikon contalar\u0131n hem yap\u0131\u015fma kalitesini hem de yap\u0131\u015fma h\u0131z\u0131n\u0131 art\u0131r\u0131r.<\/p>\n<p><strong>Faydalar\u0131<\/strong><br \/>\nHem nemle sertle\u015fen RTV hem de \u0131s\u0131yla sertle\u015fen silikonlarda kullan\u0131labilir<br \/>\nSeyreltik d\u00fc\u015f\u00fck molek\u00fcler a\u011f\u0131rl\u0131kl\u0131 ak\u0131\u015fkan silikon<br \/>\nD\u00fc\u015f\u00fck VOC i\u00e7eri\u011fiyle Avrupa Birli\u011fi dahil pek \u00e7ok uluslararas\u0131 y\u00f6netmeli\u011fe uygundur<br \/>\nRTV ve \u0131s\u0131yla sertle\u015fen silikonlar\u0131n seramik cam ah\u015fap ta\u015f in\u015faat plastikleri (FR-4 dahil) ve metallere yap\u0131\u015fma kalitesini art\u0131r\u0131r.<\/p>\n<p><strong>\u00d6zellikleri<\/strong><br \/>\nBelirtilen \u00f6zellikler malzemenin tipik \u00f6zellikleridir, spesifikasyon haz\u0131rlama ama\u00e7l\u0131 kullan\u0131lmamal\u0131d\u0131r.<br \/>\nYap\u0131\u015fma: mermer ta\u015f ve ah\u015fap<br \/>\nRenk: \u015feffaf ve k\u0131rm\u0131z\u0131 (Amerika hari\u00e7),<br \/>\nParlama S\u0131cakl\u0131\u011f\u0131: kapal\u0131 kapta 27 oC<br \/>\nBile\u015fen Say\u0131s\u0131: tek bile\u015fenli<br \/>\nRaf \u00d6mr\u00fc: 540 g\u00fcn<br \/>\nU\u00e7ucu Organik \u0130\u00e7erik: 76 gr\/litre<\/p>\n<p><strong>Uygulama Alanlar\u0131<\/strong><\/p>\n<ul>\n<li>Cam Cephe Sistemleri<\/li>\n<li>Beyaz E\u015fya \/ OEM<\/li>\n<li>Havaland\u0131rmal\u0131 Cephe<\/li>\n<li>Giydirme Cephe<\/li>\n<li>Prefabrik Evler<\/li>\n<\/ul>\n<p>&nbsp;<\/p>\n<p>[wpdm_package id=&#8217;3047&#8242;]<\/p>\n","protected":false},"excerpt":{"rendered":"<p>Yap\u0131\u015ft\u0131r\u0131c\u0131 uygulamalar\u0131ndan \u00f6nce y\u00fczeyi haz\u0131rlamak i\u00e7in kullan\u0131lan, nem reaktif maddelerin u\u00e7ucu siloxane i\u00e7indeki seyreltik \u00e7\u00f6zeltisidir.<\/p>\n","protected":false},"featured_media":3046,"comment_status":"open","ping_status":"closed","template":"","meta":[],"product_brand":[],"product_cat":[239],"product_tag":[246],"class_list":{"0":"post-3021","1":"product","2":"type-product","3":"status-publish","4":"has-post-thumbnail","6":"product_cat-astarlar-2","7":"product_tag-yuzey-sartlayici-astar","9":"first","10":"instock","11":"taxable","12":"shipping-taxable","13":"product-type-simple"},"_links":{"self":[{"href":"https:\/\/timeksyalitim.com.tr\/home\/wp-json\/wp\/v2\/product\/3021","targetHints":{"allow":["GET"]}}],"collection":[{"href":"https:\/\/timeksyalitim.com.tr\/home\/wp-json\/wp\/v2\/product"}],"about":[{"href":"https:\/\/timeksyalitim.com.tr\/home\/wp-json\/wp\/v2\/types\/product"}],"replies":[{"embeddable":true,"href":"https:\/\/timeksyalitim.com.tr\/home\/wp-json\/wp\/v2\/comments?post=3021"}],"wp:featuredmedia":[{"embeddable":true,"href":"https:\/\/timeksyalitim.com.tr\/home\/wp-json\/wp\/v2\/media\/3046"}],"wp:attachment":[{"href":"https:\/\/timeksyalitim.com.tr\/home\/wp-json\/wp\/v2\/media?parent=3021"}],"wp:term":[{"taxonomy":"product_brand","embeddable":true,"href":"https:\/\/timeksyalitim.com.tr\/home\/wp-json\/wp\/v2\/product_brand?post=3021"},{"taxonomy":"product_cat","embeddable":true,"href":"https:\/\/timeksyalitim.com.tr\/home\/wp-json\/wp\/v2\/product_cat?post=3021"},{"taxonomy":"product_tag","embeddable":true,"href":"https:\/\/timeksyalitim.com.tr\/home\/wp-json\/wp\/v2\/product_tag?post=3021"}],"curies":[{"name":"wp","href":"https:\/\/api.w.org\/{rel}","templated":true}]}}