{"id":3023,"date":"2022-11-17T13:41:20","date_gmt":"2022-11-17T10:41:20","guid":{"rendered":"http:\/\/timeksyalitim.com.tr\/home\/product\/ravago-dowsil-firestop-400\/"},"modified":"2022-11-17T16:03:11","modified_gmt":"2022-11-17T13:03:11","slug":"ravago-dowsil-firestop-400","status":"publish","type":"product","link":"https:\/\/timeksyalitim.com.tr\/home\/product\/ravago-dowsil-firestop-400\/","title":{"rendered":"Ravago Dowsil Firestop 400"},"content":{"rendered":"<p>Tek par\u00e7a (tek bile\u015fenli) kabar\u0131k akrilik s\u0131v\u0131 conta herhangi bir yard\u0131mc\u0131ya gerek duymaks\u0131z\u0131n geni\u015f bir malzeme yelpazesinde harika yap\u0131\u015fma \u00f6zellikleri sergiler. Y\u00fcksek \u015fi\u015fme kabiliyeti y\u00fcksek s\u0131cakl\u0131klarda \u015fi\u015ferek alev ve dumana kar\u015f\u0131 \u00fcst\u00fcn bir diren\u00e7 ve koruma sa\u011flar.<\/p>\n<p><strong>Kullan\u0131m Alanlar\u0131<\/strong><\/p>\n<ul>\n<li>\u0130\u00e7 d\u00f6\u015femelerin kap\u0131 ve pencere \u00e7er\u00e7evelerinde, yang\u0131n duvarlar\u0131n\u0131n bak\u0131mlar\u0131nda b\u00fct\u00fcnl\u00fc\u011f\u00fcn sa\u011flanmas\u0131 i\u00e7in<\/li>\n<li>Yang\u0131n duvarlar\u0131n\u0131n derzlerinde \u2013 birle\u015fme yerlerinde<\/li>\n<\/ul>\n<p><strong>Faydalar\u0131<\/strong><\/p>\n<ul>\n<li>D\u00f6rt saate varan aleve dayan\u0131m<\/li>\n<li>Boyanabilir su bazl\u0131 s\u0131v\u0131 conta<\/li>\n<li>Y\u00fcksek s\u0131cakl\u0131klarda \u015fi\u015ferek alev ve dumana kar\u015f\u0131 y\u00fcksek koruma sa\u011flar<\/li>\n<li>Kullan\u0131ma haz\u0131r<\/li>\n<\/ul>\n","protected":false},"excerpt":{"rendered":"<p>Tek par\u00e7a (tek bile\u015fenli) kabar\u0131k akrilik s\u0131v\u0131 conta herhangi bir yard\u0131mc\u0131ya gerek duymaks\u0131z\u0131n geni\u015f bir malzeme yelpazesinde harika yap\u0131\u015fma \u00f6zellikleri sergiler.<\/p>\n","protected":false},"featured_media":3051,"comment_status":"open","ping_status":"closed","template":"","meta":[],"product_brand":[],"product_cat":[238],"product_tag":[248],"class_list":{"0":"post-3023","1":"product","2":"type-product","3":"status-publish","4":"has-post-thumbnail","6":"product_cat-mastikler-2","7":"product_tag-dowsil-firestop-400","9":"first","10":"instock","11":"taxable","12":"shipping-taxable","13":"product-type-simple"},"_links":{"self":[{"href":"https:\/\/timeksyalitim.com.tr\/home\/wp-json\/wp\/v2\/product\/3023","targetHints":{"allow":["GET"]}}],"collection":[{"href":"https:\/\/timeksyalitim.com.tr\/home\/wp-json\/wp\/v2\/product"}],"about":[{"href":"https:\/\/timeksyalitim.com.tr\/home\/wp-json\/wp\/v2\/types\/product"}],"replies":[{"embeddable":true,"href":"https:\/\/timeksyalitim.com.tr\/home\/wp-json\/wp\/v2\/comments?post=3023"}],"wp:featuredmedia":[{"embeddable":true,"href":"https:\/\/timeksyalitim.com.tr\/home\/wp-json\/wp\/v2\/media\/3051"}],"wp:attachment":[{"href":"https:\/\/timeksyalitim.com.tr\/home\/wp-json\/wp\/v2\/media?parent=3023"}],"wp:term":[{"taxonomy":"product_brand","embeddable":true,"href":"https:\/\/timeksyalitim.com.tr\/home\/wp-json\/wp\/v2\/product_brand?post=3023"},{"taxonomy":"product_cat","embeddable":true,"href":"https:\/\/timeksyalitim.com.tr\/home\/wp-json\/wp\/v2\/product_cat?post=3023"},{"taxonomy":"product_tag","embeddable":true,"href":"https:\/\/timeksyalitim.com.tr\/home\/wp-json\/wp\/v2\/product_tag?post=3023"}],"curies":[{"name":"wp","href":"https:\/\/api.w.org\/{rel}","templated":true}]}}