{"id":3024,"date":"2022-11-17T13:41:20","date_gmt":"2022-11-17T10:41:20","guid":{"rendered":"http:\/\/timeksyalitim.com.tr\/home\/product\/ravago-dowsil-896-panelfix-silikon\/"},"modified":"2022-11-17T16:17:12","modified_gmt":"2022-11-17T13:17:12","slug":"ravago-dowsil-896-panelfix-silikon","status":"publish","type":"product","link":"https:\/\/timeksyalitim.com.tr\/home\/product\/ravago-dowsil-896-panelfix-silikon\/","title":{"rendered":"Ravago Dowsil 896 Panelfix Silikon"},"content":{"rendered":"<p>Panel bonding uygulamalar\u0131 i\u00e7in \u00e7abuk k\u00fcrlenen tek bile\u015fenli silikon.<\/p>\n<p><strong>Kullan\u0131m Alanlar\u0131<\/strong><\/p>\n<p><strong>Fabrikada Ba\u011flama:<\/strong> Fabrikada \u00fcretim esnas\u0131nda ba\u011flama kancalar\u0131n\u0131n yap\u0131\u015ft\u0131r\u0131lmas\u0131nda kullan\u0131l\u0131r. Y\u00fcksek hareket kabiliyeti sayesinde \u00e7er\u00e7eveye ba\u011flamada b\u00fcy\u00fck kolayl\u0131k sa\u011flar. \u00c7abuk sertle\u015febilmesi sayesinde bant kullanmaya gerek kalmaz.<br \/>\n<strong>\u015eantiyede Ba\u011flama:<\/strong> \u2013 DOWSIL\u2122 896 PanelFix ve DOWSIL\u2122 PanelFix Tape cephe panellerin \u00e7er\u00e7eveye ba\u011flanmas\u0131nda do\u011frudan uygulanabilir.<\/p>\n<p><strong>Faydalar\u0131<\/strong><\/p>\n<ul>\n<li>Anodize al\u00fcminyum ya da mineral substrat gibi \u015fartlay\u0131c\u0131lara ihtiya\u00e7 duymadan y\u00fcksek yap\u0131\u015fma \u00f6zelli\u011fi g\u00f6sterir.<\/li>\n<li>\u00c7iviyle tutturma uygulamalar\u0131n\u0131 h\u0131zland\u0131r\u0131r<\/li>\n<li>Sertle\u015ftikten sonra \u00e7ok dayan\u0131kl\u0131d\u0131r<\/li>\n<li>Kullan\u0131m ve uygulama kolayl\u0131\u011f\u0131 sa\u011flar<\/li>\n<li>Dow QUALITY BOND\u2122 program \u00e7er\u00e7evesinde denetim ve garanti deste\u011fi vard\u0131r.<\/li>\n<\/ul>\n","protected":false},"excerpt":{"rendered":"<p>Panel bonding uygulamalar\u0131 i\u00e7in \u00e7abuk k\u00fcrlenen tek bile\u015fenli silikon. Kullan\u0131m Alanlar\u0131 Fabrikada Ba\u011flama: Fabrikada \u00fcretim esnas\u0131nda ba\u011flama kancalar\u0131n\u0131n yap\u0131\u015ft\u0131r\u0131lmas\u0131nda kullan\u0131l\u0131r.<\/p>\n","protected":false},"featured_media":3056,"comment_status":"open","ping_status":"closed","template":"","meta":[],"product_brand":[],"product_cat":[238],"product_tag":[251],"class_list":{"0":"post-3024","1":"product","2":"type-product","3":"status-publish","4":"has-post-thumbnail","6":"product_cat-mastikler-2","7":"product_tag-dowsil-896-panelfix-silikon","9":"first","10":"instock","11":"taxable","12":"shipping-taxable","13":"product-type-simple"},"_links":{"self":[{"href":"https:\/\/timeksyalitim.com.tr\/home\/wp-json\/wp\/v2\/product\/3024","targetHints":{"allow":["GET"]}}],"collection":[{"href":"https:\/\/timeksyalitim.com.tr\/home\/wp-json\/wp\/v2\/product"}],"about":[{"href":"https:\/\/timeksyalitim.com.tr\/home\/wp-json\/wp\/v2\/types\/product"}],"replies":[{"embeddable":true,"href":"https:\/\/timeksyalitim.com.tr\/home\/wp-json\/wp\/v2\/comments?post=3024"}],"wp:featuredmedia":[{"embeddable":true,"href":"https:\/\/timeksyalitim.com.tr\/home\/wp-json\/wp\/v2\/media\/3056"}],"wp:attachment":[{"href":"https:\/\/timeksyalitim.com.tr\/home\/wp-json\/wp\/v2\/media?parent=3024"}],"wp:term":[{"taxonomy":"product_brand","embeddable":true,"href":"https:\/\/timeksyalitim.com.tr\/home\/wp-json\/wp\/v2\/product_brand?post=3024"},{"taxonomy":"product_cat","embeddable":true,"href":"https:\/\/timeksyalitim.com.tr\/home\/wp-json\/wp\/v2\/product_cat?post=3024"},{"taxonomy":"product_tag","embeddable":true,"href":"https:\/\/timeksyalitim.com.tr\/home\/wp-json\/wp\/v2\/product_tag?post=3024"}],"curies":[{"name":"wp","href":"https:\/\/api.w.org\/{rel}","templated":true}]}}