{"id":3027,"date":"2022-11-17T13:41:22","date_gmt":"2022-11-17T10:41:22","guid":{"rendered":"http:\/\/timeksyalitim.com.tr\/home\/product\/ravago-dupont-fortasun-pv-804-notr-silikon\/"},"modified":"2022-11-17T14:44:12","modified_gmt":"2022-11-17T11:44:12","slug":"ravago-dupont-fortasun-pv-804-notr-silikon","status":"publish","type":"product","link":"https:\/\/timeksyalitim.com.tr\/home\/product\/ravago-dupont-fortasun-pv-804-notr-silikon\/","title":{"rendered":"Ravago Dupont \u2013 Fortasun Pv 804 N\u00f6tr Silikon"},"content":{"rendered":"<ul>\n<li>PV (Photovoltaic) end\u00fcstrisinde kan\u0131tlanm\u0131\u015f \u00e7\u00f6z\u00fcmler sunar.<\/li>\n<li>Tipik PV y\u00fczeylerine yap\u0131\u015fma sa\u011flar.<\/li>\n<li>Y\u00fczeyde mekanik \u015fok ve termal \u00e7evrim stresine kar\u015f\u0131 koruma sa\u011flar.<\/li>\n<\/ul>\n<h3 class=\"section-title\">UYGULAMA ALANLARI<\/h3>\n<ul>\n<li>Solar Sistem Uygulamalar\u0131<\/li>\n<li>Beyaz E\u015fya \/ OEM<\/li>\n<\/ul>\n<p>[wpdm_package id=&#8217;3035&#8242;]<\/p>\n","protected":false},"excerpt":{"rendered":"<p>PV (Photovoltaic) end\u00fcstrisinde kan\u0131tlanm\u0131\u015f \u00e7\u00f6z\u00fcmler sunar. Tipik PV y\u00fczeylerine yap\u0131\u015fma sa\u011flar. Y\u00fczeyde mekanik \u015fok ve termal \u00e7evrim stresine kar\u015f\u0131 koruma sa\u011flar.<\/p>\n","protected":false},"featured_media":3036,"comment_status":"open","ping_status":"closed","template":"","meta":[],"product_brand":[],"product_cat":[238],"product_tag":[243],"class_list":{"0":"post-3027","1":"product","2":"type-product","3":"status-publish","4":"has-post-thumbnail","6":"product_cat-mastikler-2","7":"product_tag-silikon","9":"first","10":"instock","11":"taxable","12":"shipping-taxable","13":"product-type-simple"},"_links":{"self":[{"href":"https:\/\/timeksyalitim.com.tr\/home\/wp-json\/wp\/v2\/product\/3027","targetHints":{"allow":["GET"]}}],"collection":[{"href":"https:\/\/timeksyalitim.com.tr\/home\/wp-json\/wp\/v2\/product"}],"about":[{"href":"https:\/\/timeksyalitim.com.tr\/home\/wp-json\/wp\/v2\/types\/product"}],"replies":[{"embeddable":true,"href":"https:\/\/timeksyalitim.com.tr\/home\/wp-json\/wp\/v2\/comments?post=3027"}],"wp:featuredmedia":[{"embeddable":true,"href":"https:\/\/timeksyalitim.com.tr\/home\/wp-json\/wp\/v2\/media\/3036"}],"wp:attachment":[{"href":"https:\/\/timeksyalitim.com.tr\/home\/wp-json\/wp\/v2\/media?parent=3027"}],"wp:term":[{"taxonomy":"product_brand","embeddable":true,"href":"https:\/\/timeksyalitim.com.tr\/home\/wp-json\/wp\/v2\/product_brand?post=3027"},{"taxonomy":"product_cat","embeddable":true,"href":"https:\/\/timeksyalitim.com.tr\/home\/wp-json\/wp\/v2\/product_cat?post=3027"},{"taxonomy":"product_tag","embeddable":true,"href":"https:\/\/timeksyalitim.com.tr\/home\/wp-json\/wp\/v2\/product_tag?post=3027"}],"curies":[{"name":"wp","href":"https:\/\/api.w.org\/{rel}","templated":true}]}}