{"id":3028,"date":"2022-11-17T13:41:22","date_gmt":"2022-11-17T10:41:22","guid":{"rendered":"http:\/\/timeksyalitim.com.tr\/home\/product\/ravago-dupont-tyvek-uv-facade-bant\/"},"modified":"2022-11-17T14:56:28","modified_gmt":"2022-11-17T11:56:28","slug":"ravago-dupont-tyvek-uv-facade-bant","status":"publish","type":"product","link":"https:\/\/timeksyalitim.com.tr\/home\/product\/ravago-dupont-tyvek-uv-facade-bant\/","title":{"rendered":"Ravago Dupont Tyvek Uv Facade Bant"},"content":{"rendered":"<p>Bu \u00e7ift tarafl\u0131 b\u00fctil bant yayg\u0131n olarak kullan\u0131lan in\u015faat malzemeleriyle uyumludur, neme ve kimyasallara dayan\u0131kl\u0131 hava ve su ge\u00e7irmez kapat\u0131c\u0131l\u0131\u011fa ula\u015fman\u0131za yard\u0131mc\u0131 olur.<\/p>\n<p>Tyvek\u00ae B\u00fctil Bant, ah\u015fap \u00e7\u0131ta alt\u0131na d\u00f6\u015feme gibi s\u0131k\u0131\u015ft\u0131r\u0131larak kullan\u0131ld\u0131\u011f\u0131nda olduk\u00e7a etkilidir. \u00c7eper, baca ve mesnetlerde, ayr\u0131ca \u00e7ivi giri\u015fleri ile elektrik prizlerinin etraf\u0131n\u0131 kapatmak i\u00e7in kullan\u0131lmas\u0131 \u00f6nerilir.<\/p>\n<h3 class=\"section-title\">UYGULAMA ALANLARI<\/h3>\n<ul>\n<li>Mantolama<\/li>\n<li>Prefabrik Evler<\/li>\n<li>Cam Cephe Sistemleri<\/li>\n<li>Giydirme Cephe<\/li>\n<li>Havaland\u0131rmal\u0131 Cephe<\/li>\n<\/ul>\n<p>[wpdm_package id=&#8217;3040&#8242;]<\/p>\n","protected":false},"excerpt":{"rendered":"<p>Bu \u00e7ift tarafl\u0131 b\u00fctil bant yayg\u0131n olarak kullan\u0131lan in\u015faat malzemeleriyle uyumludur, neme ve kimyasallara dayan\u0131kl\u0131 hava ve su ge\u00e7irmez kapat\u0131c\u0131l\u0131\u011fa ula\u015fman\u0131za yard\u0131mc\u0131 olur.<\/p>\n","protected":false},"featured_media":3039,"comment_status":"open","ping_status":"closed","template":"","meta":[],"product_brand":[],"product_cat":[241],"product_tag":[244],"class_list":{"0":"post-3028","1":"product","2":"type-product","3":"status-publish","4":"has-post-thumbnail","6":"product_cat-bantlar-2","7":"product_tag-uv-facade-bant","9":"first","10":"instock","11":"taxable","12":"shipping-taxable","13":"product-type-simple"},"_links":{"self":[{"href":"https:\/\/timeksyalitim.com.tr\/home\/wp-json\/wp\/v2\/product\/3028","targetHints":{"allow":["GET"]}}],"collection":[{"href":"https:\/\/timeksyalitim.com.tr\/home\/wp-json\/wp\/v2\/product"}],"about":[{"href":"https:\/\/timeksyalitim.com.tr\/home\/wp-json\/wp\/v2\/types\/product"}],"replies":[{"embeddable":true,"href":"https:\/\/timeksyalitim.com.tr\/home\/wp-json\/wp\/v2\/comments?post=3028"}],"wp:featuredmedia":[{"embeddable":true,"href":"https:\/\/timeksyalitim.com.tr\/home\/wp-json\/wp\/v2\/media\/3039"}],"wp:attachment":[{"href":"https:\/\/timeksyalitim.com.tr\/home\/wp-json\/wp\/v2\/media?parent=3028"}],"wp:term":[{"taxonomy":"product_brand","embeddable":true,"href":"https:\/\/timeksyalitim.com.tr\/home\/wp-json\/wp\/v2\/product_brand?post=3028"},{"taxonomy":"product_cat","embeddable":true,"href":"https:\/\/timeksyalitim.com.tr\/home\/wp-json\/wp\/v2\/product_cat?post=3028"},{"taxonomy":"product_tag","embeddable":true,"href":"https:\/\/timeksyalitim.com.tr\/home\/wp-json\/wp\/v2\/product_tag?post=3028"}],"curies":[{"name":"wp","href":"https:\/\/api.w.org\/{rel}","templated":true}]}}