{"id":3203,"date":"2022-11-21T15:15:55","date_gmt":"2022-11-21T12:15:55","guid":{"rendered":"http:\/\/timeksyalitim.com.tr\/home\/?post_type=product&#038;p=3203"},"modified":"2022-11-21T15:19:25","modified_gmt":"2022-11-21T12:19:25","slug":"delta-poly-band","status":"publish","type":"product","link":"https:\/\/timeksyalitim.com.tr\/home\/product\/delta-poly-band\/","title":{"rendered":"Delta Poly Band"},"content":{"rendered":"<p class=\"alignLeft\">DELTA\u00ae-REFLEX\u2019in bindirme kenarlar\u0131n\u0131n yap\u0131\u015ft\u0131r\u0131lmas\u0131 i\u00e7in, al\u00fcminyum ile i\u015flenmi\u015f, y\u0131rt\u0131lmaya kar\u015f\u0131 dayan\u0131kl\u0131, eskime direnci y\u00fcksek yap\u0131\u015ft\u0131rma band\u0131.<\/p>\n<p>&nbsp;<\/p>\n<p><strong>DELTA\u00ae-POLY-BAND P 100 teknik verileri<\/strong><\/p>\n<div class=\"elementClearerWithSpace spacer1\"><\/div>\n<div class=\"elementStandard elementTable\">\n<table class=\"default\">\n<colgroup>\n<col \/>\n<col \/><\/colgroup>\n<tbody>\n<tr>\n<td class=\"highlighted\">Malzeme<\/td>\n<td>Al\u00fcminyum ile i\u015flenmi\u015f, y\u0131rt\u0131lmaya kar\u015f\u0131 dayan\u0131kl\u0131, eskime direnci y\u00fcksek yap\u0131\u015ft\u0131rma band\u0131<\/td>\n<\/tr>\n<tr>\n<td class=\"highlighted\">\u0130\u015fleme s\u0131cakl\u0131\u011f\u0131<\/td>\n<td>+5 \u00b0C<\/td>\n<\/tr>\n<tr>\n<td class=\"highlighted\">Rulo geni\u015fli\u011fi<\/td>\n<td>100 mm<\/td>\n<\/tr>\n<tr>\n<td class=\"highlighted\">Rulo uzunlu\u011fu<\/td>\n<td>100 m<\/td>\n<\/tr>\n<tr>\n<td class=\"highlighted\">Is\u0131 dayan\u0131m\u0131<\/td>\n<td>-40 \u00b0C ile +80 \u00b0C<\/td>\n<\/tr>\n<\/tbody>\n<\/table>\n<\/div>\n","protected":false},"excerpt":{"rendered":"<p>DELTA\u00ae-REFLEX\u2019in bindirme kenarlar\u0131n\u0131n yap\u0131\u015ft\u0131r\u0131lmas\u0131 i\u00e7in, al\u00fcminyum ile i\u015flenmi\u015f, y\u0131rt\u0131lmaya kar\u015f\u0131 dayan\u0131kl\u0131, eskime direnci y\u00fcksek yap\u0131\u015ft\u0131rma band\u0131.<\/p>\n","protected":false},"featured_media":3204,"comment_status":"open","ping_status":"closed","template":"","meta":[],"product_brand":[],"product_cat":[241],"product_tag":[304],"class_list":{"0":"post-3203","1":"product","2":"type-product","3":"status-publish","4":"has-post-thumbnail","6":"product_cat-bantlar-2","7":"product_tag-delta-poly-band","9":"first","10":"instock","11":"taxable","12":"shipping-taxable","13":"product-type-simple"},"_links":{"self":[{"href":"https:\/\/timeksyalitim.com.tr\/home\/wp-json\/wp\/v2\/product\/3203","targetHints":{"allow":["GET"]}}],"collection":[{"href":"https:\/\/timeksyalitim.com.tr\/home\/wp-json\/wp\/v2\/product"}],"about":[{"href":"https:\/\/timeksyalitim.com.tr\/home\/wp-json\/wp\/v2\/types\/product"}],"replies":[{"embeddable":true,"href":"https:\/\/timeksyalitim.com.tr\/home\/wp-json\/wp\/v2\/comments?post=3203"}],"wp:featuredmedia":[{"embeddable":true,"href":"https:\/\/timeksyalitim.com.tr\/home\/wp-json\/wp\/v2\/media\/3204"}],"wp:attachment":[{"href":"https:\/\/timeksyalitim.com.tr\/home\/wp-json\/wp\/v2\/media?parent=3203"}],"wp:term":[{"taxonomy":"product_brand","embeddable":true,"href":"https:\/\/timeksyalitim.com.tr\/home\/wp-json\/wp\/v2\/product_brand?post=3203"},{"taxonomy":"product_cat","embeddable":true,"href":"https:\/\/timeksyalitim.com.tr\/home\/wp-json\/wp\/v2\/product_cat?post=3203"},{"taxonomy":"product_tag","embeddable":true,"href":"https:\/\/timeksyalitim.com.tr\/home\/wp-json\/wp\/v2\/product_tag?post=3203"}],"curies":[{"name":"wp","href":"https:\/\/api.w.org\/{rel}","templated":true}]}}