{"id":3233,"date":"2022-11-22T15:45:56","date_gmt":"2022-11-22T12:45:56","guid":{"rendered":"http:\/\/timeksyalitim.com.tr\/home\/?post_type=product&#038;p=3233"},"modified":"2022-12-02T13:56:28","modified_gmt":"2022-12-02T10:56:28","slug":"spstar-euro-mekanik-tirnakli-dubel-celik-civili","status":"publish","type":"product","link":"https:\/\/timeksyalitim.com.tr\/home\/product\/spstar-euro-mekanik-tirnakli-dubel-celik-civili\/","title":{"rendered":"SPStar Euro Mekanik T\u0131rnakl\u0131 D\u00fcbel \u00c7elik \u00c7ivili"},"content":{"rendered":"<ul>\n<li><b>ETA 14\/0197<\/b>\u00a0belgeli<\/li>\n<li>Yal\u0131t\u0131m levhas\u0131 ba\u011flant\u0131 eleman\u0131d\u0131r<b><u><\/u><\/b><\/li>\n<li>\u00d6zel t\u0131rnakl\u0131 tasar\u0131m\u0131 ile t\u00fcm duvar y\u00fczeylerinde kullan\u0131ma uygundur<\/li>\n<li>G\u00fcvenli y\u00fck da\u011f\u0131l\u0131m\u0131<b><u><\/u><\/b><\/li>\n<li>Ba\u015fl\u0131k k\u0131sm\u0131ndaki detaylar s\u0131va tutuculu\u011funu artt\u0131r\u0131r<\/li>\n<li>T\u00fcm duvar \u00e7e\u015fitlerinde kullan\u0131labilir<b><u><\/u><\/b><\/li>\n<li>Keser darbelerine dayan\u0131kl\u0131,\u00a0 g\u00fc\u00e7l\u00fc ba\u015fl\u0131k tasar\u0131m\u0131na sahiptir<\/li>\n<li>\u00c7ivi ba\u015fl\u0131\u011f\u0131 \u0131s\u0131 k\u00f6pr\u00fcs\u00fc olu\u015fumunu engeller ve s\u0131va y\u00fczeyindeki i\u015faretlemeyi \u00f6nler<\/li>\n<\/ul>\n","protected":false},"excerpt":{"rendered":"<p>Euro Ta\u015f Y\u00fcn\u00fc D\u00fcbeli<\/p>\n","protected":false},"featured_media":3234,"comment_status":"open","ping_status":"closed","template":"","meta":[],"product_brand":[],"product_cat":[312],"product_tag":[313],"class_list":{"0":"post-3233","1":"product","2":"type-product","3":"status-publish","4":"has-post-thumbnail","6":"product_cat-dubeller-ve-vidalar","7":"product_tag-euro-mekanik-tirnakli-dubel-celik-civili","9":"first","10":"instock","11":"featured","12":"taxable","13":"shipping-taxable","14":"product-type-simple"},"_links":{"self":[{"href":"https:\/\/timeksyalitim.com.tr\/home\/wp-json\/wp\/v2\/product\/3233","targetHints":{"allow":["GET"]}}],"collection":[{"href":"https:\/\/timeksyalitim.com.tr\/home\/wp-json\/wp\/v2\/product"}],"about":[{"href":"https:\/\/timeksyalitim.com.tr\/home\/wp-json\/wp\/v2\/types\/product"}],"replies":[{"embeddable":true,"href":"https:\/\/timeksyalitim.com.tr\/home\/wp-json\/wp\/v2\/comments?post=3233"}],"wp:featuredmedia":[{"embeddable":true,"href":"https:\/\/timeksyalitim.com.tr\/home\/wp-json\/wp\/v2\/media\/3234"}],"wp:attachment":[{"href":"https:\/\/timeksyalitim.com.tr\/home\/wp-json\/wp\/v2\/media?parent=3233"}],"wp:term":[{"taxonomy":"product_brand","embeddable":true,"href":"https:\/\/timeksyalitim.com.tr\/home\/wp-json\/wp\/v2\/product_brand?post=3233"},{"taxonomy":"product_cat","embeddable":true,"href":"https:\/\/timeksyalitim.com.tr\/home\/wp-json\/wp\/v2\/product_cat?post=3233"},{"taxonomy":"product_tag","embeddable":true,"href":"https:\/\/timeksyalitim.com.tr\/home\/wp-json\/wp\/v2\/product_tag?post=3233"}],"curies":[{"name":"wp","href":"https:\/\/api.w.org\/{rel}","templated":true}]}}