{"id":3237,"date":"2022-11-22T16:27:44","date_gmt":"2022-11-22T13:27:44","guid":{"rendered":"http:\/\/timeksyalitim.com.tr\/home\/?post_type=product&#038;p=3237"},"modified":"2022-11-22T16:30:18","modified_gmt":"2022-11-22T13:30:18","slug":"bostik-flexband-butil","status":"publish","type":"product","link":"https:\/\/timeksyalitim.com.tr\/home\/product\/bostik-flexband-butil\/","title":{"rendered":"Bostik Flexband Butil"},"content":{"rendered":"<p>FlexBand Butil \u00e7atlaklar\u0131n yal\u0131t\u0131m\u0131nda Bostik CemenTech ve Bostik Aquaroll sistemleri i\u00e7erisinde kullan\u0131labilecek butilden mamul, kendinden yap\u0131\u015fkanl\u0131 elastik bir bantt\u0131r.<\/p>\n","protected":false},"excerpt":{"rendered":"<p>FlexBand Butil \u00e7atlaklar\u0131n yal\u0131t\u0131m\u0131nda Bostik CemenTech ve Bostik Aquaroll sistemleri i\u00e7erisinde kullan\u0131labilecek butilden mamul, kendinden yap\u0131\u015fkanl\u0131 elastik bir bantt\u0131r.<\/p>\n","protected":false},"featured_media":3238,"comment_status":"open","ping_status":"closed","template":"","meta":[],"product_brand":[],"product_cat":[241],"product_tag":[315],"class_list":{"0":"post-3237","1":"product","2":"type-product","3":"status-publish","4":"has-post-thumbnail","6":"product_cat-bantlar-2","7":"product_tag-flexband-butil","9":"first","10":"instock","11":"taxable","12":"shipping-taxable","13":"product-type-simple"},"_links":{"self":[{"href":"https:\/\/timeksyalitim.com.tr\/home\/wp-json\/wp\/v2\/product\/3237","targetHints":{"allow":["GET"]}}],"collection":[{"href":"https:\/\/timeksyalitim.com.tr\/home\/wp-json\/wp\/v2\/product"}],"about":[{"href":"https:\/\/timeksyalitim.com.tr\/home\/wp-json\/wp\/v2\/types\/product"}],"replies":[{"embeddable":true,"href":"https:\/\/timeksyalitim.com.tr\/home\/wp-json\/wp\/v2\/comments?post=3237"}],"wp:featuredmedia":[{"embeddable":true,"href":"https:\/\/timeksyalitim.com.tr\/home\/wp-json\/wp\/v2\/media\/3238"}],"wp:attachment":[{"href":"https:\/\/timeksyalitim.com.tr\/home\/wp-json\/wp\/v2\/media?parent=3237"}],"wp:term":[{"taxonomy":"product_brand","embeddable":true,"href":"https:\/\/timeksyalitim.com.tr\/home\/wp-json\/wp\/v2\/product_brand?post=3237"},{"taxonomy":"product_cat","embeddable":true,"href":"https:\/\/timeksyalitim.com.tr\/home\/wp-json\/wp\/v2\/product_cat?post=3237"},{"taxonomy":"product_tag","embeddable":true,"href":"https:\/\/timeksyalitim.com.tr\/home\/wp-json\/wp\/v2\/product_tag?post=3237"}],"curies":[{"name":"wp","href":"https:\/\/api.w.org\/{rel}","templated":true}]}}