{"id":3239,"date":"2022-11-22T16:32:46","date_gmt":"2022-11-22T13:32:46","guid":{"rendered":"http:\/\/timeksyalitim.com.tr\/home\/?post_type=product&#038;p=3239"},"modified":"2022-11-22T16:34:51","modified_gmt":"2022-11-22T13:34:51","slug":"bostik-flexband-90-a","status":"publish","type":"product","link":"https:\/\/timeksyalitim.com.tr\/home\/product\/bostik-flexband-90-a\/","title":{"rendered":"Bostik Flexband 90 A"},"content":{"rendered":"<p>Bostik CemenTech ve Bostik AquaRoll serisi, su yal\u0131t\u0131m sistemleri i\u00e7erisinde kullan\u0131ma uygun, bina hareketleri sonucunda olu\u015fabilecek \u00e7atlamalardan suyun bir taraftan di\u011fer tarafa s\u0131zmas\u0131n\u0131 engelleyen, yeni nesil alkali dayan\u0131m\u0131 olan \u00fc\u00e7 katl\u0131, enine y\u00fcksek esnemeye sahip, boyuna rijit (esnemeyen), alt ve \u00fcst d\u0131\u015f katmanlar \u00f6zel polipropilen (PP) ke\u00e7e kaplamal\u0131, ya\u015flanmaya dayan\u0131kl\u0131, \u00e7ok esnek termoplastik elastomer bir bantt\u0131r.<\/p>\n<p><strong>Avantajlar\u0131<\/strong><\/p>\n<p>&#8211; Alkali dayan\u0131ml\u0131<br \/>\n&#8211; Elastik<br \/>\n&#8211; Olu\u015fabilecek \u00e7atlamalardan suyun s\u0131zmas\u0131n\u0131 engeller<\/p>\n","protected":false},"excerpt":{"rendered":"<p>Bostik CemenTech ve Bostik AquaRoll serisi, su yal\u0131t\u0131m sistemleri i\u00e7erisinde kullan\u0131ma uygun, bina hareketleri sonucunda olu\u015fabilecek \u00e7atlamalardan suyun bir taraftan di\u011fer tarafa s\u0131zmas\u0131n\u0131 engelleyen, yeni nesil alkali dayan\u0131m\u0131 olan \u00fc\u00e7 katl\u0131, enine y\u00fcksek esnemeye sahip, boyuna rijit (esnemeyen), alt ve \u00fcst d\u0131\u015f katmanlar \u00f6zel polipropilen (PP) ke\u00e7e kaplamal\u0131, ya\u015flanmaya dayan\u0131kl\u0131, \u00e7ok esnek termoplastik elastomer bir bantt\u0131r.<\/p>\n","protected":false},"featured_media":3240,"comment_status":"open","ping_status":"closed","template":"","meta":[],"product_brand":[],"product_cat":[241],"product_tag":[316],"class_list":{"0":"post-3239","1":"product","2":"type-product","3":"status-publish","4":"has-post-thumbnail","6":"product_cat-bantlar-2","7":"product_tag-flexband-90-a","9":"first","10":"instock","11":"taxable","12":"shipping-taxable","13":"product-type-simple"},"_links":{"self":[{"href":"https:\/\/timeksyalitim.com.tr\/home\/wp-json\/wp\/v2\/product\/3239","targetHints":{"allow":["GET"]}}],"collection":[{"href":"https:\/\/timeksyalitim.com.tr\/home\/wp-json\/wp\/v2\/product"}],"about":[{"href":"https:\/\/timeksyalitim.com.tr\/home\/wp-json\/wp\/v2\/types\/product"}],"replies":[{"embeddable":true,"href":"https:\/\/timeksyalitim.com.tr\/home\/wp-json\/wp\/v2\/comments?post=3239"}],"wp:featuredmedia":[{"embeddable":true,"href":"https:\/\/timeksyalitim.com.tr\/home\/wp-json\/wp\/v2\/media\/3240"}],"wp:attachment":[{"href":"https:\/\/timeksyalitim.com.tr\/home\/wp-json\/wp\/v2\/media?parent=3239"}],"wp:term":[{"taxonomy":"product_brand","embeddable":true,"href":"https:\/\/timeksyalitim.com.tr\/home\/wp-json\/wp\/v2\/product_brand?post=3239"},{"taxonomy":"product_cat","embeddable":true,"href":"https:\/\/timeksyalitim.com.tr\/home\/wp-json\/wp\/v2\/product_cat?post=3239"},{"taxonomy":"product_tag","embeddable":true,"href":"https:\/\/timeksyalitim.com.tr\/home\/wp-json\/wp\/v2\/product_tag?post=3239"}],"curies":[{"name":"wp","href":"https:\/\/api.w.org\/{rel}","templated":true}]}}