{"id":3246,"date":"2022-11-22T16:47:45","date_gmt":"2022-11-22T13:47:45","guid":{"rendered":"http:\/\/timeksyalitim.com.tr\/home\/?post_type=product&#038;p=3246"},"modified":"2022-11-22T16:52:25","modified_gmt":"2022-11-22T13:52:25","slug":"bostik-pu-seal","status":"publish","type":"product","link":"https:\/\/timeksyalitim.com.tr\/home\/product\/bostik-pu-seal\/","title":{"rendered":"Bostik PU Seal"},"content":{"rendered":"<p>Bostik PU Seal, poli\u00fcretan esasl\u0131, i\u00e7 ve d\u0131\u015f mekanlarda kullan\u0131labilen, \u00fcst\u00fcn s\u0131zd\u0131rmazl\u0131k ve yap\u0131\u015fma \u00f6zelli\u011fine sahip, hava nemi ile k\u00fcrlenen tek bile\u015fenli izolasyon ve dolgu malzemesidir.<\/p>\n<p><strong>Avantajlar\u0131<\/strong><\/p>\n<p>&#8211; \u00c7ok ama\u00e7l\u0131 kullan\u0131m i\u00e7in<br \/>\n&#8211; M\u00fckemmel yap\u0131\u015fma<br \/>\n&#8211; D\u0131\u015f hava ko\u015fullar\u0131na dayan\u0131kl\u0131<\/p>\n","protected":false},"excerpt":{"rendered":"<p>Bostik PU Seal, poli\u00fcretan esasl\u0131, i\u00e7 ve d\u0131\u015f mekanlarda kullan\u0131labilen, \u00fcst\u00fcn s\u0131zd\u0131rmazl\u0131k ve yap\u0131\u015fma \u00f6zelli\u011fine sahip, hava nemi ile k\u00fcrlenen tek bile\u015fenli izolasyon ve dolgu malzemesidir.<\/p>\n","protected":false},"featured_media":3247,"comment_status":"open","ping_status":"closed","template":"","meta":[],"product_brand":[],"product_cat":[238],"product_tag":[319],"class_list":{"0":"post-3246","1":"product","2":"type-product","3":"status-publish","4":"has-post-thumbnail","6":"product_cat-mastikler-2","7":"product_tag-pu-seal","9":"first","10":"instock","11":"taxable","12":"shipping-taxable","13":"product-type-simple"},"_links":{"self":[{"href":"https:\/\/timeksyalitim.com.tr\/home\/wp-json\/wp\/v2\/product\/3246","targetHints":{"allow":["GET"]}}],"collection":[{"href":"https:\/\/timeksyalitim.com.tr\/home\/wp-json\/wp\/v2\/product"}],"about":[{"href":"https:\/\/timeksyalitim.com.tr\/home\/wp-json\/wp\/v2\/types\/product"}],"replies":[{"embeddable":true,"href":"https:\/\/timeksyalitim.com.tr\/home\/wp-json\/wp\/v2\/comments?post=3246"}],"wp:featuredmedia":[{"embeddable":true,"href":"https:\/\/timeksyalitim.com.tr\/home\/wp-json\/wp\/v2\/media\/3247"}],"wp:attachment":[{"href":"https:\/\/timeksyalitim.com.tr\/home\/wp-json\/wp\/v2\/media?parent=3246"}],"wp:term":[{"taxonomy":"product_brand","embeddable":true,"href":"https:\/\/timeksyalitim.com.tr\/home\/wp-json\/wp\/v2\/product_brand?post=3246"},{"taxonomy":"product_cat","embeddable":true,"href":"https:\/\/timeksyalitim.com.tr\/home\/wp-json\/wp\/v2\/product_cat?post=3246"},{"taxonomy":"product_tag","embeddable":true,"href":"https:\/\/timeksyalitim.com.tr\/home\/wp-json\/wp\/v2\/product_tag?post=3246"}],"curies":[{"name":"wp","href":"https:\/\/api.w.org\/{rel}","templated":true}]}}