{"id":3248,"date":"2022-11-22T16:54:24","date_gmt":"2022-11-22T13:54:24","guid":{"rendered":"http:\/\/timeksyalitim.com.tr\/home\/?post_type=product&#038;p=3248"},"modified":"2022-11-22T16:56:16","modified_gmt":"2022-11-22T13:56:16","slug":"bostik-epdm-tack-notr-yapistirici","status":"publish","type":"product","link":"https:\/\/timeksyalitim.com.tr\/home\/product\/bostik-epdm-tack-notr-yapistirici\/","title":{"rendered":"Bostik EPDM Tack N\u00f6tr Yap\u0131\u015ft\u0131r\u0131c\u0131"},"content":{"rendered":"<p>Bostik EPDM Tack N\u00f6tr, tek bile\u015fenli, hava nemi ile k\u00fcrlenen, hava \u015fartlar\u0131na ve UV etkilerine m\u00fckemmel mukavemet g\u00f6steren, n\u00f6tr silikon esasl\u0131 EPDM Membran yap\u0131\u015ft\u0131r\u0131c\u0131s\u0131d\u0131r.<\/p>\n<p><strong>Avantajlar<\/strong><\/p>\n<p>&#8211; Bir \u00e7ok y\u00fczeyde astar kullanmadan uygulanabilir<br \/>\n&#8211; UV, hava \u015fartlar\u0131na, su ve neme kar\u015f\u0131 dayan\u0131kl\u0131<br \/>\n&#8211; Metal y\u00fczeylerde korozif etki olu\u015fturmaz<\/p>\n","protected":false},"excerpt":{"rendered":"<p>Bostik EPDM Tack N\u00f6tr, tek bile\u015fenli, hava nemi ile k\u00fcrlenen, hava \u015fartlar\u0131na ve UV etkilerine m\u00fckemmel mukavemet g\u00f6steren, n\u00f6tr silikon esasl\u0131 EPDM Membran yap\u0131\u015ft\u0131r\u0131c\u0131s\u0131d\u0131r.<\/p>\n","protected":false},"featured_media":3236,"comment_status":"open","ping_status":"closed","template":"","meta":[],"product_brand":[],"product_cat":[240],"product_tag":[320],"class_list":{"0":"post-3248","1":"product","2":"type-product","3":"status-publish","4":"has-post-thumbnail","6":"product_cat-yapistiricilar-2","7":"product_tag-epdm-membran-yapistirici","9":"first","10":"instock","11":"taxable","12":"shipping-taxable","13":"product-type-simple"},"_links":{"self":[{"href":"https:\/\/timeksyalitim.com.tr\/home\/wp-json\/wp\/v2\/product\/3248","targetHints":{"allow":["GET"]}}],"collection":[{"href":"https:\/\/timeksyalitim.com.tr\/home\/wp-json\/wp\/v2\/product"}],"about":[{"href":"https:\/\/timeksyalitim.com.tr\/home\/wp-json\/wp\/v2\/types\/product"}],"replies":[{"embeddable":true,"href":"https:\/\/timeksyalitim.com.tr\/home\/wp-json\/wp\/v2\/comments?post=3248"}],"wp:featuredmedia":[{"embeddable":true,"href":"https:\/\/timeksyalitim.com.tr\/home\/wp-json\/wp\/v2\/media\/3236"}],"wp:attachment":[{"href":"https:\/\/timeksyalitim.com.tr\/home\/wp-json\/wp\/v2\/media?parent=3248"}],"wp:term":[{"taxonomy":"product_brand","embeddable":true,"href":"https:\/\/timeksyalitim.com.tr\/home\/wp-json\/wp\/v2\/product_brand?post=3248"},{"taxonomy":"product_cat","embeddable":true,"href":"https:\/\/timeksyalitim.com.tr\/home\/wp-json\/wp\/v2\/product_cat?post=3248"},{"taxonomy":"product_tag","embeddable":true,"href":"https:\/\/timeksyalitim.com.tr\/home\/wp-json\/wp\/v2\/product_tag?post=3248"}],"curies":[{"name":"wp","href":"https:\/\/api.w.org\/{rel}","templated":true}]}}