{"id":3250,"date":"2022-11-22T17:02:14","date_gmt":"2022-11-22T14:02:14","guid":{"rendered":"http:\/\/timeksyalitim.com.tr\/home\/?post_type=product&#038;p=3250"},"modified":"2022-11-22T17:04:41","modified_gmt":"2022-11-22T14:04:41","slug":"bostik-butylseal-mastik","status":"publish","type":"product","link":"https:\/\/timeksyalitim.com.tr\/home\/product\/bostik-butylseal-mastik\/","title":{"rendered":"Bostik Butyl Seal Mastik"},"content":{"rendered":"<p>Tek bile\u015fenli, butil ve bitkisel ya\u011f kar\u0131\u015f\u0131m\u0131 esasl\u0131 dayan\u0131kl\u0131 mastiktir. Uygulamadan 48 saat sonra boyanabilir ve kabukla\u015fma olu\u015fur.<\/p>\n<p><strong>Avantajlar\u0131<\/strong><\/p>\n<p>&#8211; Yap\u0131 malzemeleri aras\u0131ndaki hareketleri emer<br \/>\n&#8211; Uzun \u00f6m\u00fcrl\u00fc<br \/>\n&#8211; M\u00fckemmel yap\u0131\u015fma<\/p>\n","protected":false},"excerpt":{"rendered":"<p>Tek bile\u015fenli, butil ve bitkisel ya\u011f kar\u0131\u015f\u0131m\u0131 esasl\u0131 dayan\u0131kl\u0131 mastiktir. Uygulamadan 48 saat sonra boyanabilir ve kabukla\u015fma olu\u015fur.<\/p>\n","protected":false},"featured_media":3251,"comment_status":"open","ping_status":"closed","template":"","meta":[],"product_brand":[],"product_cat":[238],"product_tag":[322],"class_list":{"0":"post-3250","1":"product","2":"type-product","3":"status-publish","4":"has-post-thumbnail","6":"product_cat-mastikler-2","7":"product_tag-butyl-seal-mastik","9":"first","10":"instock","11":"taxable","12":"shipping-taxable","13":"product-type-simple"},"_links":{"self":[{"href":"https:\/\/timeksyalitim.com.tr\/home\/wp-json\/wp\/v2\/product\/3250","targetHints":{"allow":["GET"]}}],"collection":[{"href":"https:\/\/timeksyalitim.com.tr\/home\/wp-json\/wp\/v2\/product"}],"about":[{"href":"https:\/\/timeksyalitim.com.tr\/home\/wp-json\/wp\/v2\/types\/product"}],"replies":[{"embeddable":true,"href":"https:\/\/timeksyalitim.com.tr\/home\/wp-json\/wp\/v2\/comments?post=3250"}],"wp:featuredmedia":[{"embeddable":true,"href":"https:\/\/timeksyalitim.com.tr\/home\/wp-json\/wp\/v2\/media\/3251"}],"wp:attachment":[{"href":"https:\/\/timeksyalitim.com.tr\/home\/wp-json\/wp\/v2\/media?parent=3250"}],"wp:term":[{"taxonomy":"product_brand","embeddable":true,"href":"https:\/\/timeksyalitim.com.tr\/home\/wp-json\/wp\/v2\/product_brand?post=3250"},{"taxonomy":"product_cat","embeddable":true,"href":"https:\/\/timeksyalitim.com.tr\/home\/wp-json\/wp\/v2\/product_cat?post=3250"},{"taxonomy":"product_tag","embeddable":true,"href":"https:\/\/timeksyalitim.com.tr\/home\/wp-json\/wp\/v2\/product_tag?post=3250"}],"curies":[{"name":"wp","href":"https:\/\/api.w.org\/{rel}","templated":true}]}}