{"id":3256,"date":"2022-11-22T17:18:29","date_gmt":"2022-11-22T14:18:29","guid":{"rendered":"http:\/\/timeksyalitim.com.tr\/home\/?post_type=product&#038;p=3256"},"modified":"2022-11-22T17:21:26","modified_gmt":"2022-11-22T14:21:26","slug":"bostik-msp-273o-smp-esasli-derz-dolgu-mastigi","status":"publish","type":"product","link":"https:\/\/timeksyalitim.com.tr\/home\/product\/bostik-msp-273o-smp-esasli-derz-dolgu-mastigi\/","title":{"rendered":"Bostik MSP 273O SMP Esasl\u0131 Derz Dolgu Masti\u011fi"},"content":{"rendered":"<p>Bostik MSP 2730 \u00e7ok y\u00f6nl\u00fc uygulanabilen tek komponentli, solvent ve izosiyanat i\u00e7ermeyen, SMP esasl\u0131 derz dolgu masti\u011fidir. Alman DIN 52452 \/ 4. b\u00f6l\u00fcm normlar\u0131na g\u00f6re boyamaya uygundur. Bir\u00e7ok boya \u00e7e\u015fidi bulunmas\u0131 nedeniyle kullan\u0131lacak boya ile \u00f6nceden test edilmelidir.<\/p>\n<p><strong>Avantajlar<\/strong><\/p>\n<p>&#8211; \u00dcniversal kullan\u0131m i\u00e7in<br \/>\n&#8211; D\u0131\u015f hava ko\u015fullar\u0131na dayan\u0131kl\u0131<br \/>\n&#8211; Elastik<\/p>\n","protected":false},"excerpt":{"rendered":"<p>Bostik MSP 2730 \u00e7ok y\u00f6nl\u00fc uygulanabilen tek komponentli, solvent ve izosiyanat i\u00e7ermeyen, SMP esasl\u0131 derz dolgu masti\u011fidir.<\/p>\n","protected":false},"featured_media":3257,"comment_status":"open","ping_status":"closed","template":"","meta":[],"product_brand":[],"product_cat":[238],"product_tag":[326],"class_list":{"0":"post-3256","1":"product","2":"type-product","3":"status-publish","4":"has-post-thumbnail","6":"product_cat-mastikler-2","7":"product_tag-smp-esasli-derz-dolgu-mastigi","9":"first","10":"instock","11":"taxable","12":"shipping-taxable","13":"product-type-simple"},"_links":{"self":[{"href":"https:\/\/timeksyalitim.com.tr\/home\/wp-json\/wp\/v2\/product\/3256","targetHints":{"allow":["GET"]}}],"collection":[{"href":"https:\/\/timeksyalitim.com.tr\/home\/wp-json\/wp\/v2\/product"}],"about":[{"href":"https:\/\/timeksyalitim.com.tr\/home\/wp-json\/wp\/v2\/types\/product"}],"replies":[{"embeddable":true,"href":"https:\/\/timeksyalitim.com.tr\/home\/wp-json\/wp\/v2\/comments?post=3256"}],"wp:featuredmedia":[{"embeddable":true,"href":"https:\/\/timeksyalitim.com.tr\/home\/wp-json\/wp\/v2\/media\/3257"}],"wp:attachment":[{"href":"https:\/\/timeksyalitim.com.tr\/home\/wp-json\/wp\/v2\/media?parent=3256"}],"wp:term":[{"taxonomy":"product_brand","embeddable":true,"href":"https:\/\/timeksyalitim.com.tr\/home\/wp-json\/wp\/v2\/product_brand?post=3256"},{"taxonomy":"product_cat","embeddable":true,"href":"https:\/\/timeksyalitim.com.tr\/home\/wp-json\/wp\/v2\/product_cat?post=3256"},{"taxonomy":"product_tag","embeddable":true,"href":"https:\/\/timeksyalitim.com.tr\/home\/wp-json\/wp\/v2\/product_tag?post=3256"}],"curies":[{"name":"wp","href":"https:\/\/api.w.org\/{rel}","templated":true}]}}