{"id":3260,"date":"2022-11-22T17:29:10","date_gmt":"2022-11-22T14:29:10","guid":{"rendered":"http:\/\/timeksyalitim.com.tr\/home\/?post_type=product&#038;p=3260"},"modified":"2022-11-22T17:31:21","modified_gmt":"2022-11-22T14:31:21","slug":"bostik-cekomastik-808","status":"publish","type":"product","link":"https:\/\/timeksyalitim.com.tr\/home\/product\/bostik-cekomastik-808\/","title":{"rendered":"Bostik \u00c7ekomastik 808"},"content":{"rendered":"<p>\u00c7ekomastik 808 \u00dcniversal Silikon, polisiloksan esasl\u0131, hava ile sertle\u015fen, asetik bir s\u0131zd\u0131rmazl\u0131k malzemesidir.<\/p>\n<p><strong>Avantajlar\u0131<\/strong><\/p>\n<p>&#8211; Kullan\u0131ma haz\u0131r<br \/>\n&#8211; Elastikiyetini s\u00fcrekli korur<br \/>\n&#8211; A\u015f\u0131nmaya dayan\u0131kl\u0131d\u0131r<\/p>\n","protected":false},"excerpt":{"rendered":"<p>\u00c7ekomastik 666 Montaj Masti\u011fi, akrilik polimer esasl\u0131, y\u00fczeye kuvvetle yap\u0131\u015fan, elastikiyetini kaybetmeyen bir fuga s\u0131zd\u0131rmazl\u0131k malzemesidir.<\/p>\n","protected":false},"featured_media":3261,"comment_status":"open","ping_status":"closed","template":"","meta":[],"product_brand":[],"product_cat":[238],"product_tag":[328],"class_list":{"0":"post-3260","1":"product","2":"type-product","3":"status-publish","4":"has-post-thumbnail","6":"product_cat-mastikler-2","7":"product_tag-cekomastik-808","9":"first","10":"instock","11":"taxable","12":"shipping-taxable","13":"product-type-simple"},"_links":{"self":[{"href":"https:\/\/timeksyalitim.com.tr\/home\/wp-json\/wp\/v2\/product\/3260","targetHints":{"allow":["GET"]}}],"collection":[{"href":"https:\/\/timeksyalitim.com.tr\/home\/wp-json\/wp\/v2\/product"}],"about":[{"href":"https:\/\/timeksyalitim.com.tr\/home\/wp-json\/wp\/v2\/types\/product"}],"replies":[{"embeddable":true,"href":"https:\/\/timeksyalitim.com.tr\/home\/wp-json\/wp\/v2\/comments?post=3260"}],"wp:featuredmedia":[{"embeddable":true,"href":"https:\/\/timeksyalitim.com.tr\/home\/wp-json\/wp\/v2\/media\/3261"}],"wp:attachment":[{"href":"https:\/\/timeksyalitim.com.tr\/home\/wp-json\/wp\/v2\/media?parent=3260"}],"wp:term":[{"taxonomy":"product_brand","embeddable":true,"href":"https:\/\/timeksyalitim.com.tr\/home\/wp-json\/wp\/v2\/product_brand?post=3260"},{"taxonomy":"product_cat","embeddable":true,"href":"https:\/\/timeksyalitim.com.tr\/home\/wp-json\/wp\/v2\/product_cat?post=3260"},{"taxonomy":"product_tag","embeddable":true,"href":"https:\/\/timeksyalitim.com.tr\/home\/wp-json\/wp\/v2\/product_tag?post=3260"}],"curies":[{"name":"wp","href":"https:\/\/api.w.org\/{rel}","templated":true}]}}