{"id":3262,"date":"2022-11-22T17:32:38","date_gmt":"2022-11-22T14:32:38","guid":{"rendered":"http:\/\/timeksyalitim.com.tr\/home\/?post_type=product&#038;p=3262"},"modified":"2022-11-22T17:35:13","modified_gmt":"2022-11-22T14:35:13","slug":"bostik-stix-a800-premium-akrilik-yapistirici","status":"publish","type":"product","link":"https:\/\/timeksyalitim.com.tr\/home\/product\/bostik-stix-a800-premium-akrilik-yapistirici\/","title":{"rendered":"Bostik Stix A800 Premium Akrilik Yap\u0131\u015ft\u0131r\u0131c\u0131"},"content":{"rendered":"<p>STIX A800 PREMIUM, EC 1 Plus, A+, LEED ve BREEAM olarak s\u0131n\u0131fland\u0131r\u0131lan \u00e7ok d\u00fc\u015f\u00fck VOC emisyonlar\u0131na sahip akrilik bir yap\u0131\u015ft\u0131r\u0131c\u0131d\u0131r LVT ve kau\u00e7uk i\u00e7in \u00f6zel olarak tasarlanan STIX A 800 PREMIUM, \u00e7ok k\u0131sa s\u00fcrede y\u00fcksek bir tutu\u015f etkisi geli\u015ftirir ve mekanik \u00f6zellikleri, sahalarda kar\u015f\u0131la\u015f\u0131lan t\u00fcm zorlu ortam ko\u015fullar\u0131n\u0131 dengelemeye olanak sa\u011flar G\u00fcnl\u00fck olarak kar\u015f\u0131la\u015f\u0131lan \u00e7o\u011fu esnek zemin kaplamalar\u0131n\u0131 ve ayr\u0131ca daha \u00f6zel veya zor kaplamalar\u0131 da yap\u0131\u015ft\u0131rabilen evrensel \u00e7ok ama\u00e7l\u0131 bir yap\u0131\u015ft\u0131r\u0131c\u0131d\u0131r. Ayr\u0131ca spor tesisleri, du\u015f PVC sistemi, i\u00e7 k\u00f6\u015feler, mevcut kompakt PVC \u00fczerine PVC uygulamalar\u0131nda da kullan\u0131labilir Zemin ve duvar uygulamalar\u0131 i\u00e7in uygundur.<\/p>\n","protected":false},"excerpt":{"rendered":"<p>STIX A800 PREMIUM, EC 1 Plus, A+, LEED ve BREEAM olarak s\u0131n\u0131fland\u0131r\u0131lan \u00e7ok d\u00fc\u015f\u00fck VOC emisyonlar\u0131na sahip akrilik bir yap\u0131\u015ft\u0131r\u0131c\u0131d\u0131r<\/p>\n","protected":false},"featured_media":3263,"comment_status":"open","ping_status":"closed","template":"","meta":[],"product_brand":[],"product_cat":[240],"product_tag":[329],"class_list":{"0":"post-3262","1":"product","2":"type-product","3":"status-publish","4":"has-post-thumbnail","6":"product_cat-yapistiricilar-2","7":"product_tag-akrilik-yapistirici","9":"first","10":"instock","11":"taxable","12":"shipping-taxable","13":"product-type-simple"},"_links":{"self":[{"href":"https:\/\/timeksyalitim.com.tr\/home\/wp-json\/wp\/v2\/product\/3262","targetHints":{"allow":["GET"]}}],"collection":[{"href":"https:\/\/timeksyalitim.com.tr\/home\/wp-json\/wp\/v2\/product"}],"about":[{"href":"https:\/\/timeksyalitim.com.tr\/home\/wp-json\/wp\/v2\/types\/product"}],"replies":[{"embeddable":true,"href":"https:\/\/timeksyalitim.com.tr\/home\/wp-json\/wp\/v2\/comments?post=3262"}],"wp:featuredmedia":[{"embeddable":true,"href":"https:\/\/timeksyalitim.com.tr\/home\/wp-json\/wp\/v2\/media\/3263"}],"wp:attachment":[{"href":"https:\/\/timeksyalitim.com.tr\/home\/wp-json\/wp\/v2\/media?parent=3262"}],"wp:term":[{"taxonomy":"product_brand","embeddable":true,"href":"https:\/\/timeksyalitim.com.tr\/home\/wp-json\/wp\/v2\/product_brand?post=3262"},{"taxonomy":"product_cat","embeddable":true,"href":"https:\/\/timeksyalitim.com.tr\/home\/wp-json\/wp\/v2\/product_cat?post=3262"},{"taxonomy":"product_tag","embeddable":true,"href":"https:\/\/timeksyalitim.com.tr\/home\/wp-json\/wp\/v2\/product_tag?post=3262"}],"curies":[{"name":"wp","href":"https:\/\/api.w.org\/{rel}","templated":true}]}}