{"id":3321,"date":"2022-11-24T11:15:01","date_gmt":"2022-11-24T08:15:01","guid":{"rendered":"http:\/\/timeksyalitim.com.tr\/home\/?post_type=product&#038;p=3321"},"modified":"2022-11-24T11:16:38","modified_gmt":"2022-11-24T08:16:38","slug":"spstar-metal-pul","status":"publish","type":"product","link":"https:\/\/timeksyalitim.com.tr\/home\/product\/spstar-metal-pul\/","title":{"rendered":"SPStar Metal Pul"},"content":{"rendered":"<ul>\n<li>Yeni Yang\u0131n Y\u00f6netmeli\u011fine Uygun<\/li>\n<li>Metal yap\u0131s\u0131 ile A1 s\u0131n\u0131f\u0131 yang\u0131n dayan\u0131m\u0131<\/li>\n<li>Y\u00fcksek mekanik dayan\u0131m<\/li>\n<li>Y\u00fcksek tutunma<\/li>\n<li>\u00c7eki\u00e7 ile h\u0131zl\u0131 montaj<\/li>\n<li>Gaz betonda delik gerektirmeyen montaj<\/li>\n<\/ul>\n","protected":false},"excerpt":{"rendered":"<p>Metal D\u00fcbel<\/p>\n","protected":false},"featured_media":3322,"comment_status":"open","ping_status":"closed","template":"","meta":[],"product_brand":[],"product_cat":[312],"product_tag":[331],"class_list":{"0":"post-3321","1":"product","2":"type-product","3":"status-publish","4":"has-post-thumbnail","6":"product_cat-dubeller-ve-vidalar","7":"product_tag-metal-pul","9":"first","10":"instock","11":"taxable","12":"shipping-taxable","13":"product-type-simple"},"_links":{"self":[{"href":"https:\/\/timeksyalitim.com.tr\/home\/wp-json\/wp\/v2\/product\/3321","targetHints":{"allow":["GET"]}}],"collection":[{"href":"https:\/\/timeksyalitim.com.tr\/home\/wp-json\/wp\/v2\/product"}],"about":[{"href":"https:\/\/timeksyalitim.com.tr\/home\/wp-json\/wp\/v2\/types\/product"}],"replies":[{"embeddable":true,"href":"https:\/\/timeksyalitim.com.tr\/home\/wp-json\/wp\/v2\/comments?post=3321"}],"wp:featuredmedia":[{"embeddable":true,"href":"https:\/\/timeksyalitim.com.tr\/home\/wp-json\/wp\/v2\/media\/3322"}],"wp:attachment":[{"href":"https:\/\/timeksyalitim.com.tr\/home\/wp-json\/wp\/v2\/media?parent=3321"}],"wp:term":[{"taxonomy":"product_brand","embeddable":true,"href":"https:\/\/timeksyalitim.com.tr\/home\/wp-json\/wp\/v2\/product_brand?post=3321"},{"taxonomy":"product_cat","embeddable":true,"href":"https:\/\/timeksyalitim.com.tr\/home\/wp-json\/wp\/v2\/product_cat?post=3321"},{"taxonomy":"product_tag","embeddable":true,"href":"https:\/\/timeksyalitim.com.tr\/home\/wp-json\/wp\/v2\/product_tag?post=3321"}],"curies":[{"name":"wp","href":"https:\/\/api.w.org\/{rel}","templated":true}]}}