{"id":3333,"date":"2022-11-24T12:56:53","date_gmt":"2022-11-24T09:56:53","guid":{"rendered":"http:\/\/timeksyalitim.com.tr\/home\/?post_type=product&#038;p=3333"},"modified":"2022-11-24T13:21:19","modified_gmt":"2022-11-24T10:21:19","slug":"soudal-silirub-no5","status":"publish","type":"product","link":"https:\/\/timeksyalitim.com.tr\/home\/product\/soudal-silirub-no5\/","title":{"rendered":"Soudal Silirub NO5"},"content":{"rendered":"<div class=\"titel\">\n<div class=\"titel\">\n<div class=\"titel\">\n<div class=\"titel\"><strong><span id=\"ctl00_ContentPlaceHolder1_omschrijvingLBL\">TANIM<\/span><\/strong><\/div>\n<div class=\"tekst\"><span id=\"ctl00_ContentPlaceHolder1_omschrijving\">Silirub NO5, do\u011fal ve h\u0131zl\u0131 sertle\u015febilen, tamamen elastik, tek bile\u015fenli, ISO 11600 F + G 25LM standard\u0131n\u0131 kar\u015f\u0131layan silikon bazl\u0131 derz dolgu malzemesidir.<\/span><\/div>\n<div><\/div>\n<div class=\"titel\"><strong><span id=\"ctl00_ContentPlaceHolder1_eigenschappenLBL\">\u00d6ZELLIKLER<\/span><\/strong><\/div>\n<div class=\"tekst\"><span id=\"ctl00_ContentPlaceHolder1_eigenschappen\">&#8211; H\u0131zl\u0131 doku olu\u015fumu<br \/>\n&#8211; Geni\u015f renk skalas\u0131 mevcuttur.<br \/>\n&#8211; \u00c7ok kolay uygulan\u0131r<br \/>\n&#8211; Solmaz ve UV \u0131\u015f\u0131nlar\u0131na dayan\u0131kl\u0131<br \/>\n&#8211; Sertle\u015fme sonras\u0131 kal\u0131c\u0131 elastikiyet.<br \/>\n&#8211; Bir\u00e7ok malzemede \u00e7ok iyi yap\u0131\u015fma.<br \/>\n&#8211; D\u00fc\u015f\u00fck katsay\u0131<\/span><\/div>\n<div><\/div>\n<div class=\"titel\"><strong><span id=\"ctl00_ContentPlaceHolder1_toepassingenLBL\">UYGULAMALAR<\/span><\/strong><\/div>\n<div class=\"tekst\"><span id=\"ctl00_ContentPlaceHolder1_toepassingen\">&#8211; Yap\u0131 ve in\u015faat derzlerinde<br \/>\n&#8211; \u0130\u015flenmi\u015f ah\u015fap ve cam aras\u0131ndaki s\u0131zd\u0131rmazl\u0131k uygulamalar\u0131<br \/>\n&#8211; PVC ve cam aras\u0131ndaki s\u0131zd\u0131rmazl\u0131k uygulamalar\u0131<br \/>\n&#8211; Cam i\u015flerinde en iyi s\u0131zd\u0131rmazl\u0131k sa\u011flar.<\/span><\/div>\n<div class=\"tekst\"><\/div>\n<div class=\"titel\"><strong><span id=\"ctl00_ContentPlaceHolder1_gebruiksaanwijzingLBL\">KULLANIM UYARILARI<\/span><\/strong><\/div>\n<div class=\"tekst\"><span id=\"ctl00_ContentPlaceHolder1_gebruiksaanwijzing\">Y\u00f6ntem: derz dolgu tabancas\u0131<br \/>\nUygulama s\u0131cakl\u0131\u011f\u0131: +5\u00b0C to +35\u00b0C<br \/>\nTemizleme: Kullan\u0131mdan hemen sonra beyaz ispirto ile<br \/>\nSonland\u0131rma: Doku olu\u015fumundan \u00f6nce, sabunlu \u00e7\u00f6zelti ile<br \/>\nOnar\u0131m: Silirub NO5 ile<\/span><\/div>\n<\/div>\n<\/div>\n<\/div>\n","protected":false},"excerpt":{"rendered":"<p><span id=\"ctl00_ContentPlaceHolder1_omschrijving\">Silirub NO5, do\u011fal ve h\u0131zl\u0131 sertle\u015febilen, tamamen elastik, tek bile\u015fenli, ISO 11600 F + G 25LM standard\u0131n\u0131 kar\u015f\u0131layan silikon bazl\u0131 derz dolgu malzemesidir.<\/span><\/p>\n","protected":false},"featured_media":3334,"comment_status":"open","ping_status":"closed","template":"","meta":[],"product_brand":[],"product_cat":[238],"product_tag":[337],"class_list":{"0":"post-3333","1":"product","2":"type-product","3":"status-publish","4":"has-post-thumbnail","6":"product_cat-mastikler-2","7":"product_tag-silirub-no5","9":"first","10":"instock","11":"taxable","12":"shipping-taxable","13":"product-type-simple"},"_links":{"self":[{"href":"https:\/\/timeksyalitim.com.tr\/home\/wp-json\/wp\/v2\/product\/3333","targetHints":{"allow":["GET"]}}],"collection":[{"href":"https:\/\/timeksyalitim.com.tr\/home\/wp-json\/wp\/v2\/product"}],"about":[{"href":"https:\/\/timeksyalitim.com.tr\/home\/wp-json\/wp\/v2\/types\/product"}],"replies":[{"embeddable":true,"href":"https:\/\/timeksyalitim.com.tr\/home\/wp-json\/wp\/v2\/comments?post=3333"}],"wp:featuredmedia":[{"embeddable":true,"href":"https:\/\/timeksyalitim.com.tr\/home\/wp-json\/wp\/v2\/media\/3334"}],"wp:attachment":[{"href":"https:\/\/timeksyalitim.com.tr\/home\/wp-json\/wp\/v2\/media?parent=3333"}],"wp:term":[{"taxonomy":"product_brand","embeddable":true,"href":"https:\/\/timeksyalitim.com.tr\/home\/wp-json\/wp\/v2\/product_brand?post=3333"},{"taxonomy":"product_cat","embeddable":true,"href":"https:\/\/timeksyalitim.com.tr\/home\/wp-json\/wp\/v2\/product_cat?post=3333"},{"taxonomy":"product_tag","embeddable":true,"href":"https:\/\/timeksyalitim.com.tr\/home\/wp-json\/wp\/v2\/product_tag?post=3333"}],"curies":[{"name":"wp","href":"https:\/\/api.w.org\/{rel}","templated":true}]}}