{"id":3335,"date":"2022-11-24T13:28:52","date_gmt":"2022-11-24T10:28:52","guid":{"rendered":"http:\/\/timeksyalitim.com.tr\/home\/?post_type=product&#038;p=3335"},"modified":"2022-11-24T13:33:52","modified_gmt":"2022-11-24T10:33:52","slug":"soudal-silirub-epdm","status":"publish","type":"product","link":"https:\/\/timeksyalitim.com.tr\/home\/product\/soudal-silirub-epdm\/","title":{"rendered":"Soudal Silirub EPDM"},"content":{"rendered":"<div class=\"titel\">\n<div class=\"titel\">\n<div class=\"titel\">\n<div class=\"titel\">\n<div class=\"titel\"><strong><span id=\"ctl00_ContentPlaceHolder1_omschrijvingLBL\">TANIM<\/span><\/strong><\/div>\n<div class=\"tekst\"><span id=\"ctl00_ContentPlaceHolder1_omschrijving\">Silirub EPDM, y\u00fcksek kalitede, do\u011fal, elastik, tek bile\u015fenli, silikon bazl\u0131 derz dolgu malzemesidir.<\/span><\/div>\n<div><\/div>\n<div class=\"titel\"><strong><span id=\"ctl00_ContentPlaceHolder1_eigenschappenLBL\">\u00d6ZELLIKLER<\/span><\/strong><\/div>\n<div class=\"tekst\"><span id=\"ctl00_ContentPlaceHolder1_eigenschappen\">&#8211; \u00c7ok kolay uygulan\u0131r<br \/>\n&#8211; Solmaz ve UV \u0131\u015f\u0131nlar\u0131na dayan\u0131kl\u0131<br \/>\n&#8211; Sertle\u015fme sonras\u0131 kal\u0131c\u0131 elastikiyet.<br \/>\n&#8211; Bir\u00e7ok malzemede \u00e7ok iyi yap\u0131\u015fma.<br \/>\n&#8211; D\u00fc\u015f\u00fck katsay\u0131<br \/>\n&#8211; \u00d6zellikle EPDM (etilen propilen dien monomer (M-s\u0131n\u0131f\u0131)kau\u00e7uk)\u2019nin yap\u0131\u015ft\u0131r\u0131lmas\u0131 i\u00e7in geli\u015ftirilmi\u015ftir.<\/span><\/div>\n<div><\/div>\n<div class=\"titel\"><strong><span id=\"ctl00_ContentPlaceHolder1_toepassingenLBL\">UYGULAMALAR<\/span><\/strong><\/div>\n<div class=\"tekst\"><span id=\"ctl00_ContentPlaceHolder1_toepassingen\">&#8211; EPDM levhalar\u0131n\u0131n birbirine yap\u0131\u015ft\u0131r\u0131lmas\u0131 uygulamalar\u0131<br \/>\n&#8211; EPDM levhalar\u0131 ve bir\u00e7ok farkl\u0131 bina y\u00fczeyleri aras\u0131nda s\u0131zd\u0131rmazl\u0131k uygulamalar\u0131<\/span><\/div>\n<div class=\"titel\"><\/div>\n<div class=\"tekst\"><\/div>\n<div class=\"titel\"><strong><span id=\"ctl00_ContentPlaceHolder1_gebruiksaanwijzingLBL\">KULLANIM UYARILARI<\/span><\/strong><\/div>\n<div class=\"tekst\"><span id=\"ctl00_ContentPlaceHolder1_gebruiksaanwijzing\">Y\u00f6ntem: Derz dolgu tabancas\u0131<br \/>\nUygulama s\u0131cakl\u0131\u011f\u0131: +5\u00b0C +35\u00b0C aras\u0131<br \/>\nTemizleme: Kullan\u0131mdan hemen sonra beyaz ispirto ile<br \/>\nSonland\u0131rma: Doku olu\u015fumundan \u00f6nce, sabunlu \u00e7\u00f6zelti ile<br \/>\nOnar\u0131m: Silirub EPDM ile<\/span><\/div>\n<\/div>\n<\/div>\n<\/div>\n<\/div>\n","protected":false},"excerpt":{"rendered":"<p><span id=\"ctl00_ContentPlaceHolder1_omschrijving\">Silirub EPDM, y\u00fcksek kalitede, do\u011fal, elastik, tek bile\u015fenli, silikon bazl\u0131 derz dolgu malzemesidir.<\/span><\/p>\n","protected":false},"featured_media":3336,"comment_status":"open","ping_status":"closed","template":"","meta":[],"product_brand":[],"product_cat":[238],"product_tag":[338],"class_list":{"0":"post-3335","1":"product","2":"type-product","3":"status-publish","4":"has-post-thumbnail","6":"product_cat-mastikler-2","7":"product_tag-silirub-epdm","9":"first","10":"instock","11":"taxable","12":"shipping-taxable","13":"product-type-simple"},"_links":{"self":[{"href":"https:\/\/timeksyalitim.com.tr\/home\/wp-json\/wp\/v2\/product\/3335","targetHints":{"allow":["GET"]}}],"collection":[{"href":"https:\/\/timeksyalitim.com.tr\/home\/wp-json\/wp\/v2\/product"}],"about":[{"href":"https:\/\/timeksyalitim.com.tr\/home\/wp-json\/wp\/v2\/types\/product"}],"replies":[{"embeddable":true,"href":"https:\/\/timeksyalitim.com.tr\/home\/wp-json\/wp\/v2\/comments?post=3335"}],"wp:featuredmedia":[{"embeddable":true,"href":"https:\/\/timeksyalitim.com.tr\/home\/wp-json\/wp\/v2\/media\/3336"}],"wp:attachment":[{"href":"https:\/\/timeksyalitim.com.tr\/home\/wp-json\/wp\/v2\/media?parent=3335"}],"wp:term":[{"taxonomy":"product_brand","embeddable":true,"href":"https:\/\/timeksyalitim.com.tr\/home\/wp-json\/wp\/v2\/product_brand?post=3335"},{"taxonomy":"product_cat","embeddable":true,"href":"https:\/\/timeksyalitim.com.tr\/home\/wp-json\/wp\/v2\/product_cat?post=3335"},{"taxonomy":"product_tag","embeddable":true,"href":"https:\/\/timeksyalitim.com.tr\/home\/wp-json\/wp\/v2\/product_tag?post=3335"}],"curies":[{"name":"wp","href":"https:\/\/api.w.org\/{rel}","templated":true}]}}