{"id":3341,"date":"2022-11-24T13:46:55","date_gmt":"2022-11-24T10:46:55","guid":{"rendered":"http:\/\/timeksyalitim.com.tr\/home\/?post_type=product&#038;p=3341"},"modified":"2022-11-24T13:47:42","modified_gmt":"2022-11-24T10:47:42","slug":"soudal-silirub-s","status":"publish","type":"product","link":"https:\/\/timeksyalitim.com.tr\/home\/product\/soudal-silirub-s\/","title":{"rendered":"Soudal Silirub S"},"content":{"rendered":"<div class=\"titel\">\n<div class=\"titel\">\n<div class=\"titel\">\n<div class=\"titel\">\n<div class=\"titel\">\n<div class=\"titel\"><strong><span id=\"ctl00_ContentPlaceHolder1_omschrijvingLBL\">TANIM<\/span><\/strong><\/div>\n<div class=\"tekst\"><span id=\"ctl00_ContentPlaceHolder1_omschrijving\">Silirub S, y\u00fcksek kalitede, elastik, tek bile\u015fenli silikon bazl\u0131 derz dolgu malzemesidir.<\/span><\/div>\n<div><\/div>\n<div class=\"titel\"><strong><span id=\"ctl00_ContentPlaceHolder1_eigenschappenLBL\">\u00d6ZELLIKLER<\/span><\/strong><\/div>\n<div class=\"tekst\"><span id=\"ctl00_ContentPlaceHolder1_eigenschappen\">&#8211; \u00c7ok kolay uygulan\u0131r<br \/>\n&#8211; Solmaz ve UV \u0131\u015f\u0131nlar\u0131na dayan\u0131kl\u0131<br \/>\n&#8211; Sertle\u015fme sonras\u0131 kal\u0131c\u0131 elastikiyet.<br \/>\n&#8211; Tipik asetik kokusu<\/span><\/div>\n<div><\/div>\n<div class=\"titel\"><strong><span id=\"ctl00_ContentPlaceHolder1_toepassingenLBL\">UYGULAMALAR<\/span><\/strong><\/div>\n<div class=\"tekst\"><span id=\"ctl00_ContentPlaceHolder1_toepassingen\">&#8211; S\u0131hhi tesisat ve mutfak derzlerinde<br \/>\n&#8211; Cam i\u015flerinde en iyi s\u0131zd\u0131rmazl\u0131k sa\u011flar.<br \/>\n&#8211; Nemli ortamlarda bulunan yap\u0131 derzlerinde<br \/>\n&#8211; Klima sistemlerinde s\u0131zd\u0131rmazl\u0131k<\/span><\/div>\n<div class=\"titel\"><\/div>\n<div class=\"tekst\"><\/div>\n<div class=\"titel\"><strong><span id=\"ctl00_ContentPlaceHolder1_gebruiksaanwijzingLBL\">KULLANIM UYARILARI<\/span><\/strong><\/div>\n<div class=\"tekst\"><span id=\"ctl00_ContentPlaceHolder1_gebruiksaanwijzing\">Y\u00f6ntem: derz dolgu tabancas\u0131<br \/>\nUygulama s\u0131cakl\u0131\u011f\u0131: +5\u00b0C to +35\u00b0C<br \/>\nTemizleme: Kullan\u0131mdan hemen sonra beyaz ispirto ile temizleyin.<br \/>\nSonland\u0131rma: Doku olu\u015fumundan \u00f6nce, sabunlu \u00e7\u00f6zelti ile<br \/>\nOnar\u0131m: Silirub S ile<\/span><\/div>\n<div class=\"titel\"><\/div>\n<div class=\"tekst\"><\/div>\n<div class=\"titel\"><\/div>\n<div class=\"tekst\"><\/div>\n<div class=\"titel\"><strong><span id=\"ctl00_ContentPlaceHolder1_opmerkingLBL\">A\u00c7IKLAMALAR<\/span><\/strong><\/div>\n<div class=\"tekst\"><span id=\"ctl00_ContentPlaceHolder1_opmerking\">Asetik karakter nedeniyle baz\u0131 metaller(bak\u0131r, kur\u015fun) etkilenebilir.<br \/>\nMermer vb. gibi do\u011fal ta\u015flar \u00fczerinde bu dolgu malzemesini kullanmay\u0131n. Bunun yerine Silirub MA kullan\u0131n.<br \/>\nBu malzeme ve \u00e7ift caml\u0131 izolasyon pencerelerinin temel dolgu malzemeleri yada g\u00fcvenlik camlar\u0131n\u0131n PVB filmleri aras\u0131nda temas olmas\u0131ndan ka\u00e7\u0131n\u0131lmal\u0131d\u0131r.<\/span><\/div>\n<\/div>\n<\/div>\n<\/div>\n<\/div>\n<\/div>\n","protected":false},"excerpt":{"rendered":"<p><span id=\"ctl00_ContentPlaceHolder1_omschrijving\">Silirub S, y\u00fcksek kalitede, elastik, tek bile\u015fenli silikon bazl\u0131 derz dolgu malzemesidir.<\/span><\/p>\n","protected":false},"featured_media":3338,"comment_status":"open","ping_status":"closed","template":"","meta":[],"product_brand":[],"product_cat":[238],"product_tag":[339],"class_list":{"0":"post-3341","1":"product","2":"type-product","3":"status-publish","4":"has-post-thumbnail","6":"product_cat-mastikler-2","7":"product_tag-silirub-s","9":"first","10":"instock","11":"taxable","12":"shipping-taxable","13":"product-type-simple"},"_links":{"self":[{"href":"https:\/\/timeksyalitim.com.tr\/home\/wp-json\/wp\/v2\/product\/3341","targetHints":{"allow":["GET"]}}],"collection":[{"href":"https:\/\/timeksyalitim.com.tr\/home\/wp-json\/wp\/v2\/product"}],"about":[{"href":"https:\/\/timeksyalitim.com.tr\/home\/wp-json\/wp\/v2\/types\/product"}],"replies":[{"embeddable":true,"href":"https:\/\/timeksyalitim.com.tr\/home\/wp-json\/wp\/v2\/comments?post=3341"}],"wp:featuredmedia":[{"embeddable":true,"href":"https:\/\/timeksyalitim.com.tr\/home\/wp-json\/wp\/v2\/media\/3338"}],"wp:attachment":[{"href":"https:\/\/timeksyalitim.com.tr\/home\/wp-json\/wp\/v2\/media?parent=3341"}],"wp:term":[{"taxonomy":"product_brand","embeddable":true,"href":"https:\/\/timeksyalitim.com.tr\/home\/wp-json\/wp\/v2\/product_brand?post=3341"},{"taxonomy":"product_cat","embeddable":true,"href":"https:\/\/timeksyalitim.com.tr\/home\/wp-json\/wp\/v2\/product_cat?post=3341"},{"taxonomy":"product_tag","embeddable":true,"href":"https:\/\/timeksyalitim.com.tr\/home\/wp-json\/wp\/v2\/product_tag?post=3341"}],"curies":[{"name":"wp","href":"https:\/\/api.w.org\/{rel}","templated":true}]}}