{"id":3342,"date":"2022-11-24T13:52:12","date_gmt":"2022-11-24T10:52:12","guid":{"rendered":"http:\/\/timeksyalitim.com.tr\/home\/?post_type=product&#038;p=3342"},"modified":"2022-11-24T13:55:29","modified_gmt":"2022-11-24T10:55:29","slug":"soudal-silirub-ma","status":"publish","type":"product","link":"https:\/\/timeksyalitim.com.tr\/home\/product\/soudal-silirub-ma\/","title":{"rendered":"Soudal Silirub MA"},"content":{"rendered":"<div class=\"titel\">\n<div class=\"titel\">\n<div class=\"titel\">\n<div class=\"titel\">\n<div class=\"titel\">\n<div class=\"titel\">\n<div class=\"titel\"><strong><span id=\"ctl00_ContentPlaceHolder1_omschrijvingLBL\">TANIM<\/span><\/strong><\/div>\n<div class=\"tekst\"><span id=\"ctl00_ContentPlaceHolder1_omschrijving\">Silirub MA, y\u00fcksek kalitede, do\u011fal, elastik, tek bile\u015fenli silikon bazl\u0131 derz dolgu malzemesidir.<\/span><\/div>\n<div class=\"titel\"><strong><span id=\"ctl00_ContentPlaceHolder1_eigenschappenLBL\">\u00d6ZELLIKLER<\/span><\/strong><\/div>\n<div class=\"tekst\"><span id=\"ctl00_ContentPlaceHolder1_eigenschappen\">&#8211; Mermer, granit ve di\u011fer do\u011fal ta\u015flar gibi g\u00f6zenekli y\u00fczeylerde hi\u00e7bir boyama i\u015flemi yap\u0131lamaz.<br \/>\n&#8211; kal\u0131planmaya dayan\u0131kl\u0131<br \/>\n&#8211; \u00c7ok kolay uygulan\u0131r<br \/>\n&#8211; Solmaz ve UV \u0131\u015f\u0131nlar\u0131na dayan\u0131kl\u0131<br \/>\n&#8211; Sertle\u015fme sonras\u0131 kal\u0131c\u0131 elastikiyet.<br \/>\n&#8211; Bir\u00e7ok malzemede \u00e7ok iyi yap\u0131\u015fma.<br \/>\n&#8211; D\u00fc\u015f\u00fck katsay\u0131<\/span><\/div>\n<div class=\"titel\"><strong><span id=\"ctl00_ContentPlaceHolder1_toepassingenLBL\">UYGULAMALAR<\/span><\/strong><\/div>\n<div class=\"tekst\"><span id=\"ctl00_ContentPlaceHolder1_toepassingen\">&#8211; Do\u011fal ta\u015flar (mermer, mavi ta\u015f, granit, &#8230;) ya da di\u011fer g\u00f6zenekli y\u00fczeyler ile temas halinde olan birle\u015fme noktalar\u0131n\u0131n (derzlerin) s\u0131zd\u0131rmazl\u0131\u011f\u0131<br \/>\n&#8211; Do\u011fal ta\u015flar ile temas eden sa\u011fl\u0131k alanlar\u0131 ve mutfaklardaki birle\u015fme noktalar\u0131n\u0131n(derzlerin) s\u0131zd\u0131rmazl\u0131\u011f\u0131<br \/>\n&#8211; Bir\u00e7ok farkl\u0131 yap\u0131 malzemeleri aras\u0131ndaki genle\u015fme derzlerinde.<br \/>\n&#8211; Cam i\u015flerinde en iyi s\u0131zd\u0131rmazl\u0131k sa\u011flar.<\/span><\/div>\n<div class=\"titel\"><\/div>\n<div class=\"tekst\"><\/div>\n<div class=\"titel\"><strong><span id=\"ctl00_ContentPlaceHolder1_gebruiksaanwijzingLBL\">KULLANIM UYARILARI<\/span><\/strong><\/div>\n<div class=\"tekst\"><span id=\"ctl00_ContentPlaceHolder1_gebruiksaanwijzing\">Y\u00f6ntem: Manuel veya pn\u00f6matik derz dolgu tabancas\u0131<br \/>\nTemizleme: Kullan\u0131mdan hemen sonra beyaz ispirto veya Surface Cleaner(y\u00fczey temizleyici) ile temizleyin.<br \/>\nSonland\u0131rma: Doku olu\u015fumundan \u00f6nce, sabunlu \u00e7\u00f6zelti yada Soudal Finishing Solution (Soudal sonland\u0131rma \u00e7\u00f6zeltisi) ile<br \/>\nOnar\u0131m: Ayn\u0131 malzeme ile<\/span><\/div>\n<\/div>\n<\/div>\n<\/div>\n<\/div>\n<\/div>\n<\/div>\n","protected":false},"excerpt":{"rendered":"<p><span id=\"ctl00_ContentPlaceHolder1_omschrijving\">Silirub MA, y\u00fcksek kalitede, do\u011fal, elastik, tek bile\u015fenli silikon bazl\u0131 derz dolgu malzemesidir.<\/span><\/p>\n","protected":false},"featured_media":3343,"comment_status":"open","ping_status":"closed","template":"","meta":[],"product_brand":[],"product_cat":[238],"product_tag":[340],"class_list":{"0":"post-3342","1":"product","2":"type-product","3":"status-publish","4":"has-post-thumbnail","6":"product_cat-mastikler-2","7":"product_tag-silirub-ma","9":"first","10":"instock","11":"taxable","12":"shipping-taxable","13":"product-type-simple"},"_links":{"self":[{"href":"https:\/\/timeksyalitim.com.tr\/home\/wp-json\/wp\/v2\/product\/3342","targetHints":{"allow":["GET"]}}],"collection":[{"href":"https:\/\/timeksyalitim.com.tr\/home\/wp-json\/wp\/v2\/product"}],"about":[{"href":"https:\/\/timeksyalitim.com.tr\/home\/wp-json\/wp\/v2\/types\/product"}],"replies":[{"embeddable":true,"href":"https:\/\/timeksyalitim.com.tr\/home\/wp-json\/wp\/v2\/comments?post=3342"}],"wp:featuredmedia":[{"embeddable":true,"href":"https:\/\/timeksyalitim.com.tr\/home\/wp-json\/wp\/v2\/media\/3343"}],"wp:attachment":[{"href":"https:\/\/timeksyalitim.com.tr\/home\/wp-json\/wp\/v2\/media?parent=3342"}],"wp:term":[{"taxonomy":"product_brand","embeddable":true,"href":"https:\/\/timeksyalitim.com.tr\/home\/wp-json\/wp\/v2\/product_brand?post=3342"},{"taxonomy":"product_cat","embeddable":true,"href":"https:\/\/timeksyalitim.com.tr\/home\/wp-json\/wp\/v2\/product_cat?post=3342"},{"taxonomy":"product_tag","embeddable":true,"href":"https:\/\/timeksyalitim.com.tr\/home\/wp-json\/wp\/v2\/product_tag?post=3342"}],"curies":[{"name":"wp","href":"https:\/\/api.w.org\/{rel}","templated":true}]}}