{"id":3344,"date":"2022-11-24T14:01:38","date_gmt":"2022-11-24T11:01:38","guid":{"rendered":"http:\/\/timeksyalitim.com.tr\/home\/?post_type=product&#038;p=3344"},"modified":"2022-11-24T14:02:55","modified_gmt":"2022-11-24T11:02:55","slug":"soudal-gasketseal-300c","status":"publish","type":"product","link":"https:\/\/timeksyalitim.com.tr\/home\/product\/soudal-gasketseal-300c\/","title":{"rendered":"Soudal Gasketseal 300C"},"content":{"rendered":"<div class=\"titel\">\n<div class=\"titel\">\n<div class=\"titel\">\n<div class=\"titel\">\n<div class=\"titel\">\n<div class=\"titel\">\n<div class=\"titel\">\n<div class=\"titel\"><strong><span id=\"ctl00_ContentPlaceHolder1_omschrijvingLBL\">TANIM<\/span><\/strong><\/div>\n<div class=\"tekst\"><span id=\"ctl00_ContentPlaceHolder1_omschrijving\">Gasketseal, \u00e7ok y\u00fcksek s\u0131cakl\u0131klara dayan\u0131kl\u0131, silikon bazl\u0131,elastik tek bile\u015fenli, y\u00fcksek kalitede dolgu malzemesidir.<\/span><\/div>\n<div class=\"titel\"><strong><span id=\"ctl00_ContentPlaceHolder1_eigenschappenLBL\">\u00d6ZELLIKLER<\/span><\/strong><\/div>\n<div class=\"tekst\"><span id=\"ctl00_ContentPlaceHolder1_eigenschappen\">&#8211; \u00c7ok kolay uygulama<br \/>\n&#8211; Y\u00fcksek s\u0131cakl\u0131k dayan\u0131m\u0131<br \/>\n&#8211; Kuruduktan sonra elastik kal\u0131r<br \/>\n&#8211; Tipik asetik kokusu<\/span><\/div>\n<div class=\"titel\"><strong><span id=\"ctl00_ContentPlaceHolder1_toepassingenLBL\">UYGULAMALAR<\/span><\/strong><\/div>\n<div class=\"tekst\"><span id=\"ctl00_ContentPlaceHolder1_toepassingen\">&#8211; Is\u0131ya kar\u015f\u0131 dayan\u0131kl\u0131 contalar\u0131n olu\u015fturulmas\u0131<br \/>\n&#8211; Metal par\u00e7alar aras\u0131 s\u0131zd\u0131rmazl\u0131k<br \/>\n&#8211; Motor ve pompalarda conta<br \/>\n&#8211; Is\u0131tma sistemlerinde s\u0131zd\u0131rmazl\u0131k<br \/>\n&#8211; Mutfak aletlerinde s\u0131zd\u0131rmazl\u0131k<\/span><\/div>\n<div class=\"titel\"><\/div>\n<div class=\"tekst\"><\/div>\n<div class=\"titel\"><strong><span id=\"ctl00_ContentPlaceHolder1_gebruiksaanwijzingLBL\">KULLANIM UYARILARI<\/span><\/strong><\/div>\n<div class=\"tekst\"><span id=\"ctl00_ContentPlaceHolder1_gebruiksaanwijzing\">Y\u00f6ntem: derz dolgu tabancas\u0131<br \/>\nUygulama s\u0131cakl\u0131\u011f\u0131: +5\u00b0C +35\u00b0C aras\u0131<br \/>\nTemizleme: Kullan\u0131mdan hemen sonra beyaz ispirto ile<br \/>\nSonland\u0131rma: Doku olu\u015fmadan \u00f6nce sabunlu su ile<br \/>\nOnar\u0131m: Gasketseal ile<\/span><\/div>\n<div class=\"tekst\"><\/div>\n<div class=\"titel\"><strong><span id=\"ctl00_ContentPlaceHolder1_opmerkingLBL\">A\u00c7IKLAMALAR<\/span><\/strong><\/div>\n<div class=\"tekst\"><span id=\"ctl00_ContentPlaceHolder1_opmerking\">Asetik karakterinden dolay\u0131 baz\u0131 metaller (bak\u0131r, kur\u015fun) etki edebilir.<\/span><\/div>\n<\/div>\n<\/div>\n<\/div>\n<\/div>\n<\/div>\n<\/div>\n<\/div>\n","protected":false},"excerpt":{"rendered":"<p><span id=\"ctl00_ContentPlaceHolder1_omschrijving\">Silirub MA, y\u00fcksek kalitede, do\u011fal, elastik, tek bile\u015fenli silikon bazl\u0131 derz dolgu malzemesidir.<\/span><\/p>\n","protected":false},"featured_media":3345,"comment_status":"open","ping_status":"closed","template":"","meta":[],"product_brand":[],"product_cat":[238],"product_tag":[341],"class_list":{"0":"post-3344","1":"product","2":"type-product","3":"status-publish","4":"has-post-thumbnail","6":"product_cat-mastikler-2","7":"product_tag-gasketseal-300c","9":"first","10":"instock","11":"taxable","12":"shipping-taxable","13":"product-type-simple"},"_links":{"self":[{"href":"https:\/\/timeksyalitim.com.tr\/home\/wp-json\/wp\/v2\/product\/3344","targetHints":{"allow":["GET"]}}],"collection":[{"href":"https:\/\/timeksyalitim.com.tr\/home\/wp-json\/wp\/v2\/product"}],"about":[{"href":"https:\/\/timeksyalitim.com.tr\/home\/wp-json\/wp\/v2\/types\/product"}],"replies":[{"embeddable":true,"href":"https:\/\/timeksyalitim.com.tr\/home\/wp-json\/wp\/v2\/comments?post=3344"}],"wp:featuredmedia":[{"embeddable":true,"href":"https:\/\/timeksyalitim.com.tr\/home\/wp-json\/wp\/v2\/media\/3345"}],"wp:attachment":[{"href":"https:\/\/timeksyalitim.com.tr\/home\/wp-json\/wp\/v2\/media?parent=3344"}],"wp:term":[{"taxonomy":"product_brand","embeddable":true,"href":"https:\/\/timeksyalitim.com.tr\/home\/wp-json\/wp\/v2\/product_brand?post=3344"},{"taxonomy":"product_cat","embeddable":true,"href":"https:\/\/timeksyalitim.com.tr\/home\/wp-json\/wp\/v2\/product_cat?post=3344"},{"taxonomy":"product_tag","embeddable":true,"href":"https:\/\/timeksyalitim.com.tr\/home\/wp-json\/wp\/v2\/product_tag?post=3344"}],"curies":[{"name":"wp","href":"https:\/\/api.w.org\/{rel}","templated":true}]}}