{"id":3346,"date":"2022-11-24T14:03:52","date_gmt":"2022-11-24T11:03:52","guid":{"rendered":"http:\/\/timeksyalitim.com.tr\/home\/?post_type=product&#038;p=3346"},"modified":"2022-11-24T14:08:11","modified_gmt":"2022-11-24T11:08:11","slug":"soudal-silirub-sc","status":"publish","type":"product","link":"https:\/\/timeksyalitim.com.tr\/home\/product\/soudal-silirub-sc\/","title":{"rendered":"Soudal Silirub SC"},"content":{"rendered":"<div class=\"titel\">\n<div class=\"titel\">\n<div class=\"titel\">\n<div class=\"titel\">\n<div class=\"titel\">\n<div class=\"titel\">\n<div class=\"titel\"><strong><span id=\"ctl00_ContentPlaceHolder1_omschrijvingLBL\">TANIM<\/span><\/strong><\/div>\n<div class=\"tekst\"><span id=\"ctl00_ContentPlaceHolder1_omschrijving\">Silirub SC y\u00fcksek kaliteli, elastik, tek komponentli, antibakteriyel, du\u015fakabinlerde kullan\u03b9lmak \u00fczere \u00f6zel olarak geli\u015ftirilmi\u015f asetik silikondur.<\/span><\/div>\n<div class=\"titel\"><strong><span id=\"ctl00_ContentPlaceHolder1_eigenschappenLBL\">\u00d6ZELLIKLER<\/span><\/strong><\/div>\n<div class=\"tekst\"><span id=\"ctl00_ContentPlaceHolder1_eigenschappen\">&#8211; \u00c7ok h\u03b9zl\u03b9 kurur<br \/>\n&#8211; % 100 silikon olup kesinlikle solvent i\u00e7ermez<br \/>\n&#8211; Bir\u00e7ok y\u00fczeye m\u00fckemmel yap\u03b9\u015fma \u00f6zelli\u011fine sahiptir<br \/>\n&#8211; UV \u03b9\u015f\u03b9nlar\u03b9na dayan\u03b9kl\u03b9d\u03b9r<br \/>\n&#8211; Antibakteriyel \u00f6zelli\u011fi sayesinde bakteri bar\u03b9nd\u03b9rmaz<br \/>\n&#8211; K\u00fcrlendikten sonra elastikiyet \u00f6zelli\u011fini korur<\/span><\/div>\n<\/div>\n<\/div>\n<\/div>\n<\/div>\n<\/div>\n<\/div>\n","protected":false},"excerpt":{"rendered":"<p><span id=\"ctl00_ContentPlaceHolder1_omschrijving\">Silirub SC y\u00fcksek kaliteli, elastik, tek komponentli, antibakteriyel, du\u015fakabinlerde kullan\u03b9lmak \u00fczere \u00f6zel olarak geli\u015ftirilmi\u015f asetik silikondur.<\/span><\/p>\n","protected":false},"featured_media":3347,"comment_status":"open","ping_status":"closed","template":"","meta":[],"product_brand":[],"product_cat":[238],"product_tag":[342],"class_list":{"0":"post-3346","1":"product","2":"type-product","3":"status-publish","4":"has-post-thumbnail","6":"product_cat-mastikler-2","7":"product_tag-silirub-sc","9":"first","10":"instock","11":"taxable","12":"shipping-taxable","13":"product-type-simple"},"_links":{"self":[{"href":"https:\/\/timeksyalitim.com.tr\/home\/wp-json\/wp\/v2\/product\/3346","targetHints":{"allow":["GET"]}}],"collection":[{"href":"https:\/\/timeksyalitim.com.tr\/home\/wp-json\/wp\/v2\/product"}],"about":[{"href":"https:\/\/timeksyalitim.com.tr\/home\/wp-json\/wp\/v2\/types\/product"}],"replies":[{"embeddable":true,"href":"https:\/\/timeksyalitim.com.tr\/home\/wp-json\/wp\/v2\/comments?post=3346"}],"wp:featuredmedia":[{"embeddable":true,"href":"https:\/\/timeksyalitim.com.tr\/home\/wp-json\/wp\/v2\/media\/3347"}],"wp:attachment":[{"href":"https:\/\/timeksyalitim.com.tr\/home\/wp-json\/wp\/v2\/media?parent=3346"}],"wp:term":[{"taxonomy":"product_brand","embeddable":true,"href":"https:\/\/timeksyalitim.com.tr\/home\/wp-json\/wp\/v2\/product_brand?post=3346"},{"taxonomy":"product_cat","embeddable":true,"href":"https:\/\/timeksyalitim.com.tr\/home\/wp-json\/wp\/v2\/product_cat?post=3346"},{"taxonomy":"product_tag","embeddable":true,"href":"https:\/\/timeksyalitim.com.tr\/home\/wp-json\/wp\/v2\/product_tag?post=3346"}],"curies":[{"name":"wp","href":"https:\/\/api.w.org\/{rel}","templated":true}]}}