{"id":3367,"date":"2022-11-24T15:20:24","date_gmt":"2022-11-24T12:20:24","guid":{"rendered":"http:\/\/timeksyalitim.com.tr\/home\/?post_type=product&#038;p=3367"},"modified":"2022-11-24T15:22:43","modified_gmt":"2022-11-24T12:22:43","slug":"soudal-multibond-sms-35","status":"publish","type":"product","link":"https:\/\/timeksyalitim.com.tr\/home\/product\/soudal-multibond-sms-35\/","title":{"rendered":"Soudal Multibond SMS-35"},"content":{"rendered":"<div class=\"titel\">\n<div class=\"titel\">\n<div class=\"titel\">\n<div class=\"titel\">\n<div class=\"titel\">\n<div class=\"titel\">\n<div class=\"titel\">\n<div class=\"titel\">\n<div class=\"titel\">\n<div class=\"titel\">\n<div class=\"titel\">\n<div class=\"titel\">\n<div class=\"titel\">\n<div class=\"titel\">\n<div class=\"titel\">\n<div class=\"titel\"><strong><span id=\"ctl00_ContentPlaceHolder1_omschrijvingLBL\">TANIM<\/span><\/strong><\/div>\n<div class=\"tekst\"><span id=\"ctl00_ContentPlaceHolder1_omschrijving\">MULTIBOND SMS-35, y\u00fcksek kalitede, tek bile\u015fenli, y\u00fcksek yap\u0131\u015fma g\u00fcc\u00fcne sahip melez-polimer esasl\u0131 dolgu\/yap\u0131\u015ft\u0131rma malzemesidir.<\/span><\/div>\n<div class=\"titel\"><strong><span id=\"ctl00_ContentPlaceHolder1_eigenschappenLBL\">\u00d6ZELLIKLER<\/span><\/strong><\/div>\n<div class=\"tekst\"><span id=\"ctl00_ContentPlaceHolder1_eigenschappen\">&#8211; Y\u00fcksek yap\u0131\u015fma g\u00fcc\u00fc<br \/>\n&#8211; Kolay i\u015flenebilirlik ve sonland\u0131rma<br \/>\n&#8211; Su bazl\u0131 boya ile boyanabilir.<br \/>\n&#8211; Tam kurumadan sonra daima elastik<\/span><\/div>\n<div class=\"titel\"><strong><span id=\"ctl00_ContentPlaceHolder1_toepassingenLBL\">UYGULAMALAR<\/span><\/strong><\/div>\n<div class=\"tekst\"><span id=\"ctl00_ContentPlaceHolder1_toepassingen\">&#8211; \u0130n\u015faat ve yap\u0131 end\u00fcstrisinde yap\u0131\u015ft\u0131rma ve s\u0131zd\u0131rmazl\u0131k<br \/>\n&#8211; S\u0131hhi ve mutfak alanlar\u0131nda- k\u00fcf olu\u015fumuna diren\u00e7lidir.<br \/>\n&#8211; Titre\u015fimli konstr\u00fcksiyonlar\u0131n yap\u0131sal ba\u011flanmas\u0131\/yap\u0131\u015ft\u0131r\u0131lmas\u0131 uygulamalar\u0131<br \/>\n&#8211; Zemin derz dolgusu<br \/>\n&#8211; Do\u011fal ta\u015flar\u0131n s\u0131zd\u0131rmazl\u0131\u011f\u0131 ve yap\u0131\u015ft\u0131r\u0131lmas\u0131 (mermer, granit,..)<\/span><\/div>\n<div class=\"titel\"><\/div>\n<div class=\"tekst\"><\/div>\n<div class=\"titel\"><strong><span id=\"ctl00_ContentPlaceHolder1_gebruiksaanwijzingLBL\">KULLANIM UYARILARI<\/span><\/strong><\/div>\n<div class=\"tekst\"><span id=\"ctl00_ContentPlaceHolder1_gebruiksaanwijzing\">Y\u00f6ntem: Manuel veya pn\u00f6matik derz dolgu tabancas\u0131<br \/>\nUygulama s\u0131cakl\u0131\u011f\u0131: +5\u00b0C +35\u00b0C aras\u0131<br \/>\nTemizleme: Uygulamadan hemen sonra ve kurumadan \u00f6nce Fix ALL temizleyici ile<br \/>\nAlet ile \u015fekillendirme: doku olu\u015fumundan \u00f6nce sabunlu \u00e7\u00f6zelti ile<br \/>\nOnar\u0131m: Multibond SMS-35 ile<\/span><\/div>\n<\/div>\n<\/div>\n<\/div>\n<\/div>\n<\/div>\n<\/div>\n<\/div>\n<\/div>\n<\/div>\n<\/div>\n<\/div>\n<\/div>\n<\/div>\n<\/div>\n<\/div>\n","protected":false},"excerpt":{"rendered":"<p><span id=\"ctl00_ContentPlaceHolder1_omschrijving\">MULTIBOND SMS-35, y\u00fcksek kalitede, tek bile\u015fenli, y\u00fcksek yap\u0131\u015fma g\u00fcc\u00fcne sahip melez-polimer esasl\u0131 dolgu\/yap\u0131\u015ft\u0131rma malzemesidir.<\/span><\/p>\n","protected":false},"featured_media":3368,"comment_status":"open","ping_status":"closed","template":"","meta":[],"product_brand":[],"product_cat":[238],"product_tag":[351],"class_list":{"0":"post-3367","1":"product","2":"type-product","3":"status-publish","4":"has-post-thumbnail","6":"product_cat-mastikler-2","7":"product_tag-multibond-sms-35","9":"first","10":"instock","11":"taxable","12":"shipping-taxable","13":"product-type-simple"},"_links":{"self":[{"href":"https:\/\/timeksyalitim.com.tr\/home\/wp-json\/wp\/v2\/product\/3367","targetHints":{"allow":["GET"]}}],"collection":[{"href":"https:\/\/timeksyalitim.com.tr\/home\/wp-json\/wp\/v2\/product"}],"about":[{"href":"https:\/\/timeksyalitim.com.tr\/home\/wp-json\/wp\/v2\/types\/product"}],"replies":[{"embeddable":true,"href":"https:\/\/timeksyalitim.com.tr\/home\/wp-json\/wp\/v2\/comments?post=3367"}],"wp:featuredmedia":[{"embeddable":true,"href":"https:\/\/timeksyalitim.com.tr\/home\/wp-json\/wp\/v2\/media\/3368"}],"wp:attachment":[{"href":"https:\/\/timeksyalitim.com.tr\/home\/wp-json\/wp\/v2\/media?parent=3367"}],"wp:term":[{"taxonomy":"product_brand","embeddable":true,"href":"https:\/\/timeksyalitim.com.tr\/home\/wp-json\/wp\/v2\/product_brand?post=3367"},{"taxonomy":"product_cat","embeddable":true,"href":"https:\/\/timeksyalitim.com.tr\/home\/wp-json\/wp\/v2\/product_cat?post=3367"},{"taxonomy":"product_tag","embeddable":true,"href":"https:\/\/timeksyalitim.com.tr\/home\/wp-json\/wp\/v2\/product_tag?post=3367"}],"curies":[{"name":"wp","href":"https:\/\/api.w.org\/{rel}","templated":true}]}}