{"id":3369,"date":"2022-11-24T15:23:21","date_gmt":"2022-11-24T12:23:21","guid":{"rendered":"http:\/\/timeksyalitim.com.tr\/home\/?post_type=product&#038;p=3369"},"modified":"2022-11-24T15:25:41","modified_gmt":"2022-11-24T12:25:41","slug":"soudal-firecryl-fr","status":"publish","type":"product","link":"https:\/\/timeksyalitim.com.tr\/home\/product\/soudal-firecryl-fr\/","title":{"rendered":"Soudal Firecryl FR"},"content":{"rendered":"<div class=\"titel\"><strong><span id=\"ctl00_ContentPlaceHolder1_omschrijvingLBL\">TANIM<\/span><\/strong><\/div>\n<div class=\"tekst\"><span id=\"ctl00_ContentPlaceHolder1_omschrijving\">Firecryl FR, akrilik dispersiyon esasl\u0131 tek bile\u015fenli \u015fi\u015febilen plastoelastik derz dolgu malzemesidir.<\/span><\/div>\n<div class=\"titel\"><strong><span id=\"ctl00_ContentPlaceHolder1_eigenschappenLBL\">\u00d6ZELLIKLER<\/span><\/strong><\/div>\n<div class=\"tekst\"><span id=\"ctl00_ContentPlaceHolder1_eigenschappen\">&#8211; Yang\u0131n ve duman ge\u00e7i\u015fini engeller<br \/>\n&#8211; PE destek \u00e7ubu\u011fu ile 4 saate kadar yang\u0131na dayan\u0131kl\u0131d\u0131r<br \/>\n(EN 1366 B\u00f6l\u00fcm 4-NBN713.020-BS 476\/20)<br \/>\n&#8211; Ate\u015f ile temas\u0131nda \u015fi\u015fer<br \/>\n&#8211; 120 \u00b0 C a\u015fan s\u0131cakl\u0131klara maruz kald\u0131\u011f\u0131nda \u015fi\u015fer<br \/>\n&#8211; Elastik kal\u0131r ve \u00fczeri boyanabilir<br \/>\n&#8211; Solmaz ve kuruma sonras\u0131 su ge\u00e7irmez<br \/>\n&#8211; Bir\u00e7ok g\u00f6zenekli y\u00fczey \u00fczerinde iyi yap\u0131\u015f\u0131r<br \/>\n&#8211; Kuruduktan sonra \u00fczeri boyanabilir<\/span><\/div>\n<div class=\"titel\"><strong><span id=\"ctl00_ContentPlaceHolder1_toepassingenLBL\">UYGULAMALAR<\/span><\/strong><\/div>\n<div class=\"tekst\"><span id=\"ctl00_ContentPlaceHolder1_toepassingen\">&#8211; \u0130\u00e7 k\u0131s\u0131mlar i\u00e7in yang\u0131na dayan\u0131kl\u0131l\u0131k sa\u011flayan uygulamalar<br \/>\n&#8211; Beton ve s\u0131va \u00e7atlaklar\u0131 i\u00e7in ate\u015fe dayan\u0131kl\u0131l\u0131k sa\u011flayan dolgu malzemesi<br \/>\n&#8211; \u0130n\u015faat sekt\u00f6r\u00fcnde ba\u011flant\u0131 noktalar\u0131nda ate\u015fe dayan\u0131kl\u0131l\u0131k sa\u011flar<br \/>\n&#8211; %10 oran\u0131na kadar hareketli olan ba\u011flant\u0131 noktalar\u0131nda ate\u015fe dayan\u0131kl\u0131l\u0131k sa\u011flar<\/span><\/div>\n<div class=\"titel\"><\/div>\n<div class=\"tekst\"><\/div>\n<div class=\"titel\"><strong><span id=\"ctl00_ContentPlaceHolder1_gebruiksaanwijzingLBL\">KULLANIM UYARILARI<\/span><\/strong><\/div>\n<div class=\"tekst\"><span id=\"ctl00_ContentPlaceHolder1_gebruiksaanwijzing\">Y\u00f6ntem: Elle veya pn\u00f6matik derz dolgu tabancas\u0131 yard\u0131m\u0131 ile dolgu maddesi uygulan\u0131r. Bir dolgu spatulas\u0131 ile dolgu maddesi d\u00fczeltilir.<br \/>\nUygulama s\u0131cakl\u0131\u011f\u0131: +5\u00b0C +30\u00b0C aras\u0131nda uygulan\u0131r.<br \/>\nYa\u011fmur ya\u011fma veya don ihtimali oldu\u011funda uygulamay\u0131n\u0131z.<br \/>\nTemizleme: Kurumam\u0131\u015f Firecryl FR su ile temizlenebilir.<br \/>\nKurumu\u015f dolgu malzemesi ise mekanik olarak \u00e7\u0131kar\u0131labilir.<br \/>\nSonland\u0131rma: Sabunlu su ile<br \/>\nOnar\u0131m: Firecryl FR ile<\/span><\/div>\n","protected":false},"excerpt":{"rendered":"<p><span id=\"ctl00_ContentPlaceHolder1_omschrijving\">Firecryl FR, akrilik dispersiyon esasl\u0131 tek bile\u015fenli \u015fi\u015febilen plastoelastik derz dolgu malzemesidir.<\/span><\/p>\n","protected":false},"featured_media":3370,"comment_status":"open","ping_status":"closed","template":"","meta":[],"product_brand":[],"product_cat":[238],"product_tag":[352],"class_list":{"0":"post-3369","1":"product","2":"type-product","3":"status-publish","4":"has-post-thumbnail","6":"product_cat-mastikler-2","7":"product_tag-firecryl-fr","9":"first","10":"instock","11":"taxable","12":"shipping-taxable","13":"product-type-simple"},"_links":{"self":[{"href":"https:\/\/timeksyalitim.com.tr\/home\/wp-json\/wp\/v2\/product\/3369","targetHints":{"allow":["GET"]}}],"collection":[{"href":"https:\/\/timeksyalitim.com.tr\/home\/wp-json\/wp\/v2\/product"}],"about":[{"href":"https:\/\/timeksyalitim.com.tr\/home\/wp-json\/wp\/v2\/types\/product"}],"replies":[{"embeddable":true,"href":"https:\/\/timeksyalitim.com.tr\/home\/wp-json\/wp\/v2\/comments?post=3369"}],"wp:featuredmedia":[{"embeddable":true,"href":"https:\/\/timeksyalitim.com.tr\/home\/wp-json\/wp\/v2\/media\/3370"}],"wp:attachment":[{"href":"https:\/\/timeksyalitim.com.tr\/home\/wp-json\/wp\/v2\/media?parent=3369"}],"wp:term":[{"taxonomy":"product_brand","embeddable":true,"href":"https:\/\/timeksyalitim.com.tr\/home\/wp-json\/wp\/v2\/product_brand?post=3369"},{"taxonomy":"product_cat","embeddable":true,"href":"https:\/\/timeksyalitim.com.tr\/home\/wp-json\/wp\/v2\/product_cat?post=3369"},{"taxonomy":"product_tag","embeddable":true,"href":"https:\/\/timeksyalitim.com.tr\/home\/wp-json\/wp\/v2\/product_tag?post=3369"}],"curies":[{"name":"wp","href":"https:\/\/api.w.org\/{rel}","templated":true}]}}