{"id":3371,"date":"2022-11-24T15:27:17","date_gmt":"2022-11-24T12:27:17","guid":{"rendered":"http:\/\/timeksyalitim.com.tr\/home\/?post_type=product&#038;p=3371"},"modified":"2022-11-24T15:29:50","modified_gmt":"2022-11-24T12:29:50","slug":"soudal-calofer","status":"publish","type":"product","link":"https:\/\/timeksyalitim.com.tr\/home\/product\/soudal-calofer\/","title":{"rendered":"Soudal Calofer"},"content":{"rendered":"<div class=\"titel\">\n<div class=\"titel\"><strong><span id=\"ctl00_ContentPlaceHolder1_omschrijvingLBL\">TANIM<\/span><\/strong><\/div>\n<div class=\"tekst\"><span id=\"ctl00_ContentPlaceHolder1_omschrijving\">Calofer, 1500 \u00b0C \u00fczerine dayanabilen, sert bir birle\u015fme noktas\u0131 olu\u015fturmak i\u00e7in k\u00fcrlenme esasl\u0131 y\u00fcksek kaliteye sahip s\u0131zd\u0131rmazl\u0131k macunudur.<\/span><\/div>\n<div class=\"titel\"><strong><span id=\"ctl00_ContentPlaceHolder1_eigenschappenLBL\">\u00d6ZELLIKLER<\/span><\/strong><\/div>\n<div class=\"tekst\"><span id=\"ctl00_ContentPlaceHolder1_eigenschappen\">&#8211; Kullan\u0131ma haz\u0131r<br \/>\n&#8211; sertle\u015ftikten sonra \u00e7atlamaz veya par\u00e7alanmaz<br \/>\n&#8211; 1500 \u00b0C ye kadar \u0131s\u0131ya dayan\u0131kl\u0131<br \/>\n&#8211; Asbest i\u00e7ermez<\/span><\/div>\n<div class=\"titel\"><strong><span id=\"ctl00_ContentPlaceHolder1_toepassingenLBL\">UYGULAMALAR<\/span><\/strong><\/div>\n<div class=\"tekst\"><span id=\"ctl00_ContentPlaceHolder1_toepassingen\">Y\u00fcksek s\u0131cakl\u0131ktaki alanlar\u0131n birle\u015fme noktalar\u0131 ve a\u00e7\u0131klar\u0131n\u0131n s\u0131zd\u0131rmazl\u0131\u011f\u0131<br \/>\nIs\u0131tma sistemleri, f\u0131r\u0131nlar vs. montaj\u0131<\/span><\/div>\n<div class=\"titel\"><\/div>\n<div class=\"tekst\"><\/div>\n<div class=\"titel\"><strong><span id=\"ctl00_ContentPlaceHolder1_gebruiksaanwijzingLBL\">KULLANIM UYARILARI<\/span><\/strong><\/div>\n<div class=\"tekst\"><span id=\"ctl00_ContentPlaceHolder1_gebruiksaanwijzing\">Y\u00f6ntem: Silikon tabancas\u0131, spatula, mala<br \/>\nUygulama s\u0131cakl\u0131\u011f\u0131: +5\u00b0C +30\u00b0C aras\u0131<br \/>\nTemizleme: Su<br \/>\nOnar\u0131m: Ayn\u0131 malzeme ile<\/span><\/div>\n<\/div>\n","protected":false},"excerpt":{"rendered":"<p><span id=\"ctl00_ContentPlaceHolder1_omschrijving\">Calofer, 1500 \u00b0C \u00fczerine dayanabilen, sert bir birle\u015fme noktas\u0131 olu\u015fturmak i\u00e7in k\u00fcrlenme esasl\u0131 y\u00fcksek kaliteye sahip s\u0131zd\u0131rmazl\u0131k macunudur.<\/span><\/p>\n","protected":false},"featured_media":3372,"comment_status":"open","ping_status":"closed","template":"","meta":[],"product_brand":[],"product_cat":[238],"product_tag":[353],"class_list":{"0":"post-3371","1":"product","2":"type-product","3":"status-publish","4":"has-post-thumbnail","6":"product_cat-mastikler-2","7":"product_tag-calofer","9":"first","10":"instock","11":"taxable","12":"shipping-taxable","13":"product-type-simple"},"_links":{"self":[{"href":"https:\/\/timeksyalitim.com.tr\/home\/wp-json\/wp\/v2\/product\/3371","targetHints":{"allow":["GET"]}}],"collection":[{"href":"https:\/\/timeksyalitim.com.tr\/home\/wp-json\/wp\/v2\/product"}],"about":[{"href":"https:\/\/timeksyalitim.com.tr\/home\/wp-json\/wp\/v2\/types\/product"}],"replies":[{"embeddable":true,"href":"https:\/\/timeksyalitim.com.tr\/home\/wp-json\/wp\/v2\/comments?post=3371"}],"wp:featuredmedia":[{"embeddable":true,"href":"https:\/\/timeksyalitim.com.tr\/home\/wp-json\/wp\/v2\/media\/3372"}],"wp:attachment":[{"href":"https:\/\/timeksyalitim.com.tr\/home\/wp-json\/wp\/v2\/media?parent=3371"}],"wp:term":[{"taxonomy":"product_brand","embeddable":true,"href":"https:\/\/timeksyalitim.com.tr\/home\/wp-json\/wp\/v2\/product_brand?post=3371"},{"taxonomy":"product_cat","embeddable":true,"href":"https:\/\/timeksyalitim.com.tr\/home\/wp-json\/wp\/v2\/product_cat?post=3371"},{"taxonomy":"product_tag","embeddable":true,"href":"https:\/\/timeksyalitim.com.tr\/home\/wp-json\/wp\/v2\/product_tag?post=3371"}],"curies":[{"name":"wp","href":"https:\/\/api.w.org\/{rel}","templated":true}]}}