{"id":3373,"date":"2022-11-24T15:30:55","date_gmt":"2022-11-24T12:30:55","guid":{"rendered":"http:\/\/timeksyalitim.com.tr\/home\/?post_type=product&#038;p=3373"},"modified":"2022-11-24T15:33:09","modified_gmt":"2022-11-24T12:33:09","slug":"soudal-butyrub","status":"publish","type":"product","link":"https:\/\/timeksyalitim.com.tr\/home\/product\/soudal-butyrub\/","title":{"rendered":"Soudal Butyrub"},"content":{"rendered":"<div class=\"titel\">\n<div class=\"titel\">\n<div class=\"titel\"><span id=\"ctl00_ContentPlaceHolder1_omschrijvingLBL\">TANIM<\/span><\/div>\n<div class=\"tekst\"><span id=\"ctl00_ContentPlaceHolder1_omschrijving\">Butyrub, polib\u00fcten bazl\u0131, daima plastik tek bile\u015fenli dolgu malzemesidir.<\/span><\/div>\n<div class=\"titel\"><span id=\"ctl00_ContentPlaceHolder1_eigenschappenLBL\">\u00d6ZELLIKLER<\/span><\/div>\n<div class=\"tekst\"><span id=\"ctl00_ContentPlaceHolder1_eigenschappen\">&#8211; \u00c7ok kolay uygulan\u0131r<br \/>\n&#8211; Elastik ve gergin bir doku olu\u015fturur<br \/>\n&#8211; 24 saat sonra \u00fczeri boyanabilir<br \/>\n&#8211; Bir\u00e7ok bina y\u00fczeyi \u00fczerinde \u00e7ok iyi yap\u0131\u015fma<br \/>\n&#8211; UV ve hava ko\u015fullar\u0131na dayan\u0131kl\u0131<br \/>\n&#8211; Kimyasallara kar\u015f\u0131 iyi dirence sahip<\/span><\/div>\n<div class=\"titel\"><span id=\"ctl00_ContentPlaceHolder1_toepassingenLBL\">UYGULAMALAR<\/span><\/div>\n<div class=\"tekst\"><span id=\"ctl00_ContentPlaceHolder1_toepassingen\">&#8211; %5\u2019e kadar s\u0131n\u0131rl\u0131 hareket ile birle\u015ftirilir.<br \/>\n&#8211; Duvar, kap\u0131 ve pencere \u00e7er\u00e7eveleri, pencere e\u015fiklerinin birle\u015fme noktalar\u0131 i\u00e7in dolgu malzemesi<br \/>\n&#8211; Ah\u015fap, beton ve \u00e7elik \u00e7er\u00e7evelerde tek katmanl\u0131 cam montaj\u0131 (\u00f6rne\u011fin seralar).<br \/>\n&#8211; Otomobil g\u00f6vdeleri ve konteynerlerin birle\u015fme noktalar\u0131 i\u00e7in dolgu malzemesi<\/span><\/div>\n<div class=\"titel\"><\/div>\n<div class=\"tekst\"><\/div>\n<div class=\"titel\"><span id=\"ctl00_ContentPlaceHolder1_gebruiksaanwijzingLBL\">KULLANIM UYARILARI<\/span><\/div>\n<div class=\"tekst\"><span id=\"ctl00_ContentPlaceHolder1_gebruiksaanwijzing\">Y\u00f6ntem: Elle veya pn\u00f6matik derz dolgu tabancas\u0131 yard\u0131m\u0131 ile dolgu maddesi uygulan\u0131r. Bir dolgu spatulas\u0131 ile dolgu maddesi d\u00fczeltilir.<br \/>\nUygulama s\u0131cakl\u0131\u011f\u0131: +5\u00b0C +30\u00b0C aras\u0131nda uygulan\u0131r<br \/>\nTemizleme: Kurumam\u0131\u015f Butyrub beyaz ispirtolu malzeme ve ara\u00e7lar ile temizlenebilir. Kurumu\u015f dolgu malzemesi ise mekanik olarak \u00e7\u0131kar\u0131labilir.<br \/>\nSonland\u0131rma: Sabunlu su ile<br \/>\nOnar\u0131m: Butyrub ile<\/span><\/div>\n<\/div>\n<\/div>\n","protected":false},"excerpt":{"rendered":"<p><span id=\"ctl00_ContentPlaceHolder1_omschrijving\">Butyrub, polib\u00fcten bazl\u0131, daima plastik tek bile\u015fenli dolgu malzemesidir.<\/span><\/p>\n","protected":false},"featured_media":3374,"comment_status":"open","ping_status":"closed","template":"","meta":[],"product_brand":[],"product_cat":[238],"product_tag":[354],"class_list":{"0":"post-3373","1":"product","2":"type-product","3":"status-publish","4":"has-post-thumbnail","6":"product_cat-mastikler-2","7":"product_tag-butyrub","9":"first","10":"instock","11":"taxable","12":"shipping-taxable","13":"product-type-simple"},"_links":{"self":[{"href":"https:\/\/timeksyalitim.com.tr\/home\/wp-json\/wp\/v2\/product\/3373","targetHints":{"allow":["GET"]}}],"collection":[{"href":"https:\/\/timeksyalitim.com.tr\/home\/wp-json\/wp\/v2\/product"}],"about":[{"href":"https:\/\/timeksyalitim.com.tr\/home\/wp-json\/wp\/v2\/types\/product"}],"replies":[{"embeddable":true,"href":"https:\/\/timeksyalitim.com.tr\/home\/wp-json\/wp\/v2\/comments?post=3373"}],"wp:featuredmedia":[{"embeddable":true,"href":"https:\/\/timeksyalitim.com.tr\/home\/wp-json\/wp\/v2\/media\/3374"}],"wp:attachment":[{"href":"https:\/\/timeksyalitim.com.tr\/home\/wp-json\/wp\/v2\/media?parent=3373"}],"wp:term":[{"taxonomy":"product_brand","embeddable":true,"href":"https:\/\/timeksyalitim.com.tr\/home\/wp-json\/wp\/v2\/product_brand?post=3373"},{"taxonomy":"product_cat","embeddable":true,"href":"https:\/\/timeksyalitim.com.tr\/home\/wp-json\/wp\/v2\/product_cat?post=3373"},{"taxonomy":"product_tag","embeddable":true,"href":"https:\/\/timeksyalitim.com.tr\/home\/wp-json\/wp\/v2\/product_tag?post=3373"}],"curies":[{"name":"wp","href":"https:\/\/api.w.org\/{rel}","templated":true}]}}