{"id":3375,"date":"2022-11-24T15:34:39","date_gmt":"2022-11-24T12:34:39","guid":{"rendered":"http:\/\/timeksyalitim.com.tr\/home\/?post_type=product&#038;p=3375"},"modified":"2022-11-24T15:35:49","modified_gmt":"2022-11-24T12:35:49","slug":"soudal-soudafalt","status":"publish","type":"product","link":"https:\/\/timeksyalitim.com.tr\/home\/product\/soudal-soudafalt\/","title":{"rendered":"Soudal Soudafalt"},"content":{"rendered":"<div class=\"titel\">\n<div class=\"titel\">\n<div class=\"titel\">\n<div class=\"titel\"><strong><span id=\"ctl00_ContentPlaceHolder1_omschrijvingLBL\">TANIM<\/span><\/strong><\/div>\n<div class=\"tekst\"><span id=\"ctl00_ContentPlaceHolder1_omschrijving\">Soudafalt, tek bile\u015fenli, kullan\u0131ma haz\u0131r, bit\u00fcm(zift) bazl\u0131 derz dolgu malzemesidir.<\/span><\/div>\n<div class=\"titel\"><strong><span id=\"ctl00_ContentPlaceHolder1_eigenschappenLBL\">\u00d6ZELLIKLER<\/span><\/strong><\/div>\n<div class=\"tekst\"><span id=\"ctl00_ContentPlaceHolder1_eigenschappen\">&#8211; \u00c7ok kolay uygulan\u0131r<br \/>\n&#8211; Bit\u00fcml\u00fc malzemelere iyi yap\u0131\u015fma.<br \/>\n&#8211; Su alt\u0131nda bile bir\u00e7ok malzemeye iyi yap\u0131\u015fma.<br \/>\n&#8211; M\u00fckemmel \u00e7\u00f6kme direnci<\/span><\/div>\n<div class=\"titel\"><strong><span id=\"ctl00_ContentPlaceHolder1_toepassingenLBL\">UYGULAMALAR<\/span><\/strong><\/div>\n<div class=\"tekst\"><span id=\"ctl00_ContentPlaceHolder1_toepassingen\">&#8211; Maksimum hareketi %10 olan birle\u015fme noktalar\u0131(derz) i\u00e7in s\u0131zd\u0131rmazl\u0131k uygulamalar\u0131nda<br \/>\n&#8211; \u00c7at\u0131 elemanlar\u0131, \u00e7at\u0131 oluklar\u0131 ve kanalizasyon borular\u0131nda s\u0131zd\u0131rmazl\u0131k i\u00e7in tamir \u00fcr\u00fcn\u00fc<br \/>\n&#8211; Her t\u00fcrl\u00fc \u00e7at\u0131 kaplamas\u0131 i\u00e7in so\u011fuk yap\u0131\u015ft\u0131r\u0131c\u0131<br \/>\n&#8211; Ya\u011fmurlu havalarda dahi acil onar\u0131m<\/span><\/div>\n<div class=\"titel\"><\/div>\n<div class=\"tekst\"><\/div>\n<div class=\"titel\"><strong><span id=\"ctl00_ContentPlaceHolder1_gebruiksaanwijzingLBL\">KULLANIM UYARILARI<\/span><\/strong><\/div>\n<div class=\"tekst\"><span id=\"ctl00_ContentPlaceHolder1_gebruiksaanwijzing\">Y\u00f6ntem: Derz dolgu tabancas\u0131<br \/>\nUygulama s\u0131cakl\u0131\u011f\u0131: +1\u00b0C +30\u00b0C aras\u0131<br \/>\nTemizleme: Kullan\u0131mdan hemen sonra beyaz ispirto ile<br \/>\nSonland\u0131rma: Doku olu\u015fumundan \u00f6nce, sabunlu \u00e7\u00f6zelti ile<br \/>\nOnar\u0131m: Soudafalt ile<\/span><\/div>\n<\/div>\n<\/div>\n<\/div>\n","protected":false},"excerpt":{"rendered":"<p><span id=\"ctl00_ContentPlaceHolder1_omschrijving\">Soudafalt, tek bile\u015fenli, kullan\u0131ma haz\u0131r, bit\u00fcm(zift) bazl\u0131 derz dolgu malzemesidir.<\/span><\/p>\n","protected":false},"featured_media":3376,"comment_status":"open","ping_status":"closed","template":"","meta":[],"product_brand":[],"product_cat":[238],"product_tag":[355],"class_list":{"0":"post-3375","1":"product","2":"type-product","3":"status-publish","4":"has-post-thumbnail","6":"product_cat-mastikler-2","7":"product_tag-soudafalt","9":"first","10":"instock","11":"taxable","12":"shipping-taxable","13":"product-type-simple"},"_links":{"self":[{"href":"https:\/\/timeksyalitim.com.tr\/home\/wp-json\/wp\/v2\/product\/3375","targetHints":{"allow":["GET"]}}],"collection":[{"href":"https:\/\/timeksyalitim.com.tr\/home\/wp-json\/wp\/v2\/product"}],"about":[{"href":"https:\/\/timeksyalitim.com.tr\/home\/wp-json\/wp\/v2\/types\/product"}],"replies":[{"embeddable":true,"href":"https:\/\/timeksyalitim.com.tr\/home\/wp-json\/wp\/v2\/comments?post=3375"}],"wp:featuredmedia":[{"embeddable":true,"href":"https:\/\/timeksyalitim.com.tr\/home\/wp-json\/wp\/v2\/media\/3376"}],"wp:attachment":[{"href":"https:\/\/timeksyalitim.com.tr\/home\/wp-json\/wp\/v2\/media?parent=3375"}],"wp:term":[{"taxonomy":"product_brand","embeddable":true,"href":"https:\/\/timeksyalitim.com.tr\/home\/wp-json\/wp\/v2\/product_brand?post=3375"},{"taxonomy":"product_cat","embeddable":true,"href":"https:\/\/timeksyalitim.com.tr\/home\/wp-json\/wp\/v2\/product_cat?post=3375"},{"taxonomy":"product_tag","embeddable":true,"href":"https:\/\/timeksyalitim.com.tr\/home\/wp-json\/wp\/v2\/product_tag?post=3375"}],"curies":[{"name":"wp","href":"https:\/\/api.w.org\/{rel}","templated":true}]}}