{"id":3387,"date":"2022-11-24T16:21:35","date_gmt":"2022-11-24T13:21:35","guid":{"rendered":"http:\/\/timeksyalitim.com.tr\/home\/?post_type=product&#038;p=3387"},"modified":"2022-11-24T16:24:18","modified_gmt":"2022-11-24T13:24:18","slug":"soudal-soudafoam-comfort","status":"publish","type":"product","link":"https:\/\/timeksyalitim.com.tr\/home\/product\/soudal-soudafoam-comfort\/","title":{"rendered":"Soudal Soudafoam Comfort"},"content":{"rendered":"<div class=\"titel\">\n<div class=\"titel\">\n<div class=\"titel\">\n<div class=\"titel\">\n<div class=\"titel\">\n<div class=\"titel\">\n<div class=\"titel\">\n<div class=\"titel\">\n<div class=\"titel\">\n<div class=\"titel\"><strong><span id=\"ctl00_ContentPlaceHolder1_omschrijvingLBL\">TANIM<\/span><\/strong><\/div>\n<div class=\"tekst\"><span id=\"ctl00_ContentPlaceHolder1_omschrijving\">Soudafoam Comfort, kullan\u0131ma haz\u0131r, tek bile\u015fenli, kendinden yap\u0131\u015fkanl\u0131 poli\u00fcretan k\u00f6p\u00fck. Patentli ak\u0131ll\u0131 tabanca sistemi(Genius Gun system) sayesinde poli\u00fcretan k\u00f6p\u00fck uygulamas\u0131 \u00e7ok kolay ve hassas hale gelir. K\u0131smen kullan\u0131lan teneke kutunun birka\u00e7 hafta boyunca tekrar uygulanabilir olmas\u0131 i\u00e7in kal\u0131ptan basma pipeti kullan\u0131m sonras\u0131 kapat\u0131labilir.<\/span><\/div>\n<div class=\"titel\"><strong><span id=\"ctl00_ContentPlaceHolder1_eigenschappenLBL\">\u00d6ZELLIKLER<\/span><\/strong><\/div>\n<div class=\"tekst\"><span id=\"ctl00_ContentPlaceHolder1_eigenschappen\">&#8211; M\u00fckemmel boyutsal kararl\u0131l\u0131k \u2013 b\u00fcz\u00fclme ve art-geni\u015fleme yok.<br \/>\n&#8211; M\u00fckemmel bo\u015fluk doldurma \u00f6zelli\u011fi<br \/>\n&#8211; T\u00fcm yap\u0131 y\u00fczeyleri \u00fczerinde m\u00fckemmel yap\u0131\u015fma \u00f6zelli\u011fi (PE, PP ve PTFE hari\u00e7)<br \/>\n&#8211; Termal ve akustik anlamda y\u00fcksek izolasyon de\u011ferleri.<br \/>\n&#8211; M\u00fckemmel kurulum performans\u0131.<\/span><\/div>\n<div class=\"titel\"><strong><span id=\"ctl00_ContentPlaceHolder1_toepassingenLBL\">UYGULAMALAR<\/span><\/strong><\/div>\n<div class=\"tekst\"><span id=\"ctl00_ContentPlaceHolder1_toepassingen\">&#8211; Kap\u0131 ve pencere \u00e7er\u00e7eveleri montaj\u0131<br \/>\n&#8211; Bo\u015fluk doldurma.<br \/>\n&#8211; \u00c7at\u0131 konstr\u00fcksiyonlar\u0131nda s\u0131zd\u0131rmazl\u0131k sa\u011flanmas\u0131, bo\u015fluk ve a\u00e7\u0131kl\u0131klar\u0131n doldurulmas\u0131.<br \/>\n&#8211; Akustik ekran olu\u015fturulmas\u0131<br \/>\n&#8211; Bir ses yal\u0131t\u0131m\u0131 tabakas\u0131 olu\u015fturulmas\u0131.<br \/>\n&#8211; So\u011fuk depolama tesislerinde izolasyon iyile\u015ftirilmesi<br \/>\n&#8211; Di\u011fer t\u00fcm yayg\u0131n poli\u00fcretan k\u00f6p\u00fck uygulamalar\u0131<\/span><\/div>\n<div class=\"titel\"><\/div>\n<div class=\"tekst\"><\/div>\n<div class=\"titel\"><strong><span id=\"ctl00_ContentPlaceHolder1_gebruiksaanwijzingLBL\">KULLANIM UYARILARI<\/span><\/strong><\/div>\n<div class=\"tekst\"><span id=\"ctl00_ContentPlaceHolder1_gebruiksaanwijzing\">Teneke kutuyu yakla\u015f\u0131k 30 dk \u00e7alkalay\u0131n\u0131z. \u00dcst kapa\u011f\u0131n\u0131 a\u00e7\u0131n ve belirtilen \u015fekilde eldiven giyin. Aplikat\u00f6r t\u00fcp\u00fcn\u00fc dik konuma getirin.<br \/>\nTemiz ve ya\u011f ve tozdan ar\u0131nd\u0131r\u0131lm\u0131\u015f olmas\u0131 gereken y\u00fczeye hafif\u00e7e su p\u00fcsk\u00fcrt\u00fcn.<br \/>\nKutuyu etraf\u0131nda d\u00f6nd\u00fcr\u00fcn ve tetik \u00fczerine bas\u0131\u00e7 uygulayarak k\u00f6p\u00fc\u011f\u00fc bas\u0131n.<br \/>\nK\u00f6p\u00fck sertle\u015fme i\u015flemi s\u0131ras\u0131nda geni\u015flemeye devam edece\u011fi i\u00e7in bo\u015fluklar\u0131 %30-40 oran\u0131nda doldurun.<br \/>\nUygulama boyunca kutuyu d\u00fczenli olarak \u00e7alkalay\u0131n.<br \/>\nK\u00f6p\u00fck \u00e7ok say\u0131da levhaya uygulanacaksa, her k\u00f6p\u00fck tabakas\u0131 aras\u0131n\u0131 nemlendirin. Uygulama sonunda, kapama tapas\u0131 ile aplikat\u00f6r t\u00fcp\u00fcn kapa\u011f\u0131n\u0131 kapat\u0131n ve tutucunun i\u00e7ine itin. Kapa\u011f\u0131n\u0131 kapat\u0131n.<br \/>\nE\u011fer do\u011fru kapat\u0131ld\u0131ysa, kutu 6 haftaya kadar tekrar kullan\u0131labilir.<br \/>\nSertle\u015fmemi\u015f k\u00f6p\u00fck, k\u00f6p\u00fck temizleyicisi veya aseton ile temizlenebilir. Sertle\u015fmi\u015f k\u00f6p\u00fck yaln\u0131zca mekanik olarak temizlenebilir.<br \/>\nUygulama s\u0131cakl\u0131\u011f\u0131: +5\u00b0C +30\u00b0C aras\u0131<\/span><\/div>\n<\/div>\n<\/div>\n<\/div>\n<\/div>\n<\/div>\n<\/div>\n<\/div>\n<\/div>\n<\/div>\n","protected":false},"excerpt":{"rendered":"<p><span id=\"ctl00_ContentPlaceHolder1_omschrijving\">Soudafoam Comfort, kullan\u0131ma haz\u0131r, tek bile\u015fenli, kendinden yap\u0131\u015fkanl\u0131 poli\u00fcretan k\u00f6p\u00fck. <\/span><\/p>\n","protected":false},"featured_media":3388,"comment_status":"open","ping_status":"closed","template":"","meta":[],"product_brand":[],"product_cat":[238],"product_tag":[361],"class_list":{"0":"post-3387","1":"product","2":"type-product","3":"status-publish","4":"has-post-thumbnail","6":"product_cat-mastikler-2","7":"product_tag-soudafoam-comfort","9":"first","10":"instock","11":"taxable","12":"shipping-taxable","13":"product-type-simple"},"_links":{"self":[{"href":"https:\/\/timeksyalitim.com.tr\/home\/wp-json\/wp\/v2\/product\/3387","targetHints":{"allow":["GET"]}}],"collection":[{"href":"https:\/\/timeksyalitim.com.tr\/home\/wp-json\/wp\/v2\/product"}],"about":[{"href":"https:\/\/timeksyalitim.com.tr\/home\/wp-json\/wp\/v2\/types\/product"}],"replies":[{"embeddable":true,"href":"https:\/\/timeksyalitim.com.tr\/home\/wp-json\/wp\/v2\/comments?post=3387"}],"wp:featuredmedia":[{"embeddable":true,"href":"https:\/\/timeksyalitim.com.tr\/home\/wp-json\/wp\/v2\/media\/3388"}],"wp:attachment":[{"href":"https:\/\/timeksyalitim.com.tr\/home\/wp-json\/wp\/v2\/media?parent=3387"}],"wp:term":[{"taxonomy":"product_brand","embeddable":true,"href":"https:\/\/timeksyalitim.com.tr\/home\/wp-json\/wp\/v2\/product_brand?post=3387"},{"taxonomy":"product_cat","embeddable":true,"href":"https:\/\/timeksyalitim.com.tr\/home\/wp-json\/wp\/v2\/product_cat?post=3387"},{"taxonomy":"product_tag","embeddable":true,"href":"https:\/\/timeksyalitim.com.tr\/home\/wp-json\/wp\/v2\/product_tag?post=3387"}],"curies":[{"name":"wp","href":"https:\/\/api.w.org\/{rel}","templated":true}]}}