{"id":3394,"date":"2022-11-25T13:34:17","date_gmt":"2022-11-25T10:34:17","guid":{"rendered":"http:\/\/timeksyalitim.com.tr\/home\/?post_type=product&#038;p=3394"},"modified":"2022-11-25T14:37:32","modified_gmt":"2022-11-25T11:37:32","slug":"bonus-xps-plus","status":"publish","type":"product","link":"https:\/\/timeksyalitim.com.tr\/home\/product\/bonus-xps-plus\/","title":{"rendered":"Bonus XPS Plus"},"content":{"rendered":"<p><strong>Bonus XPS Plus\u00a0<\/strong>\u0131s\u0131 yal\u0131t\u0131m levhalar\u0131, binan\u0131n duvar, kolon ve kiri\u015flerinde d\u0131\u015far\u0131dan, sonradan d\u00fcbellenerek yap\u0131\u015ft\u0131r\u0131lan levhalard\u0131r. Y\u00fczeyinin p\u00fcr\u00fczl\u00fc ve kanall\u0131 \u00f6zelli\u011fi s\u0131va tutuculu\u011funu art\u0131rmakta, m\u00fckemmel bir uygulama sunmaktad\u0131r.\u00a0<strong>Bonus XPS Plus\u00a0<\/strong>\u0131s\u0131 yal\u0131t\u0131m levhalar\u0131, 20 mm &#8211; 150 mm kal\u0131nl\u0131klar\u0131nda, 600 mm x 1.200 mm ebad\u0131nda \u00fcretilmektedir.<\/p>\n<p>*20 mm&#8217;lik \u00fcr\u00fcnler p\u00fcr\u00fczl\u00fc, kanals\u0131z, binisiz olarak \u00fcretilmektedir. 120 ve 150 mm&#8217;lik \u00fcr\u00fcnler binisiz olarak \u00fcretilmektedir.<\/p>\n<div class=\"table__wrapper\">[wpdm_package id=&#8217;3397&#8242;]<\/div>\n","protected":false},"excerpt":{"rendered":"<p><strong>Bonus XPS Plus\u00a0<\/strong>\u0131s\u0131 yal\u0131t\u0131m levhalar\u0131, binan\u0131n duvar, kolon ve kiri\u015flerinde d\u0131\u015far\u0131dan, sonradan d\u00fcbellenerek yap\u0131\u015ft\u0131r\u0131lan levhalard\u0131r.<\/p>\n","protected":false},"featured_media":3417,"comment_status":"open","ping_status":"closed","template":"","meta":[],"product_brand":[],"product_cat":[170],"product_tag":[363,209],"class_list":{"0":"post-3394","1":"product","2":"type-product","3":"status-publish","4":"has-post-thumbnail","6":"product_cat-levha-xps","7":"product_tag-bonus-xps-plus","8":"product_tag-xps","10":"first","11":"instock","12":"taxable","13":"shipping-taxable","14":"product-type-simple"},"_links":{"self":[{"href":"https:\/\/timeksyalitim.com.tr\/home\/wp-json\/wp\/v2\/product\/3394","targetHints":{"allow":["GET"]}}],"collection":[{"href":"https:\/\/timeksyalitim.com.tr\/home\/wp-json\/wp\/v2\/product"}],"about":[{"href":"https:\/\/timeksyalitim.com.tr\/home\/wp-json\/wp\/v2\/types\/product"}],"replies":[{"embeddable":true,"href":"https:\/\/timeksyalitim.com.tr\/home\/wp-json\/wp\/v2\/comments?post=3394"}],"wp:featuredmedia":[{"embeddable":true,"href":"https:\/\/timeksyalitim.com.tr\/home\/wp-json\/wp\/v2\/media\/3417"}],"wp:attachment":[{"href":"https:\/\/timeksyalitim.com.tr\/home\/wp-json\/wp\/v2\/media?parent=3394"}],"wp:term":[{"taxonomy":"product_brand","embeddable":true,"href":"https:\/\/timeksyalitim.com.tr\/home\/wp-json\/wp\/v2\/product_brand?post=3394"},{"taxonomy":"product_cat","embeddable":true,"href":"https:\/\/timeksyalitim.com.tr\/home\/wp-json\/wp\/v2\/product_cat?post=3394"},{"taxonomy":"product_tag","embeddable":true,"href":"https:\/\/timeksyalitim.com.tr\/home\/wp-json\/wp\/v2\/product_tag?post=3394"}],"curies":[{"name":"wp","href":"https:\/\/api.w.org\/{rel}","templated":true}]}}